{"id":1358,"date":"2021-06-03T14:58:25","date_gmt":"2021-06-03T14:58:25","guid":{"rendered":"https:\/\/demo.creativethemes.com\/blocksy\/persona\/?page_id=11"},"modified":"2023-05-12T15:27:14","modified_gmt":"2023-05-12T13:27:14","slug":"blog","status":"publish","type":"page","link":"https:\/\/kelterborn-crafts.com\/cz\/blog\/","title":{"rendered":"Blog"},"content":{"rendered":"<div data-elementor-type=\"wp-page\" data-elementor-id=\"1358\" class=\"elementor elementor-1358\">\n\t\t\t\t<div class=\"elementor-element elementor-element-beddc3b e-flex e-con-boxed e-con e-parent\" data-id=\"beddc3b\" data-element_type=\"container\" data-e-type=\"container\">\n\t\t\t\t\t<div class=\"e-con-inner\">\n\t\t<div class=\"elementor-element elementor-element-e84971a e-con-full e-flex e-con e-parent\" data-id=\"e84971a\" data-element_type=\"container\" data-e-type=\"container\">\n\t\t\t\t<div class=\"elementor-element elementor-element-e8039a8 elementor-widget elementor-widget-text-editor\" data-id=\"e8039a8\" data-element_type=\"widget\" data-e-type=\"widget\" data-widget_type=\"text-editor.default\">\n\t\t\t\t<div class=\"elementor-widget-container\">\n\t\t\t\t\t\t\t\t\t<h3>Kategorie \u010dl\u00e1nk\u016f<\/h3><p><a href=\"https:\/\/kelterborn-crafts.com\/cz\/category\/crafting\/\">\u0158emeslo<\/a><\/p>\t\t\t\t\t\t\t\t<\/div>\n\t\t\t\t<\/div>\n\t\t\t\t<\/div>\n\t\t<div class=\"elementor-element elementor-element-437f507 e-con-full e-flex e-con e-parent\" data-id=\"437f507\" data-element_type=\"container\" data-e-type=\"container\">\n\t\t\t\t<div class=\"elementor-element elementor-element-1cad168 elementor-widget elementor-widget-spacer\" data-id=\"1cad168\" data-element_type=\"widget\" data-e-type=\"widget\" data-widget_type=\"spacer.default\">\n\t\t\t\t<div class=\"elementor-widget-container\">\n\t\t\t\t\t\t\t<div class=\"elementor-spacer\">\n\t\t\t<div class=\"elementor-spacer-inner\"><\/div>\n\t\t<\/div>\n\t\t\t\t\t\t<\/div>\n\t\t\t\t<\/div>\n\t\t\t\t<div class=\"elementor-element elementor-element-e80e930 elementor-widget__width-initial elementor-widget elementor-widget-image\" data-id=\"e80e930\" data-element_type=\"widget\" data-e-type=\"widget\" data-widget_type=\"image.default\">\n\t\t\t\t<div class=\"elementor-widget-container\">\n\t\t\t\t\t\t\t\t\t\t\t\t\t\t\t<img decoding=\"async\" width=\"106\" height=\"283\" src=\"https:\/\/kelterborn-crafts.com\/wp-content\/uploads\/2023\/02\/oddelovniky-dub-vert.png\" class=\"attachment-large size-large wp-image-2357\" alt=\"\" srcset=\"https:\/\/kelterborn-crafts.com\/wp-content\/uploads\/2023\/02\/oddelovniky-dub-vert.png 106w, https:\/\/kelterborn-crafts.com\/wp-content\/uploads\/2023\/02\/oddelovniky-dub-vert-4x12.png 4w\" sizes=\"(max-width: 106px) 100vw, 106px\" \/>\t\t\t\t\t\t\t\t\t\t\t\t\t\t\t<\/div>\n\t\t\t\t<\/div>\n\t\t\t\t<\/div>\n\t\t<div class=\"elementor-element elementor-element-ae3cedc e-con-full e-flex e-con e-parent\" data-id=\"ae3cedc\" data-element_type=\"container\" data-e-type=\"container\">\n\t\t\t\t<div class=\"elementor-element elementor-element-7654175 elementor-widget elementor-widget-elementskit-blog-posts\" data-id=\"7654175\" data-element_type=\"widget\" data-e-type=\"widget\" data-widget_type=\"elementskit-blog-posts.default\">\n\t\t\t\t<div class=\"elementor-widget-container\">\n\t\t\t\t\t<div class=\"ekit-wid-con\" >        <div id=\"post-items--7654175\" class=\"row post-items\">\n                    <div class=\"col-md-12\">\n\n                                    <div class=\"elementskit-blog-block-post\">\n                        <div class=\"row no-gutters\">\n                                                            <div class=\"col-md-6 order-1\">\n                                    <a href=\"https:\/\/kelterborn-crafts.com\/cz\/making-leather-bracelets\/\" class=\"elementskit-entry-thumb\">\n                                        <img decoding=\"async\" src=\"https:\/\/kelterborn-crafts.com\/wp-content\/uploads\/2023\/04\/making-bracelets-09-768x346.jpg\" alt=\"Making Leather Bracelets\">\n                                    <\/a><!-- .elementskit-entry-thumb END -->\n                                <\/div>\n                            \n                            <div class=\"col-md-6 order-2\">\n                                <div class=\"elementskit-post-body\">\n                                    <div class=\"elementskit-entry-header\">\n                                        \n                                                                                            \t\t\t\t\t                                            \n                                            \n                                                                                            \t\t\t\t<h2 class=\"entry-title\">\n\t\t\t\t\t<a href=\"https:\/\/kelterborn-crafts.com\/cz\/making-leather-bracelets\/\">\n\t\t\t\t\t\tV\u00fdroba ko\u017een\u00fdch n\u00e1ramk\u016f\t\t\t\t\t<\/a>\n\t\t\t\t<\/h2>\n\t\t\t                                                                                <\/div><!-- .elementskit-entry-header END -->\n\n                                                                            <div class=\"elementskit-post-footer\">\n                                                                                            <p>Ahoj! Poj\u010fme se dneska pod\u00edvat, jak vyr\u00e1b\u00edm ko\u017een\u00e9 n\u00e1ramky. Z\u00e1kladn\u00ed materi\u00e1l je hov\u011bz\u00ed t\u0159\u00edslo\u010din\u011bn\u00e1 k\u016f\u017ee o tlou\u0161\u0165ce 1,6 - 2 mm. Prvn\u00ed, mo\u017en\u00e1 nej...<\/p>\n                                                                                                                                <\/div><!-- .elementskit-post-footer END -->\n                                                                    <\/div><!-- .elementskit-post-body END -->\n                            <\/div>\n                        <\/div>\n                    <\/div><!-- .elementskit-blog-block-post .radius .gradient-bg END -->\n                \n            <\/div>\n                <\/div>\n       <\/div>\t\t\t\t<\/div>\n\t\t\t\t<\/div>\n\t\t\t\t<\/div>\n\t\t\t\t\t<\/div>\n\t\t\t\t<\/div>\n\t\t<div class=\"elementor-element elementor-element-ba5554e e-flex e-con-boxed e-con e-parent\" data-id=\"ba5554e\" data-element_type=\"container\" data-e-type=\"container\">\n\t\t\t\t\t<div class=\"e-con-inner\">\n\t\t<div class=\"elementor-element elementor-element-03a5746 e-con-full e-flex e-con e-parent\" data-id=\"03a5746\" data-element_type=\"container\" data-e-type=\"container\">\n\t\t\t\t<\/div>\n\t\t<div class=\"elementor-element elementor-element-db5beb9 e-con-full e-flex e-con e-parent\" data-id=\"db5beb9\" data-element_type=\"container\" data-e-type=\"container\">\n\t\t\t\t<\/div>\n\t\t\t\t\t<\/div>\n\t\t\t\t<\/div>\n\t\t\t\t<\/div>","protected":false},"excerpt":{"rendered":"<p>Pellentesque tincidunt tristique neque, eget venenatis enim gravida quis. Fusce at egestas libero. Cras convallis egestas ullamcorper suspens.<\/p>","protected":false},"author":1,"featured_media":0,"parent":0,"menu_order":0,"comment_status":"closed","ping_status":"closed","template":"","meta":{"footnotes":""},"class_list":["post-1358","page","type-page","status-publish","hentry"],"blocksy_meta":{"styles_descriptor":{"styles":{"desktop":"","tablet":"","mobile":""},"google_fonts":[],"version":6}},"yoast_head":"<!-- This site is optimized with the Yoast SEO plugin v27.3 - https:\/\/yoast.com\/product\/yoast-seo-wordpress\/ -->\n<title>Blog - Kelterborn Crafts<\/title>\n<meta name=\"robots\" content=\"index, follow, max-snippet:-1, max-image-preview:large, max-video-preview:-1\" \/>\n<link rel=\"canonical\" href=\"https:\/\/kelterborn-crafts.com\/cz\/blog\/\" \/>\n<meta property=\"og:locale\" content=\"cs_CZ\" \/>\n<meta property=\"og:type\" content=\"article\" \/>\n<meta property=\"og:title\" content=\"Blog - Kelterborn Crafts\" \/>\n<meta property=\"og:description\" content=\"Pellentesque tincidunt tristique neque, eget venenatis enim gravida quis. Fusce at egestas libero. Cras convallis egestas ullamcorper suspens.\" \/>\n<meta property=\"og:url\" content=\"https:\/\/kelterborn-crafts.com\/cz\/blog\/\" \/>\n<meta property=\"og:site_name\" content=\"Kelterborn Crafts\" \/>\n<meta property=\"article:publisher\" content=\"https:\/\/www.facebook.com\/KelterbornCrafts\" \/>\n<meta property=\"article:modified_time\" content=\"2023-05-12T13:27:14+00:00\" \/>\n<meta property=\"og:image\" content=\"https:\/\/kelterborn-crafts.com\/wp-content\/uploads\/2023\/02\/oddelovniky-dub-vert.png\" \/>\n<meta name=\"twitter:card\" content=\"summary_large_image\" \/>\n<script type=\"application\/ld+json\" class=\"yoast-schema-graph\">{\"@context\":\"https:\\\/\\\/schema.org\",\"@graph\":[{\"@type\":\"WebPage\",\"@id\":\"https:\\\/\\\/kelterborn-crafts.com\\\/blog\\\/\",\"url\":\"https:\\\/\\\/kelterborn-crafts.com\\\/blog\\\/\",\"name\":\"Blog - Kelterborn Crafts\",\"isPartOf\":{\"@id\":\"https:\\\/\\\/kelterborn-crafts.com\\\/#website\"},\"primaryImageOfPage\":{\"@id\":\"https:\\\/\\\/kelterborn-crafts.com\\\/blog\\\/#primaryimage\"},\"image\":{\"@id\":\"https:\\\/\\\/kelterborn-crafts.com\\\/blog\\\/#primaryimage\"},\"thumbnailUrl\":\"https:\\\/\\\/kelterborn-crafts.com\\\/wp-content\\\/uploads\\\/2023\\\/02\\\/oddelovniky-dub-vert.png\",\"datePublished\":\"2021-06-03T14:58:25+00:00\",\"dateModified\":\"2023-05-12T13:27:14+00:00\",\"breadcrumb\":{\"@id\":\"https:\\\/\\\/kelterborn-crafts.com\\\/blog\\\/#breadcrumb\"},\"inLanguage\":\"cs\",\"potentialAction\":[{\"@type\":\"ReadAction\",\"target\":[\"https:\\\/\\\/kelterborn-crafts.com\\\/blog\\\/\"]}]},{\"@type\":\"ImageObject\",\"inLanguage\":\"cs\",\"@id\":\"https:\\\/\\\/kelterborn-crafts.com\\\/blog\\\/#primaryimage\",\"url\":\"https:\\\/\\\/kelterborn-crafts.com\\\/wp-content\\\/uploads\\\/2023\\\/02\\\/oddelovniky-dub-vert.png\",\"contentUrl\":\"https:\\\/\\\/kelterborn-crafts.com\\\/wp-content\\\/uploads\\\/2023\\\/02\\\/oddelovniky-dub-vert.png\"},{\"@type\":\"BreadcrumbList\",\"@id\":\"https:\\\/\\\/kelterborn-crafts.com\\\/blog\\\/#breadcrumb\",\"itemListElement\":[{\"@type\":\"ListItem\",\"position\":1,\"name\":\"Home\",\"item\":\"https:\\\/\\\/kelterborn-crafts.com\\\/\"},{\"@type\":\"ListItem\",\"position\":2,\"name\":\"Blog\"}]},{\"@type\":\"WebSite\",\"@id\":\"https:\\\/\\\/kelterborn-crafts.com\\\/#website\",\"url\":\"https:\\\/\\\/kelterborn-crafts.com\\\/\",\"name\":\"Kelterborn Crafts\",\"description\":\"Handmade Heathen Products\",\"publisher\":{\"@id\":\"https:\\\/\\\/kelterborn-crafts.com\\\/#organization\"},\"potentialAction\":[{\"@type\":\"SearchAction\",\"target\":{\"@type\":\"EntryPoint\",\"urlTemplate\":\"https:\\\/\\\/kelterborn-crafts.com\\\/?s={search_term_string}\"},\"query-input\":{\"@type\":\"PropertyValueSpecification\",\"valueRequired\":true,\"valueName\":\"search_term_string\"}}],\"inLanguage\":\"cs\"},{\"@type\":\"Organization\",\"@id\":\"https:\\\/\\\/kelterborn-crafts.com\\\/#organization\",\"name\":\"Kelterborn Crafts\",\"alternateName\":\"Kelterborn\",\"url\":\"https:\\\/\\\/kelterborn-crafts.com\\\/\",\"logo\":{\"@type\":\"ImageObject\",\"inLanguage\":\"cs\",\"@id\":\"https:\\\/\\\/kelterborn-crafts.com\\\/#\\\/schema\\\/logo\\\/image\\\/\",\"url\":\"https:\\\/\\\/kelterborn-crafts.com\\\/wp-content\\\/uploads\\\/2024\\\/01\\\/Kelterborn-crafts-logo-black.png\",\"contentUrl\":\"https:\\\/\\\/kelterborn-crafts.com\\\/wp-content\\\/uploads\\\/2024\\\/01\\\/Kelterborn-crafts-logo-black.png\",\"width\":738,\"height\":346,\"caption\":\"Kelterborn Crafts\"},\"image\":{\"@id\":\"https:\\\/\\\/kelterborn-crafts.com\\\/#\\\/schema\\\/logo\\\/image\\\/\"},\"sameAs\":[\"https:\\\/\\\/www.facebook.com\\\/KelterbornCrafts\",\"https:\\\/\\\/www.instagram.com\\\/kelterborn_crafts\\\/\",\"https:\\\/\\\/pinterest.com\\\/kelterborncrafts\\\/\"]}]}<\/script>\n<!-- \/ Yoast SEO plugin. -->","yoast_head_json":{"title":"Blog - Kelterborn Crafts","robots":{"index":"index","follow":"follow","max-snippet":"max-snippet:-1","max-image-preview":"max-image-preview:large","max-video-preview":"max-video-preview:-1"},"canonical":"https:\/\/kelterborn-crafts.com\/cz\/blog\/","og_locale":"cs_CZ","og_type":"article","og_title":"Blog - Kelterborn Crafts","og_description":"Pellentesque tincidunt tristique neque, eget venenatis enim gravida quis. Fusce at egestas libero. Cras convallis egestas ullamcorper suspens.","og_url":"https:\/\/kelterborn-crafts.com\/cz\/blog\/","og_site_name":"Kelterborn Crafts","article_publisher":"https:\/\/www.facebook.com\/KelterbornCrafts","article_modified_time":"2023-05-12T13:27:14+00:00","og_image":[{"url":"https:\/\/kelterborn-crafts.com\/wp-content\/uploads\/2023\/02\/oddelovniky-dub-vert.png","type":"","width":"","height":""}],"twitter_card":"summary_large_image","schema":{"@context":"https:\/\/schema.org","@graph":[{"@type":"WebPage","@id":"https:\/\/kelterborn-crafts.com\/blog\/","url":"https:\/\/kelterborn-crafts.com\/blog\/","name":"Blog - Kelterborn Crafts","isPartOf":{"@id":"https:\/\/kelterborn-crafts.com\/#website"},"primaryImageOfPage":{"@id":"https:\/\/kelterborn-crafts.com\/blog\/#primaryimage"},"image":{"@id":"https:\/\/kelterborn-crafts.com\/blog\/#primaryimage"},"thumbnailUrl":"https:\/\/kelterborn-crafts.com\/wp-content\/uploads\/2023\/02\/oddelovniky-dub-vert.png","datePublished":"2021-06-03T14:58:25+00:00","dateModified":"2023-05-12T13:27:14+00:00","breadcrumb":{"@id":"https:\/\/kelterborn-crafts.com\/blog\/#breadcrumb"},"inLanguage":"cs","potentialAction":[{"@type":"ReadAction","target":["https:\/\/kelterborn-crafts.com\/blog\/"]}]},{"@type":"ImageObject","inLanguage":"cs","@id":"https:\/\/kelterborn-crafts.com\/blog\/#primaryimage","url":"https:\/\/kelterborn-crafts.com\/wp-content\/uploads\/2023\/02\/oddelovniky-dub-vert.png","contentUrl":"https:\/\/kelterborn-crafts.com\/wp-content\/uploads\/2023\/02\/oddelovniky-dub-vert.png"},{"@type":"BreadcrumbList","@id":"https:\/\/kelterborn-crafts.com\/blog\/#breadcrumb","itemListElement":[{"@type":"ListItem","position":1,"name":"Home","item":"https:\/\/kelterborn-crafts.com\/"},{"@type":"ListItem","position":2,"name":"Blog"}]},{"@type":"WebSite","@id":"https:\/\/kelterborn-crafts.com\/#website","url":"https:\/\/kelterborn-crafts.com\/","name":"Kelterborn Crafts","description":"Handmade Heathen Products","publisher":{"@id":"https:\/\/kelterborn-crafts.com\/#organization"},"potentialAction":[{"@type":"SearchAction","target":{"@type":"EntryPoint","urlTemplate":"https:\/\/kelterborn-crafts.com\/?s={search_term_string}"},"query-input":{"@type":"PropertyValueSpecification","valueRequired":true,"valueName":"search_term_string"}}],"inLanguage":"cs"},{"@type":"Organization","@id":"https:\/\/kelterborn-crafts.com\/#organization","name":"Kelterborn Crafts","alternateName":"Kelterborn","url":"https:\/\/kelterborn-crafts.com\/","logo":{"@type":"ImageObject","inLanguage":"cs","@id":"https:\/\/kelterborn-crafts.com\/#\/schema\/logo\/image\/","url":"https:\/\/kelterborn-crafts.com\/wp-content\/uploads\/2024\/01\/Kelterborn-crafts-logo-black.png","contentUrl":"https:\/\/kelterborn-crafts.com\/wp-content\/uploads\/2024\/01\/Kelterborn-crafts-logo-black.png","width":738,"height":346,"caption":"Kelterborn Crafts"},"image":{"@id":"https:\/\/kelterborn-crafts.com\/#\/schema\/logo\/image\/"},"sameAs":["https:\/\/www.facebook.com\/KelterbornCrafts","https:\/\/www.instagram.com\/kelterborn_crafts\/","https:\/\/pinterest.com\/kelterborncrafts\/"]}]}},"jetpack_sharing_enabled":true,"_links":{"self":[{"href":"https:\/\/kelterborn-crafts.com\/cz\/wp-json\/wp\/v2\/pages\/1358","targetHints":{"allow":["GET"]}}],"collection":[{"href":"https:\/\/kelterborn-crafts.com\/cz\/wp-json\/wp\/v2\/pages"}],"about":[{"href":"https:\/\/kelterborn-crafts.com\/cz\/wp-json\/wp\/v2\/types\/page"}],"author":[{"embeddable":true,"href":"https:\/\/kelterborn-crafts.com\/cz\/wp-json\/wp\/v2\/users\/1"}],"replies":[{"embeddable":true,"href":"https:\/\/kelterborn-crafts.com\/cz\/wp-json\/wp\/v2\/comments?post=1358"}],"version-history":[{"count":0,"href":"https:\/\/kelterborn-crafts.com\/cz\/wp-json\/wp\/v2\/pages\/1358\/revisions"}],"wp:attachment":[{"href":"https:\/\/kelterborn-crafts.com\/cz\/wp-json\/wp\/v2\/media?parent=1358"}],"curies":[{"name":"wp","href":"https:\/\/api.w.org\/{rel}","templated":true}]}}