{"id":1685,"date":"2022-10-16T21:31:09","date_gmt":"2022-10-16T19:31:09","guid":{"rendered":"https:\/\/kelterborn-crafts.com\/?page_id=1685"},"modified":"2025-02-10T18:29:21","modified_gmt":"2025-02-10T17:29:21","slug":"aly","status":"publish","type":"page","link":"https:\/\/kelterborn-crafts.com\/cz\/about-us\/aly\/","title":{"rendered":"Aly"},"content":{"rendered":"<div data-elementor-type=\"wp-page\" data-elementor-id=\"1685\" class=\"elementor elementor-1685\">\n\t\t\t\t<div class=\"elementor-element elementor-element-f3b2581 e-flex e-con-boxed e-con e-parent\" data-id=\"f3b2581\" data-element_type=\"container\" data-e-type=\"container\">\n\t\t\t\t\t<div class=\"e-con-inner\">\n\t\t\t\t<div class=\"elementor-element elementor-element-e5935c8 elementor-widget elementor-widget-heading\" data-id=\"e5935c8\" data-element_type=\"widget\" data-e-type=\"widget\" data-widget_type=\"heading.default\">\n\t\t\t\t<div class=\"elementor-widget-container\">\n\t\t\t\t\t<h2 class=\"elementor-heading-title elementor-size-default\">About Aly<\/h2>\t\t\t\t<\/div>\n\t\t\t\t<\/div>\n\t\t\t\t\t<\/div>\n\t\t\t\t<\/div>\n\t\t\t\t<section class=\"elementor-section elementor-top-section elementor-element elementor-element-3ba68d62 elementor-section-boxed elementor-section-height-default elementor-section-height-default\" data-id=\"3ba68d62\" data-element_type=\"section\" data-e-type=\"section\">\n\t\t\t\t\t\t<div class=\"elementor-container elementor-column-gap-default\">\n\t\t\t\t\t<div class=\"elementor-column elementor-col-100 elementor-top-column elementor-element elementor-element-7e788124\" data-id=\"7e788124\" data-element_type=\"column\" data-e-type=\"column\">\n\t\t\t<div class=\"elementor-widget-wrap elementor-element-populated\">\n\t\t\t\t\t\t\t<\/div>\n\t\t<\/div>\n\t\t\t\t\t<\/div>\n\t\t<\/section>\n\t\t<div class=\"elementor-element elementor-element-189f2e4 e-flex e-con-boxed e-con e-parent\" data-id=\"189f2e4\" data-element_type=\"container\" data-e-type=\"container\">\n\t\t\t\t\t<div class=\"e-con-inner\">\n\t\t<div class=\"elementor-element elementor-element-3bc0919 e-con-full e-flex e-con e-child\" data-id=\"3bc0919\" data-element_type=\"container\" data-e-type=\"container\">\n\t\t\t\t<div class=\"elementor-element elementor-element-3fb1144 elementor-widget elementor-widget-image\" data-id=\"3fb1144\" data-element_type=\"widget\" data-e-type=\"widget\" data-widget_type=\"image.default\">\n\t\t\t\t<div class=\"elementor-widget-container\">\n\t\t\t\t\t\t\t\t\t\t\t\t\t\t\t<img fetchpriority=\"high\" decoding=\"async\" width=\"560\" height=\"1024\" src=\"https:\/\/kelterborn-crafts.com\/wp-content\/uploads\/2022\/10\/aly_foto_bobrava-560x1024.jpg\" class=\"attachment-large size-large wp-image-1693\" alt=\"about\" srcset=\"https:\/\/kelterborn-crafts.com\/wp-content\/uploads\/2022\/10\/aly_foto_bobrava-560x1024.jpg 560w, https:\/\/kelterborn-crafts.com\/wp-content\/uploads\/2022\/10\/aly_foto_bobrava-600x1097.jpg 600w, https:\/\/kelterborn-crafts.com\/wp-content\/uploads\/2022\/10\/aly_foto_bobrava-164x300.jpg 164w, https:\/\/kelterborn-crafts.com\/wp-content\/uploads\/2022\/10\/aly_foto_bobrava-768x1404.jpg 768w, https:\/\/kelterborn-crafts.com\/wp-content\/uploads\/2022\/10\/aly_foto_bobrava-840x1536.jpg 840w, https:\/\/kelterborn-crafts.com\/wp-content\/uploads\/2022\/10\/aly_foto_bobrava.jpg 900w\" sizes=\"(max-width: 560px) 100vw, 560px\" \/>\t\t\t\t\t\t\t\t\t\t\t\t\t\t\t<\/div>\n\t\t\t\t<\/div>\n\t\t\t\t<\/div>\n\t\t\t\t<div class=\"elementor-element elementor-element-aceb97f elementor-widget elementor-widget-spacer\" data-id=\"aceb97f\" data-element_type=\"widget\" data-e-type=\"widget\" data-widget_type=\"spacer.default\">\n\t\t\t\t<div class=\"elementor-widget-container\">\n\t\t\t\t\t\t\t<div class=\"elementor-spacer\">\n\t\t\t<div class=\"elementor-spacer-inner\"><\/div>\n\t\t<\/div>\n\t\t\t\t\t\t<\/div>\n\t\t\t\t<\/div>\n\t\t<div class=\"elementor-element elementor-element-fe2b622 e-con-full e-flex e-con e-child\" data-id=\"fe2b622\" data-element_type=\"container\" data-e-type=\"container\">\n\t\t<div class=\"elementor-element elementor-element-01345f4 e-flex e-con-boxed e-con e-child\" data-id=\"01345f4\" data-element_type=\"container\" data-e-type=\"container\">\n\t\t\t\t\t<div class=\"e-con-inner\">\n\t\t\t\t<div class=\"elementor-element elementor-element-43a692b elementor-widget elementor-widget-text-editor\" data-id=\"43a692b\" data-element_type=\"widget\" data-e-type=\"widget\" data-widget_type=\"text-editor.default\">\n\t\t\t\t<div class=\"elementor-widget-container\">\n\t\t\t\t\t\t\t\t\t<p>Hello \ud83d\ude42 I\u00b4m called Aly. I\u00b4m thirty-something years old and I\u2019m a self-taught crafter from the Czech Republic, and I have been focused on the nordic paganism for last five years.<\/p>\n<p>Regarding my pagan journey, I work with Elder Futhark and I enjoy creating bindrunes. I\u00b4m interested in nordic and celtic mythology and use my knowledge in art and crafting. But my pagan interests reach far beyond that: I tried shamanic journeys, participated in rituals in nature (or led them) and have some hard-to-believe experiences. <\/p>\n<p>\u00a0<\/p>\n<p>In a small group of ten-or-so similarly-minded people, we celebrate the holidays of the Wheel of the Year. Not all of as are nordic pagans, though \u2013 we combine celtic, slavic and nordic aspects of paganism. We are also part of a bigger pagan community in city of Brno.<\/p>\n<p>\u00a0<\/p>\t\t\t\t\t\t\t\t<\/div>\n\t\t\t\t<\/div>\n\t\t\t\t\t<\/div>\n\t\t\t\t<\/div>\n\t\t\t\t<\/div>\n\t\t\t\t\t<\/div>\n\t\t\t\t<\/div>\n\t\t<div class=\"elementor-element elementor-element-6b9be47 e-flex e-con-boxed e-con e-parent\" data-id=\"6b9be47\" data-element_type=\"container\" data-e-type=\"container\">\n\t\t\t\t\t<div class=\"e-con-inner\">\n\t\t\t\t<div class=\"elementor-element elementor-element-a4ffd2c elementor-widget elementor-widget-spacer\" data-id=\"a4ffd2c\" data-element_type=\"widget\" data-e-type=\"widget\" data-widget_type=\"spacer.default\">\n\t\t\t\t<div class=\"elementor-widget-container\">\n\t\t\t\t\t\t\t<div class=\"elementor-spacer\">\n\t\t\t<div class=\"elementor-spacer-inner\"><\/div>\n\t\t<\/div>\n\t\t\t\t\t\t<\/div>\n\t\t\t\t<\/div>\n\t\t\t\t\t<\/div>\n\t\t\t\t<\/div>\n\t\t<div class=\"elementor-element elementor-element-83f9d4a e-flex e-con-boxed e-con e-parent\" data-id=\"83f9d4a\" data-element_type=\"container\" data-e-type=\"container\">\n\t\t\t\t\t<div class=\"e-con-inner\">\n\t\t<div class=\"elementor-element elementor-element-c72a2ef e-con-full e-flex e-con e-child\" data-id=\"c72a2ef\" data-element_type=\"container\" data-e-type=\"container\">\n\t\t\t\t<div class=\"elementor-element elementor-element-d28c4f8 elementor-widget elementor-widget-text-editor\" data-id=\"d28c4f8\" data-element_type=\"widget\" data-e-type=\"widget\" data-widget_type=\"text-editor.default\">\n\t\t\t\t<div class=\"elementor-widget-container\">\n\t\t\t\t\t\t\t\t\t<p>Besides crafting, I love to walk in the forest, draw and I do fireshows in my free time. I also love swimming, snowboarding, horse riding and reading books, but there\u00b4s never enough time to do all of that.<\/p>\n<p>I also share some hobbies with my beloved husband, Mefisto. I mean, besides crafting, hiking, nature and paganism. We passionate motocycle riders. We each have a chopper and love traveling Europe. My longest trip was actually our honeymoon, the most epic journey from Czech Republic to Finland and back. You wouldn\u00b4t believe how many adventures we had during this 5000 km long trip.<\/p>\n<p>We also share love for cats. We have four of them \u2013 two bengal and two russian blue cats. And you don\u00b4t get bored with four cats as crazy as these. Never.<\/p>\t\t\t\t\t\t\t\t<\/div>\n\t\t\t\t<\/div>\n\t\t\t\t<\/div>\n\t\t\t\t<div class=\"elementor-element elementor-element-0fd7abd elementor-widget__width-initial elementor-widget elementor-widget-spacer\" data-id=\"0fd7abd\" data-element_type=\"widget\" data-e-type=\"widget\" data-widget_type=\"spacer.default\">\n\t\t\t\t<div class=\"elementor-widget-container\">\n\t\t\t\t\t\t\t<div class=\"elementor-spacer\">\n\t\t\t<div class=\"elementor-spacer-inner\"><\/div>\n\t\t<\/div>\n\t\t\t\t\t\t<\/div>\n\t\t\t\t<\/div>\n\t\t<div class=\"elementor-element elementor-element-6f79347 e-con-full e-flex e-con e-child\" data-id=\"6f79347\" data-element_type=\"container\" data-e-type=\"container\">\n\t\t\t\t<div class=\"elementor-element elementor-element-08c78f6 elementor-widget elementor-widget-image\" data-id=\"08c78f6\" data-element_type=\"widget\" data-e-type=\"widget\" data-widget_type=\"image.default\">\n\t\t\t\t<div class=\"elementor-widget-container\">\n\t\t\t\t\t\t\t\t\t\t\t\t\t\t\t<img decoding=\"async\" width=\"682\" height=\"1024\" src=\"https:\/\/kelterborn-crafts.com\/wp-content\/uploads\/2023\/11\/67734029_1242282102600170_1687218150648578048_n-682x1024.jpg\" class=\"attachment-large size-large wp-image-4165\" alt=\"\" srcset=\"https:\/\/kelterborn-crafts.com\/wp-content\/uploads\/2023\/11\/67734029_1242282102600170_1687218150648578048_n-682x1024.jpg 682w, https:\/\/kelterborn-crafts.com\/wp-content\/uploads\/2023\/11\/67734029_1242282102600170_1687218150648578048_n-600x900.jpg 600w, https:\/\/kelterborn-crafts.com\/wp-content\/uploads\/2023\/11\/67734029_1242282102600170_1687218150648578048_n-200x300.jpg 200w, https:\/\/kelterborn-crafts.com\/wp-content\/uploads\/2023\/11\/67734029_1242282102600170_1687218150648578048_n-768x1152.jpg 768w, https:\/\/kelterborn-crafts.com\/wp-content\/uploads\/2023\/11\/67734029_1242282102600170_1687218150648578048_n-1024x1536.jpg 1024w, https:\/\/kelterborn-crafts.com\/wp-content\/uploads\/2023\/11\/67734029_1242282102600170_1687218150648578048_n-8x12.jpg 8w, https:\/\/kelterborn-crafts.com\/wp-content\/uploads\/2023\/11\/67734029_1242282102600170_1687218150648578048_n.jpg 1353w\" sizes=\"(max-width: 682px) 100vw, 682px\" \/>\t\t\t\t\t\t\t\t\t\t\t\t\t\t\t<\/div>\n\t\t\t\t<\/div>\n\t\t\t\t<\/div>\n\t\t\t\t\t<\/div>\n\t\t\t\t<\/div>\n\t\t<div class=\"elementor-element elementor-element-008b98a e-flex e-con-boxed e-con e-parent\" data-id=\"008b98a\" data-element_type=\"container\" data-e-type=\"container\">\n\t\t\t\t\t<div class=\"e-con-inner\">\n\t\t<div class=\"elementor-element elementor-element-54052f8 e-con-full e-flex e-con e-child\" data-id=\"54052f8\" data-element_type=\"container\" data-e-type=\"container\">\n\t\t\t\t<\/div>\n\t\t<div class=\"elementor-element elementor-element-35d6867 e-con-full e-flex e-con e-child\" data-id=\"35d6867\" data-element_type=\"container\" data-e-type=\"container\">\n\t\t\t\t<\/div>\n\t\t<div class=\"elementor-element elementor-element-6d6536a e-con-full e-flex e-con e-child\" data-id=\"6d6536a\" data-element_type=\"container\" data-e-type=\"container\">\n\t\t\t\t<div class=\"elementor-element elementor-element-236e4ac elementor-widget elementor-widget-image\" data-id=\"236e4ac\" data-element_type=\"widget\" data-e-type=\"widget\" data-widget_type=\"image.default\">\n\t\t\t\t<div class=\"elementor-widget-container\">\n\t\t\t\t\t\t\t\t\t\t\t\t\t\t\t<img decoding=\"async\" width=\"680\" height=\"1024\" src=\"https:\/\/kelterborn-crafts.com\/wp-content\/uploads\/2023\/11\/ALY-ART-game_of_light_and_shadow_by_almieliandri_dbyfrlz-fullview-680x1024.jpg\" class=\"attachment-large size-large wp-image-4161\" alt=\"\" srcset=\"https:\/\/kelterborn-crafts.com\/wp-content\/uploads\/2023\/11\/ALY-ART-game_of_light_and_shadow_by_almieliandri_dbyfrlz-fullview-680x1024.jpg 680w, https:\/\/kelterborn-crafts.com\/wp-content\/uploads\/2023\/11\/ALY-ART-game_of_light_and_shadow_by_almieliandri_dbyfrlz-fullview-600x904.jpg 600w, https:\/\/kelterborn-crafts.com\/wp-content\/uploads\/2023\/11\/ALY-ART-game_of_light_and_shadow_by_almieliandri_dbyfrlz-fullview-199x300.jpg 199w, https:\/\/kelterborn-crafts.com\/wp-content\/uploads\/2023\/11\/ALY-ART-game_of_light_and_shadow_by_almieliandri_dbyfrlz-fullview-768x1157.jpg 768w, https:\/\/kelterborn-crafts.com\/wp-content\/uploads\/2023\/11\/ALY-ART-game_of_light_and_shadow_by_almieliandri_dbyfrlz-fullview-1020x1536.jpg 1020w, https:\/\/kelterborn-crafts.com\/wp-content\/uploads\/2023\/11\/ALY-ART-game_of_light_and_shadow_by_almieliandri_dbyfrlz-fullview-8x12.jpg 8w, https:\/\/kelterborn-crafts.com\/wp-content\/uploads\/2023\/11\/ALY-ART-game_of_light_and_shadow_by_almieliandri_dbyfrlz-fullview.jpg 1024w\" sizes=\"(max-width: 680px) 100vw, 680px\" \/>\t\t\t\t\t\t\t\t\t\t\t\t\t\t\t<\/div>\n\t\t\t\t<\/div>\n\t\t\t\t<\/div>\n\t\t\t\t<div class=\"elementor-element elementor-element-9f515cc elementor-widget elementor-widget-spacer\" data-id=\"9f515cc\" data-element_type=\"widget\" data-e-type=\"widget\" data-widget_type=\"spacer.default\">\n\t\t\t\t<div class=\"elementor-widget-container\">\n\t\t\t\t\t\t\t<div class=\"elementor-spacer\">\n\t\t\t<div class=\"elementor-spacer-inner\"><\/div>\n\t\t<\/div>\n\t\t\t\t\t\t<\/div>\n\t\t\t\t<\/div>\n\t\t<div class=\"elementor-element elementor-element-fad1925 e-con-full e-flex e-con e-child\" data-id=\"fad1925\" data-element_type=\"container\" data-e-type=\"container\">\n\t\t\t\t<div class=\"elementor-element elementor-element-c0e46f1 elementor-widget elementor-widget-text-editor\" data-id=\"c0e46f1\" data-element_type=\"widget\" data-e-type=\"widget\" data-widget_type=\"text-editor.default\">\n\t\t\t\t<div class=\"elementor-widget-container\">\n\t\t\t\t\t\t\t\t\t<p>My biggest inspiration regarding life journey are youtubers like Jonna Jinton or Kalle Flodin. They show us that it\u00b4s possible to make our living by doing what we love if we try hard enough. I have a degree in economy and have been working from 9 to 5 (plus another 5 hours overtime some days) for long seven years. But I decided for a different path and started this e-shop, hoping that you\u00b4ll like our products and help us to make a living out of it.<\/p>\n<p>My dream is to build a workshop in countryside where I can master our craft, start a family and get old and fat at the side of my dearest husband.<\/p>\t\t\t\t\t\t\t\t<\/div>\n\t\t\t\t<\/div>\n\t\t\t\t<\/div>\n\t\t\t\t\t<\/div>\n\t\t\t\t<\/div>\n\t\t\t\t<\/div>","protected":false},"excerpt":{"rendered":"<p>About Aly Hello \ud83d\ude42 I\u00b4m called Aly. I\u00b4m thirty-something years old and I\u2019m a self-taught crafter from the Czech Republic, and I have been focused on the nordic paganism for last five years. Regarding my pagan journey, I work with Elder Futhark and I enjoy creating bindrunes. I\u00b4m interested in nordic and celtic mythology and [&hellip;]<\/p>\n","protected":false},"author":1,"featured_media":0,"parent":835,"menu_order":0,"comment_status":"closed","ping_status":"closed","template":"","meta":{"footnotes":""},"class_list":["post-1685","page","type-page","status-publish","hentry"],"blocksy_meta":{"styles_descriptor":{"styles":{"desktop":"","tablet":"","mobile":""},"google_fonts":[],"version":6}},"yoast_head":"<!-- This site is optimized with the Yoast SEO plugin v27.3 - https:\/\/yoast.com\/product\/yoast-seo-wordpress\/ -->\n<title>Aly - Kelterborn Crafts<\/title>\n<meta name=\"robots\" content=\"index, follow, max-snippet:-1, max-image-preview:large, max-video-preview:-1\" \/>\n<link rel=\"canonical\" href=\"https:\/\/kelterborn-crafts.com\/cz\/about-us\/aly\/\" \/>\n<meta property=\"og:locale\" content=\"cs_CZ\" \/>\n<meta property=\"og:type\" content=\"article\" \/>\n<meta property=\"og:title\" content=\"Aly - Kelterborn Crafts\" \/>\n<meta property=\"og:description\" content=\"About Aly Hello \ud83d\ude42 I\u00b4m called Aly. I\u00b4m thirty-something years old and I\u2019m a self-taught crafter from the Czech Republic, and I have been focused on the nordic paganism for last five years. Regarding my pagan journey, I work with Elder Futhark and I enjoy creating bindrunes. I\u00b4m interested in nordic and celtic mythology and [&hellip;]\" \/>\n<meta property=\"og:url\" content=\"https:\/\/kelterborn-crafts.com\/cz\/about-us\/aly\/\" \/>\n<meta property=\"og:site_name\" content=\"Kelterborn Crafts\" \/>\n<meta property=\"article:publisher\" content=\"https:\/\/www.facebook.com\/KelterbornCrafts\" \/>\n<meta property=\"article:modified_time\" content=\"2025-02-10T17:29:21+00:00\" \/>\n<meta property=\"og:image\" content=\"https:\/\/kelterborn-crafts.com\/wp-content\/uploads\/2022\/10\/aly_foto_bobrava-560x1024.jpg\" \/>\n<meta name=\"twitter:card\" content=\"summary_large_image\" \/>\n<meta name=\"twitter:label1\" content=\"Odhadovan\u00e1 doba \u010dten\u00ed\" \/>\n\t<meta name=\"twitter:data1\" content=\"3 minuty\" \/>\n<script type=\"application\/ld+json\" class=\"yoast-schema-graph\">{\"@context\":\"https:\\\/\\\/schema.org\",\"@graph\":[{\"@type\":\"WebPage\",\"@id\":\"https:\\\/\\\/kelterborn-crafts.com\\\/cz\\\/about-us\\\/aly\\\/\",\"url\":\"https:\\\/\\\/kelterborn-crafts.com\\\/cz\\\/about-us\\\/aly\\\/\",\"name\":\"Aly - Kelterborn Crafts\",\"isPartOf\":{\"@id\":\"https:\\\/\\\/kelterborn-crafts.com\\\/#website\"},\"primaryImageOfPage\":{\"@id\":\"https:\\\/\\\/kelterborn-crafts.com\\\/cz\\\/about-us\\\/aly\\\/#primaryimage\"},\"image\":{\"@id\":\"https:\\\/\\\/kelterborn-crafts.com\\\/cz\\\/about-us\\\/aly\\\/#primaryimage\"},\"thumbnailUrl\":\"https:\\\/\\\/kelterborn-crafts.com\\\/wp-content\\\/uploads\\\/2022\\\/10\\\/aly_foto_bobrava-560x1024.jpg\",\"datePublished\":\"2022-10-16T19:31:09+00:00\",\"dateModified\":\"2025-02-10T17:29:21+00:00\",\"breadcrumb\":{\"@id\":\"https:\\\/\\\/kelterborn-crafts.com\\\/cz\\\/about-us\\\/aly\\\/#breadcrumb\"},\"inLanguage\":\"cs\",\"potentialAction\":[{\"@type\":\"ReadAction\",\"target\":[\"https:\\\/\\\/kelterborn-crafts.com\\\/cz\\\/about-us\\\/aly\\\/\"]}]},{\"@type\":\"ImageObject\",\"inLanguage\":\"cs\",\"@id\":\"https:\\\/\\\/kelterborn-crafts.com\\\/cz\\\/about-us\\\/aly\\\/#primaryimage\",\"url\":\"https:\\\/\\\/kelterborn-crafts.com\\\/wp-content\\\/uploads\\\/2022\\\/10\\\/aly_foto_bobrava-560x1024.jpg\",\"contentUrl\":\"https:\\\/\\\/kelterborn-crafts.com\\\/wp-content\\\/uploads\\\/2022\\\/10\\\/aly_foto_bobrava-560x1024.jpg\"},{\"@type\":\"BreadcrumbList\",\"@id\":\"https:\\\/\\\/kelterborn-crafts.com\\\/cz\\\/about-us\\\/aly\\\/#breadcrumb\",\"itemListElement\":[{\"@type\":\"ListItem\",\"position\":1,\"name\":\"Home\",\"item\":\"https:\\\/\\\/kelterborn-crafts.com\\\/\"},{\"@type\":\"ListItem\",\"position\":2,\"name\":\"About Us\",\"item\":\"https:\\\/\\\/kelterborn-crafts.com\\\/cz\\\/about-us\\\/\"},{\"@type\":\"ListItem\",\"position\":3,\"name\":\"Aly\"}]},{\"@type\":\"WebSite\",\"@id\":\"https:\\\/\\\/kelterborn-crafts.com\\\/#website\",\"url\":\"https:\\\/\\\/kelterborn-crafts.com\\\/\",\"name\":\"Kelterborn Crafts\",\"description\":\"Handmade Heathen Products\",\"publisher\":{\"@id\":\"https:\\\/\\\/kelterborn-crafts.com\\\/#organization\"},\"potentialAction\":[{\"@type\":\"SearchAction\",\"target\":{\"@type\":\"EntryPoint\",\"urlTemplate\":\"https:\\\/\\\/kelterborn-crafts.com\\\/?s={search_term_string}\"},\"query-input\":{\"@type\":\"PropertyValueSpecification\",\"valueRequired\":true,\"valueName\":\"search_term_string\"}}],\"inLanguage\":\"cs\"},{\"@type\":\"Organization\",\"@id\":\"https:\\\/\\\/kelterborn-crafts.com\\\/#organization\",\"name\":\"Kelterborn Crafts\",\"alternateName\":\"Kelterborn\",\"url\":\"https:\\\/\\\/kelterborn-crafts.com\\\/\",\"logo\":{\"@type\":\"ImageObject\",\"inLanguage\":\"cs\",\"@id\":\"https:\\\/\\\/kelterborn-crafts.com\\\/#\\\/schema\\\/logo\\\/image\\\/\",\"url\":\"https:\\\/\\\/kelterborn-crafts.com\\\/wp-content\\\/uploads\\\/2024\\\/01\\\/Kelterborn-crafts-logo-black.png\",\"contentUrl\":\"https:\\\/\\\/kelterborn-crafts.com\\\/wp-content\\\/uploads\\\/2024\\\/01\\\/Kelterborn-crafts-logo-black.png\",\"width\":738,\"height\":346,\"caption\":\"Kelterborn Crafts\"},\"image\":{\"@id\":\"https:\\\/\\\/kelterborn-crafts.com\\\/#\\\/schema\\\/logo\\\/image\\\/\"},\"sameAs\":[\"https:\\\/\\\/www.facebook.com\\\/KelterbornCrafts\",\"https:\\\/\\\/www.instagram.com\\\/kelterborn_crafts\\\/\",\"https:\\\/\\\/pinterest.com\\\/kelterborncrafts\\\/\"]}]}<\/script>\n<!-- \/ Yoast SEO plugin. -->","yoast_head_json":{"title":"Aly - Kelterborn Crafts","robots":{"index":"index","follow":"follow","max-snippet":"max-snippet:-1","max-image-preview":"max-image-preview:large","max-video-preview":"max-video-preview:-1"},"canonical":"https:\/\/kelterborn-crafts.com\/cz\/about-us\/aly\/","og_locale":"cs_CZ","og_type":"article","og_title":"Aly - Kelterborn Crafts","og_description":"About Aly Hello \ud83d\ude42 I\u00b4m called Aly. I\u00b4m thirty-something years old and I\u2019m a self-taught crafter from the Czech Republic, and I have been focused on the nordic paganism for last five years. Regarding my pagan journey, I work with Elder Futhark and I enjoy creating bindrunes. I\u00b4m interested in nordic and celtic mythology and [&hellip;]","og_url":"https:\/\/kelterborn-crafts.com\/cz\/about-us\/aly\/","og_site_name":"Kelterborn Crafts","article_publisher":"https:\/\/www.facebook.com\/KelterbornCrafts","article_modified_time":"2025-02-10T17:29:21+00:00","og_image":[{"url":"https:\/\/kelterborn-crafts.com\/wp-content\/uploads\/2022\/10\/aly_foto_bobrava-560x1024.jpg","type":"","width":"","height":""}],"twitter_card":"summary_large_image","twitter_misc":{"Odhadovan\u00e1 doba \u010dten\u00ed":"3 minuty"},"schema":{"@context":"https:\/\/schema.org","@graph":[{"@type":"WebPage","@id":"https:\/\/kelterborn-crafts.com\/cz\/about-us\/aly\/","url":"https:\/\/kelterborn-crafts.com\/cz\/about-us\/aly\/","name":"Aly - Kelterborn Crafts","isPartOf":{"@id":"https:\/\/kelterborn-crafts.com\/#website"},"primaryImageOfPage":{"@id":"https:\/\/kelterborn-crafts.com\/cz\/about-us\/aly\/#primaryimage"},"image":{"@id":"https:\/\/kelterborn-crafts.com\/cz\/about-us\/aly\/#primaryimage"},"thumbnailUrl":"https:\/\/kelterborn-crafts.com\/wp-content\/uploads\/2022\/10\/aly_foto_bobrava-560x1024.jpg","datePublished":"2022-10-16T19:31:09+00:00","dateModified":"2025-02-10T17:29:21+00:00","breadcrumb":{"@id":"https:\/\/kelterborn-crafts.com\/cz\/about-us\/aly\/#breadcrumb"},"inLanguage":"cs","potentialAction":[{"@type":"ReadAction","target":["https:\/\/kelterborn-crafts.com\/cz\/about-us\/aly\/"]}]},{"@type":"ImageObject","inLanguage":"cs","@id":"https:\/\/kelterborn-crafts.com\/cz\/about-us\/aly\/#primaryimage","url":"https:\/\/kelterborn-crafts.com\/wp-content\/uploads\/2022\/10\/aly_foto_bobrava-560x1024.jpg","contentUrl":"https:\/\/kelterborn-crafts.com\/wp-content\/uploads\/2022\/10\/aly_foto_bobrava-560x1024.jpg"},{"@type":"BreadcrumbList","@id":"https:\/\/kelterborn-crafts.com\/cz\/about-us\/aly\/#breadcrumb","itemListElement":[{"@type":"ListItem","position":1,"name":"Home","item":"https:\/\/kelterborn-crafts.com\/"},{"@type":"ListItem","position":2,"name":"About Us","item":"https:\/\/kelterborn-crafts.com\/cz\/about-us\/"},{"@type":"ListItem","position":3,"name":"Aly"}]},{"@type":"WebSite","@id":"https:\/\/kelterborn-crafts.com\/#website","url":"https:\/\/kelterborn-crafts.com\/","name":"Kelterborn Crafts","description":"Handmade Heathen Products","publisher":{"@id":"https:\/\/kelterborn-crafts.com\/#organization"},"potentialAction":[{"@type":"SearchAction","target":{"@type":"EntryPoint","urlTemplate":"https:\/\/kelterborn-crafts.com\/?s={search_term_string}"},"query-input":{"@type":"PropertyValueSpecification","valueRequired":true,"valueName":"search_term_string"}}],"inLanguage":"cs"},{"@type":"Organization","@id":"https:\/\/kelterborn-crafts.com\/#organization","name":"Kelterborn Crafts","alternateName":"Kelterborn","url":"https:\/\/kelterborn-crafts.com\/","logo":{"@type":"ImageObject","inLanguage":"cs","@id":"https:\/\/kelterborn-crafts.com\/#\/schema\/logo\/image\/","url":"https:\/\/kelterborn-crafts.com\/wp-content\/uploads\/2024\/01\/Kelterborn-crafts-logo-black.png","contentUrl":"https:\/\/kelterborn-crafts.com\/wp-content\/uploads\/2024\/01\/Kelterborn-crafts-logo-black.png","width":738,"height":346,"caption":"Kelterborn Crafts"},"image":{"@id":"https:\/\/kelterborn-crafts.com\/#\/schema\/logo\/image\/"},"sameAs":["https:\/\/www.facebook.com\/KelterbornCrafts","https:\/\/www.instagram.com\/kelterborn_crafts\/","https:\/\/pinterest.com\/kelterborncrafts\/"]}]}},"jetpack_sharing_enabled":true,"_links":{"self":[{"href":"https:\/\/kelterborn-crafts.com\/cz\/wp-json\/wp\/v2\/pages\/1685","targetHints":{"allow":["GET"]}}],"collection":[{"href":"https:\/\/kelterborn-crafts.com\/cz\/wp-json\/wp\/v2\/pages"}],"about":[{"href":"https:\/\/kelterborn-crafts.com\/cz\/wp-json\/wp\/v2\/types\/page"}],"author":[{"embeddable":true,"href":"https:\/\/kelterborn-crafts.com\/cz\/wp-json\/wp\/v2\/users\/1"}],"replies":[{"embeddable":true,"href":"https:\/\/kelterborn-crafts.com\/cz\/wp-json\/wp\/v2\/comments?post=1685"}],"version-history":[{"count":18,"href":"https:\/\/kelterborn-crafts.com\/cz\/wp-json\/wp\/v2\/pages\/1685\/revisions"}],"predecessor-version":[{"id":5109,"href":"https:\/\/kelterborn-crafts.com\/cz\/wp-json\/wp\/v2\/pages\/1685\/revisions\/5109"}],"up":[{"embeddable":true,"href":"https:\/\/kelterborn-crafts.com\/cz\/wp-json\/wp\/v2\/pages\/835"}],"wp:attachment":[{"href":"https:\/\/kelterborn-crafts.com\/cz\/wp-json\/wp\/v2\/media?parent=1685"}],"curies":[{"name":"wp","href":"https:\/\/api.w.org\/{rel}","templated":true}]}}