{"id":3,"date":"2022-09-29T13:40:12","date_gmt":"2022-09-29T13:40:12","guid":{"rendered":"http:\/\/kelterborn-crafts.com\/?page_id=3"},"modified":"2024-01-23T18:05:45","modified_gmt":"2024-01-23T17:05:45","slug":"privacy-policy","status":"publish","type":"page","link":"https:\/\/kelterborn-crafts.com\/cz\/privacy-policy\/","title":{"rendered":"Z\u00e1sady ochrany osobn\u00edch \u00fadaj\u016f"},"content":{"rendered":"<div data-elementor-type=\"wp-page\" data-elementor-id=\"3\" class=\"elementor elementor-3\">\n\t\t\t\t\t\t<section class=\"elementor-section elementor-top-section elementor-element elementor-element-7a57e833 elementor-section-boxed elementor-section-height-default elementor-section-height-default\" data-id=\"7a57e833\" data-element_type=\"section\" data-e-type=\"section\">\n\t\t\t\t\t\t<div class=\"elementor-container elementor-column-gap-default\">\n\t\t\t\t\t<div class=\"elementor-column elementor-col-100 elementor-top-column elementor-element elementor-element-5aab3c9e\" data-id=\"5aab3c9e\" data-element_type=\"column\" data-e-type=\"column\">\n\t\t\t<div class=\"elementor-widget-wrap elementor-element-populated\">\n\t\t\t\t\t\t<div class=\"elementor-element elementor-element-6e7b0bb2 elementor-widget elementor-widget-text-editor\" data-id=\"6e7b0bb2\" data-element_type=\"widget\" data-e-type=\"widget\" data-widget_type=\"text-editor.default\">\n\t\t\t\t<div class=\"elementor-widget-container\">\n\t\t\t\t\t\t\t\t\t<h2 style=\"text-align: center;\">Z\u00e1sady ochrany osobn\u00edch \u00fadaj\u016f<\/h2><p>Tyto Z\u00e1sady ochrany osobn\u00edch \u00fadaj\u016f popisuj\u00ed z\u00e1sady dodr\u017eovan\u00e9 Kelterborn Crafts,<\/p><p>Ing. Kate\u0159ina Kelterborn<\/p><p>Tu\u010dkova 919\/28<\/p><p>Brno 60200<\/p><p>\u010cesk\u00e1 republika<\/p><p>email: <a href=\"mailto:info@kelterborn-crafts.com\">info@kelterborn-crafts.com<\/a><\/p><p>p\u0159i sb\u011bru, pou\u017eit\u00ed a nakl\u00e1d\u00e1n\u00ed s Va\u0161imi informacemi, kter\u00e9 sb\u00edr\u00e1me p\u0159i pou\u017eit\u00ed na\u0161\u00ed webov\u00e9 str\u00e1nky (https:\/\/kelterborn-crafts.com) (\u201eSlu\u017eba\u201c). N\u00e1v\u0161t\u011bvou na\u0161ich str\u00e1nek souhlas\u00edte se sb\u011brem a pou\u017eit\u00edm Va\u0161ich informac\u00ed v souladu s t\u011bmito Z\u00e1sadami ochrany osobn\u00edch \u00fadaj\u016f. Pokud s t\u00edm nesouhlas\u00edte, pros\u00edme, nepou\u017e\u00edvejte tuto Slu\u017ebu.<\/p><p>Tyto Z\u00e1sady ochrany osobn\u00edch \u00fadaj\u016f mohou b\u00fdt bez p\u0159edchoz\u00edho upozorn\u011bn\u00ed zm\u011bn\u011bny. V\u00e1\u0161 opakuj\u00edc\u00ed se p\u0159\u00edstup ke Slu\u017eb\u011b p\u0159edpokl\u00e1d\u00e1 souhlas s revidovan\u00fdmi Z\u00e1sadami ochrany osobn\u00edch \u00fadaj\u016f. Proto doporu\u010dujeme kontrolov\u00e1n\u00ed t\u00e9to str\u00e1nky pravideln\u011b.<\/p><h4 class=\"western\">Informace, kter\u00e9 sb\u00edr\u00e1me<\/h4><p>Sb\u00edr\u00e1me a zpracov\u00e1v\u00e1me n\u00e1sleduj\u00edc\u00ed informace o V\u00e1s:<\/p><ul><li style=\"list-style-type: none;\"><ul><li><p>Jm\u00e9no<\/p><\/li><li><p>Email<\/p><\/li><li><p>Telefonn\u00ed \u010d\u00edslo<\/p><\/li><li><p>Adresa<\/p><\/li><\/ul><\/li><\/ul><h4 class=\"western\">Jak o V\u00e1s sb\u00edr\u00e1me informace<\/h4><p>Sb\u00edr\u00e1me\/p\u0159ij\u00edm\u00e1me informace o V\u00e1s n\u00e1sleduj\u00edc\u00edmi zp\u016fsoby:<\/p><ul><li style=\"list-style-type: none;\"><ul><li><p>Kdy\u017e u\u017eivatel vypln\u00ed registra\u010dn\u00ed nebo kontaktn\u00ed formul\u00e1\u0159, nebo vypln\u00ed sv\u00e9 osobn\u00ed informace jinde<\/p><\/li><li><p>Kdy\u017e nav\u0161t\u00edv\u00ed na\u0161i webovou str\u00e1nku<\/p><\/li><li><p>Z ve\u0159ejn\u00fdch zdroj\u016f<\/p><\/li><\/ul><\/li><\/ul><h4 class=\"western\">Jak pou\u017e\u00edv\u00e1me informace o V\u00e1s<\/h4><p>Informace o V\u00e1s vyu\u017e\u00edv\u00e1me k n\u00e1sleduj\u00edc\u00edm \u00fa\u010del\u016fm:<\/p><ul><li style=\"list-style-type: none;\"><ul><li><p>Vytvo\u0159en\u00ed u\u017eivatelsk\u00e9ho \u00fa\u010dtu<\/p><\/li><li><p>Sb\u011br z\u00e1kaznick\u00fdch hodnocen\u00ed<\/p><\/li><li><p>Odpov\u00edd\u00e1n\u00ed na ot\u00e1zky z\u00e1kazn\u00edka<\/p><\/li><li><p>Zpracov\u00e1n\u00ed platby<\/p><\/li><li><p>Zpracov\u00e1n\u00ed z\u00e1kazn\u00edkovy objedn\u00e1vky<\/p><\/li><li><p>Veden\u00ed u\u017eivatelsk\u00e9ho \u00fa\u010dtu<\/p><\/li><li>Sledov\u00e1n\u00ed n\u00e1v\u0161t\u011bvnosti webov\u00fdch str\u00e1nek<\/li><\/ul><\/li><\/ul><p>Pokud budeme cht\u00edt pou\u017e\u00edt Va\u0161e informace k jin\u00fdm ne\u017e v\u00fd\u0161e zm\u00edn\u011bn\u00fdm zp\u016fsob\u016fm, zept\u00e1me se V\u00e1s a informace pou\u017eijeme pouze k V\u00e1mi schv\u00e1len\u00fdm \u00fa\u010del\u016fm, pokud n\u00e1m z\u00e1kon nep\u0159ikazuje jinak.<\/p><h4 class=\"western\">Jak sd\u00edl\u00edme informace o V\u00e1s<\/h4><p>Nep\u0159ed\u00e1v\u00e1me Va\u0161e osobn\u00ed informace \u017e\u00e1dn\u00e9 t\u0159et\u00ed stran\u011b bez Va\u0161eho souhlasu, s v\u00fdjimkou poskytnut\u00ed za \u00fa\u010delem anal\u00fdzy, a to za omezen\u00fdch podm\u00ednek.<\/p><p>Pro tyto \u00fa\u010dely pot\u0159ebujeme zapojen\u00ed t\u0159et\u00ed strany, kter\u00e1 je pou\u017eije pouze za dan\u00fdm \u00fa\u010delem a neuchov\u00e1v\u00e1 je d\u00e9le ne\u017e na dobu nezbytn\u011b nutnou ke spln\u011bn\u00ed \u00fa\u010delu<\/p><p>Va\u0161e osobn\u00ed informace m\u016f\u017eeme tak\u00e9 sd\u00edlet za n\u00e1sleduj\u00edc\u00edch okolnost\u00ed: (1) abychom uposlechli z\u00e1kon, regulace, soudn\u00ed na\u0159\u00edzen\u00ed nebo jin\u00fd pr\u00e1vn\u00ed proces; (2) k vym\u00e1h\u00e1n\u00ed spln\u011bn\u00ed p\u0159ede\u0161l\u00e9 dohody s V\u00e1mi, nebo (3) k reakci na tvrzen\u00ed, \u017ee Slu\u017eba poru\u0161uje pr\u00e1va jak\u00e9koli t\u0159et\u00ed strany. Pokud se Slu\u017eba, nebo na\u0161e spole\u010dnost, slou\u010d\u00ed nebo je p\u0159evzata jinou spole\u010dnost\u00ed, Va\u0161e informace budou jedn\u00edm z aktiv, kter\u00e1 budou p\u0159evedena nov\u00e9mu vlastn\u00edkovi.<\/p><h4 class=\"western\">Uchov\u00e1n\u00ed informac\u00ed o V\u00e1s<\/h4><p>Va\u0161e osobn\u00ed informace uchov\u00e1v\u00e1me od 90ti dn\u00ed a\u017e po dva roky po tom, co si u\u017eivatel zru\u0161\u00ed sv\u016fj \u00fa\u010det nebo jak dlouho je pot\u0159eba, aby byly napln\u011bny pot\u0159eby stanoven\u00e9 v t\u011bchto Z\u00e1sad\u00e1ch o ochran\u011b osobn\u00edch \u00fadaj\u016f. M\u016f\u017ee se st\u00e1t, \u017ee budeme muset uchov\u00e1vat jist\u00e9 informace po del\u0161\u00ed dobu kv\u016fli archivaci a reportingu tak, jak na\u0159izuje z\u00e1kon, nebo z jin\u00fdch d\u016fvod\u016f jako vym\u00e1h\u00e1n\u00ed pr\u00e1v, prevence podvodu apod. \nAnonymn\u00ed informace a souhrnn\u00e9 (agreg\u00e1tn\u00ed) informace, z nich\u017e \u017e\u00e1dn\u00e9 neidentifikuj\u00ed (p\u0159\u00edmo i nep\u0159\u00edmo) V\u00e1s jako osobu, mohou b\u00fdt skladov\u00e1ny v\u011b\u010dn\u011b.<\/p><h4 class=\"western\">Va\u0161e pr\u00e1va<\/h4><p>M\u00e1te pr\u00e1vo na zp\u0159\u00edstupn\u011bn\u00ed, opravu \u010di vymaz\u00e1n\u00ed Va\u0161ich osobn\u00edch dat nebo vy\u017e\u00e1dat si kopii Va\u0161ich osobn\u00edch dat, omezit nebo m\u00edt n\u00e1mitky k aktivn\u00edmu zpracov\u00e1n\u00ed Va\u0161ich dat, po\u017e\u00e1dat n\u00e1s o sd\u00edlen\u00ed Va\u0161ich dat jin\u00e9 entit\u011b, st\u00e1hnout jak\u00fdkoli souhlas, kter\u00fd jste n\u00e1m poskytli ke zpracov\u00e1n\u00ed dat, a pr\u00e1vo vzn\u00e9st st\u00ed\u017enost k z\u00e1konem dan\u00e9 autorit\u011b. K uplatn\u011bn\u00ed t\u011bchto pr\u00e1v n\u00e1m napi\u0161te na email info@kelterborn-crafts.com a my V\u00e1m vyhov\u00edme ve shod\u011b se z\u00e1konem.<\/p><p>Pokud n\u00e1m nedovol\u00edte sb\u00edrat a zpracovat Va\u0161e osobn\u00ed informace nebo st\u00e1hnete souhlas dan\u00fd k jejich zpracov\u00e1n\u00ed, nebudete moci vyu\u017e\u00edvat slu\u017eby, kter\u00e9 jejich zpracov\u00e1n\u00ed vy\u017eaduje.<\/p><h4 class=\"western\">Cookies<\/h4><p>Ke zm\u011bn\u011b nastaven\u00ed Cookies klikn\u011bte na zelenou ikonku na lev\u00e9 spodn\u00ed stran\u011b obrazovky.<\/p><h4 class=\"western\">Bezpe\u010dnost<\/h4><p>Bezpe\u010dnost Va\u0161ich informac\u00ed je pro n\u00e1s d\u016fle\u017eit\u00e1 a pou\u017eijeme vhodn\u00e1 bezpe\u010dnostn\u00ed opat\u0159en\u00ed k prevenci ztr\u00e1ty, zneu\u017eit\u00ed nebo neautorizovanou \u00fapravu Va\u0161ich informac\u00ed pod na\u0161\u00ed kontrolou. \nAv\u0161ak, vzhledem k neodmysliteln\u00e9mu riziku, nikdy nem\u016f\u017eeme garantovat absolutn\u00ed bezpe\u010dnost \u017e\u00e1dn\u00e9 informace, kterou n\u00e1m poskytnete. V\u0161echny informace, kter\u00e9 n\u00e1m poskytujete, n\u00e1m poskytujete s pln\u00fdm v\u011bdom\u00edm t\u011bchto rizik.<\/p><h4 class=\"western\">St\u00ed\u017enosti<\/h4><p>Pokud m\u00e1te ot\u00e1zky \u010di obavy t\u00fdkaj\u00edc\u00ed se zpracov\u00e1n\u00ed Va\u0161ich osobn\u00edch \u00fadaj\u016f, kter\u00e9 m\u00e1me k dispozici, m\u016f\u017eete n\u00e1m napsat na email  info@kelterborn-crafts.com. Budeme se jim v\u011bnovat v souladu se z\u00e1konem.<\/p><p>Naposledy aktualizov\u00e1no 9. listopadu 2023<\/p><p>Nabyt\u00ed platnosti: 25. \u00fanora 2023<\/p>\t\t\t\t\t\t\t\t<\/div>\n\t\t\t\t<\/div>\n\t\t\t\t\t<\/div>\n\t\t<\/div>\n\t\t\t\t\t<\/div>\n\t\t<\/section>\n\t\t\t\t<\/div>","protected":false},"excerpt":{"rendered":"<p>Privacy Policy This Privacy Policy describes the policies of Kelterborn Crafts, Ing. Kate\u0159ina Kelterborn Tu\u010dkova 919\/28 Brno 60200 the Czech Republic email: info@kelterborn-crafts.com on the collection, use and disclosure of your information that we collect when you use our website ( https:\/\/kelterborn-crafts.com ). (the \u201cService\u201d). By accessing or using the Service, you are consenting to [&hellip;]<\/p>\n","protected":false},"author":1,"featured_media":0,"parent":0,"menu_order":0,"comment_status":"closed","ping_status":"open","template":"","meta":{"footnotes":""},"class_list":["post-3","page","type-page","status-publish","hentry"],"blocksy_meta":{"styles_descriptor":{"styles":{"desktop":"","tablet":"","mobile":""},"google_fonts":[],"version":6}},"yoast_head":"<!-- This site is optimized with the Yoast SEO plugin v27.3 - https:\/\/yoast.com\/product\/yoast-seo-wordpress\/ -->\n<title>Privacy Policy - Kelterborn Crafts<\/title>\n<meta name=\"description\" content=\"How and why we collect and process your personal information.\" \/>\n<meta name=\"robots\" content=\"index, follow, max-snippet:-1, max-image-preview:large, max-video-preview:-1\" \/>\n<link rel=\"canonical\" href=\"https:\/\/kelterborn-crafts.com\/cz\/privacy-policy\/\" \/>\n<meta property=\"og:locale\" content=\"cs_CZ\" \/>\n<meta property=\"og:type\" content=\"article\" \/>\n<meta property=\"og:title\" content=\"Privacy Policy - Kelterborn Crafts\" \/>\n<meta property=\"og:description\" content=\"How and why we collect and process your personal information.\" \/>\n<meta property=\"og:url\" content=\"https:\/\/kelterborn-crafts.com\/cz\/privacy-policy\/\" \/>\n<meta property=\"og:site_name\" content=\"Kelterborn Crafts\" \/>\n<meta property=\"article:publisher\" content=\"https:\/\/www.facebook.com\/KelterbornCrafts\" \/>\n<meta property=\"article:modified_time\" content=\"2024-01-23T17:05:45+00:00\" \/>\n<meta property=\"og:image\" content=\"https:\/\/kelterborn-crafts.com\/wp-content\/uploads\/2022\/10\/roh-guardians-of-the-forest-1-scaled.jpg\" \/>\n\t<meta property=\"og:image:width\" content=\"2560\" \/>\n\t<meta property=\"og:image:height\" content=\"1152\" \/>\n\t<meta property=\"og:image:type\" content=\"image\/jpeg\" \/>\n<meta name=\"twitter:card\" content=\"summary_large_image\" \/>\n<meta name=\"twitter:label1\" content=\"Odhadovan\u00e1 doba \u010dten\u00ed\" \/>\n\t<meta name=\"twitter:data1\" content=\"4 minuty\" \/>\n<script type=\"application\/ld+json\" class=\"yoast-schema-graph\">{\"@context\":\"https:\\\/\\\/schema.org\",\"@graph\":[{\"@type\":\"WebPage\",\"@id\":\"https:\\\/\\\/kelterborn-crafts.com\\\/privacy-policy\\\/\",\"url\":\"https:\\\/\\\/kelterborn-crafts.com\\\/privacy-policy\\\/\",\"name\":\"Privacy Policy - Kelterborn Crafts\",\"isPartOf\":{\"@id\":\"https:\\\/\\\/kelterborn-crafts.com\\\/#website\"},\"datePublished\":\"2022-09-29T13:40:12+00:00\",\"dateModified\":\"2024-01-23T17:05:45+00:00\",\"description\":\"How and why we collect and process your personal information.\",\"breadcrumb\":{\"@id\":\"https:\\\/\\\/kelterborn-crafts.com\\\/privacy-policy\\\/#breadcrumb\"},\"inLanguage\":\"cs\",\"potentialAction\":[{\"@type\":\"ReadAction\",\"target\":[\"https:\\\/\\\/kelterborn-crafts.com\\\/privacy-policy\\\/\"]}]},{\"@type\":\"BreadcrumbList\",\"@id\":\"https:\\\/\\\/kelterborn-crafts.com\\\/privacy-policy\\\/#breadcrumb\",\"itemListElement\":[{\"@type\":\"ListItem\",\"position\":1,\"name\":\"Home\",\"item\":\"https:\\\/\\\/kelterborn-crafts.com\\\/\"},{\"@type\":\"ListItem\",\"position\":2,\"name\":\"Privacy Policy\"}]},{\"@type\":\"WebSite\",\"@id\":\"https:\\\/\\\/kelterborn-crafts.com\\\/#website\",\"url\":\"https:\\\/\\\/kelterborn-crafts.com\\\/\",\"name\":\"Kelterborn Crafts\",\"description\":\"Handmade Heathen Products\",\"publisher\":{\"@id\":\"https:\\\/\\\/kelterborn-crafts.com\\\/#organization\"},\"potentialAction\":[{\"@type\":\"SearchAction\",\"target\":{\"@type\":\"EntryPoint\",\"urlTemplate\":\"https:\\\/\\\/kelterborn-crafts.com\\\/?s={search_term_string}\"},\"query-input\":{\"@type\":\"PropertyValueSpecification\",\"valueRequired\":true,\"valueName\":\"search_term_string\"}}],\"inLanguage\":\"cs\"},{\"@type\":\"Organization\",\"@id\":\"https:\\\/\\\/kelterborn-crafts.com\\\/#organization\",\"name\":\"Kelterborn Crafts\",\"alternateName\":\"Kelterborn\",\"url\":\"https:\\\/\\\/kelterborn-crafts.com\\\/\",\"logo\":{\"@type\":\"ImageObject\",\"inLanguage\":\"cs\",\"@id\":\"https:\\\/\\\/kelterborn-crafts.com\\\/#\\\/schema\\\/logo\\\/image\\\/\",\"url\":\"https:\\\/\\\/kelterborn-crafts.com\\\/wp-content\\\/uploads\\\/2024\\\/01\\\/Kelterborn-crafts-logo-black.png\",\"contentUrl\":\"https:\\\/\\\/kelterborn-crafts.com\\\/wp-content\\\/uploads\\\/2024\\\/01\\\/Kelterborn-crafts-logo-black.png\",\"width\":738,\"height\":346,\"caption\":\"Kelterborn Crafts\"},\"image\":{\"@id\":\"https:\\\/\\\/kelterborn-crafts.com\\\/#\\\/schema\\\/logo\\\/image\\\/\"},\"sameAs\":[\"https:\\\/\\\/www.facebook.com\\\/KelterbornCrafts\",\"https:\\\/\\\/www.instagram.com\\\/kelterborn_crafts\\\/\",\"https:\\\/\\\/pinterest.com\\\/kelterborncrafts\\\/\"]}]}<\/script>\n<!-- \/ Yoast SEO plugin. -->","yoast_head_json":{"title":"Privacy Policy - Kelterborn Crafts","description":"How and why we collect and process your personal information.","robots":{"index":"index","follow":"follow","max-snippet":"max-snippet:-1","max-image-preview":"max-image-preview:large","max-video-preview":"max-video-preview:-1"},"canonical":"https:\/\/kelterborn-crafts.com\/cz\/privacy-policy\/","og_locale":"cs_CZ","og_type":"article","og_title":"Privacy Policy - Kelterborn Crafts","og_description":"How and why we collect and process your personal information.","og_url":"https:\/\/kelterborn-crafts.com\/cz\/privacy-policy\/","og_site_name":"Kelterborn Crafts","article_publisher":"https:\/\/www.facebook.com\/KelterbornCrafts","article_modified_time":"2024-01-23T17:05:45+00:00","og_image":[{"width":2560,"height":1152,"url":"https:\/\/kelterborn-crafts.com\/wp-content\/uploads\/2022\/10\/roh-guardians-of-the-forest-1-scaled.jpg","type":"image\/jpeg"}],"twitter_card":"summary_large_image","twitter_misc":{"Odhadovan\u00e1 doba \u010dten\u00ed":"4 minuty"},"schema":{"@context":"https:\/\/schema.org","@graph":[{"@type":"WebPage","@id":"https:\/\/kelterborn-crafts.com\/privacy-policy\/","url":"https:\/\/kelterborn-crafts.com\/privacy-policy\/","name":"Privacy Policy - Kelterborn Crafts","isPartOf":{"@id":"https:\/\/kelterborn-crafts.com\/#website"},"datePublished":"2022-09-29T13:40:12+00:00","dateModified":"2024-01-23T17:05:45+00:00","description":"How and why we collect and process your personal information.","breadcrumb":{"@id":"https:\/\/kelterborn-crafts.com\/privacy-policy\/#breadcrumb"},"inLanguage":"cs","potentialAction":[{"@type":"ReadAction","target":["https:\/\/kelterborn-crafts.com\/privacy-policy\/"]}]},{"@type":"BreadcrumbList","@id":"https:\/\/kelterborn-crafts.com\/privacy-policy\/#breadcrumb","itemListElement":[{"@type":"ListItem","position":1,"name":"Home","item":"https:\/\/kelterborn-crafts.com\/"},{"@type":"ListItem","position":2,"name":"Privacy Policy"}]},{"@type":"WebSite","@id":"https:\/\/kelterborn-crafts.com\/#website","url":"https:\/\/kelterborn-crafts.com\/","name":"Kelterborn Crafts","description":"Handmade Heathen Products","publisher":{"@id":"https:\/\/kelterborn-crafts.com\/#organization"},"potentialAction":[{"@type":"SearchAction","target":{"@type":"EntryPoint","urlTemplate":"https:\/\/kelterborn-crafts.com\/?s={search_term_string}"},"query-input":{"@type":"PropertyValueSpecification","valueRequired":true,"valueName":"search_term_string"}}],"inLanguage":"cs"},{"@type":"Organization","@id":"https:\/\/kelterborn-crafts.com\/#organization","name":"Kelterborn Crafts","alternateName":"Kelterborn","url":"https:\/\/kelterborn-crafts.com\/","logo":{"@type":"ImageObject","inLanguage":"cs","@id":"https:\/\/kelterborn-crafts.com\/#\/schema\/logo\/image\/","url":"https:\/\/kelterborn-crafts.com\/wp-content\/uploads\/2024\/01\/Kelterborn-crafts-logo-black.png","contentUrl":"https:\/\/kelterborn-crafts.com\/wp-content\/uploads\/2024\/01\/Kelterborn-crafts-logo-black.png","width":738,"height":346,"caption":"Kelterborn Crafts"},"image":{"@id":"https:\/\/kelterborn-crafts.com\/#\/schema\/logo\/image\/"},"sameAs":["https:\/\/www.facebook.com\/KelterbornCrafts","https:\/\/www.instagram.com\/kelterborn_crafts\/","https:\/\/pinterest.com\/kelterborncrafts\/"]}]}},"jetpack_sharing_enabled":true,"_links":{"self":[{"href":"https:\/\/kelterborn-crafts.com\/cz\/wp-json\/wp\/v2\/pages\/3","targetHints":{"allow":["GET"]}}],"collection":[{"href":"https:\/\/kelterborn-crafts.com\/cz\/wp-json\/wp\/v2\/pages"}],"about":[{"href":"https:\/\/kelterborn-crafts.com\/cz\/wp-json\/wp\/v2\/types\/page"}],"author":[{"embeddable":true,"href":"https:\/\/kelterborn-crafts.com\/cz\/wp-json\/wp\/v2\/users\/1"}],"replies":[{"embeddable":true,"href":"https:\/\/kelterborn-crafts.com\/cz\/wp-json\/wp\/v2\/comments?post=3"}],"version-history":[{"count":1,"href":"https:\/\/kelterborn-crafts.com\/cz\/wp-json\/wp\/v2\/pages\/3\/revisions"}],"predecessor-version":[{"id":4826,"href":"https:\/\/kelterborn-crafts.com\/cz\/wp-json\/wp\/v2\/pages\/3\/revisions\/4826"}],"wp:attachment":[{"href":"https:\/\/kelterborn-crafts.com\/cz\/wp-json\/wp\/v2\/media?parent=3"}],"curies":[{"name":"wp","href":"https:\/\/api.w.org\/{rel}","templated":true}]}}