{"id":3016,"date":"2023-03-07T12:03:09","date_gmt":"2023-03-07T11:03:09","guid":{"rendered":"https:\/\/kelterborn-crafts.com\/?page_id=3016"},"modified":"2024-01-23T18:10:36","modified_gmt":"2024-01-23T17:10:36","slug":"shipping","status":"publish","type":"page","link":"https:\/\/kelterborn-crafts.com\/cz\/shipping\/","title":{"rendered":"Po\u0161tovn\u00e9"},"content":{"rendered":"<div data-elementor-type=\"wp-page\" data-elementor-id=\"3016\" class=\"elementor elementor-3016\">\n\t\t\t\t<div class=\"elementor-element elementor-element-f01938e e-flex e-con-boxed e-con e-parent\" data-id=\"f01938e\" data-element_type=\"container\" data-e-type=\"container\">\n\t\t\t\t\t<div class=\"e-con-inner\">\n\t\t\t\t<div class=\"elementor-element elementor-element-a0c1d8e elementor-widget elementor-widget-heading\" data-id=\"a0c1d8e\" data-element_type=\"widget\" data-e-type=\"widget\" data-widget_type=\"heading.default\">\n\t\t\t\t<div class=\"elementor-widget-container\">\n\t\t\t\t\t<h2 class=\"elementor-heading-title elementor-size-default\">Po\u0161tovn\u00e9<\/h2>\t\t\t\t<\/div>\n\t\t\t\t<\/div>\n\t\t\t\t\t<\/div>\n\t\t\t\t<\/div>\n\t\t<div class=\"elementor-element elementor-element-d95b399 e-flex e-con-boxed e-con e-parent\" data-id=\"d95b399\" data-element_type=\"container\" data-e-type=\"container\">\n\t\t\t\t\t<div class=\"e-con-inner\">\n\t\t\t\t<div class=\"elementor-element elementor-element-0a263d6 elementor-widget elementor-widget-spacer\" data-id=\"0a263d6\" data-element_type=\"widget\" data-e-type=\"widget\" data-widget_type=\"spacer.default\">\n\t\t\t\t<div class=\"elementor-widget-container\">\n\t\t\t\t\t\t\t<div class=\"elementor-spacer\">\n\t\t\t<div class=\"elementor-spacer-inner\"><\/div>\n\t\t<\/div>\n\t\t\t\t\t\t<\/div>\n\t\t\t\t<\/div>\n\t\t\t\t\t<\/div>\n\t\t\t\t<\/div>\n\t\t<div class=\"elementor-element elementor-element-ee9bedd e-flex e-con-boxed e-con e-parent\" data-id=\"ee9bedd\" data-element_type=\"container\" data-e-type=\"container\">\n\t\t\t\t\t<div class=\"e-con-inner\">\n\t\t\t\t<div class=\"elementor-element elementor-element-5c5054f elementor-widget elementor-widget-text-editor\" data-id=\"5c5054f\" data-element_type=\"widget\" data-e-type=\"widget\" data-widget_type=\"text-editor.default\">\n\t\t\t\t<div class=\"elementor-widget-container\">\n\t\t\t\t\t\t\t\t\t<p>Dod\u00e1v\u00e1me do n\u00e1sleduj\u00edc\u00edch zem\u00ed. Kliknut\u00edm na jednotliv\u00e9 oblasti se dozv\u00edte v\u00edce o cen\u011b a dodac\u00edch lh\u016ft\u00e1ch.<\/p><p>Cena se m\u011bn\u00ed v z\u00e1vislosti na tom, co jste si objednali (nap\u0159\u00edklad za posl\u00e1n\u00ed n\u00e1ramku si \u00fa\u010dtujeme m\u00e9n\u011b ne\u017e za posl\u00e1n\u00ed rohu na pit\u00ed), tak\u017ee ceny jsou pouze orienta\u010dn\u00ed. Ceny v USD a EUR se tak\u00e9 mohou zm\u011bnit v z\u00e1vislosti na aktu\u00e1ln\u00edm m\u011bnov\u00e9m kurzu. <\/p>\t\t\t\t\t\t\t\t<\/div>\n\t\t\t\t<\/div>\n\t\t\t\t\t<\/div>\n\t\t\t\t<\/div>\n\t\t<div class=\"elementor-element elementor-element-f172be1 e-flex e-con-boxed e-con e-parent\" data-id=\"f172be1\" data-element_type=\"container\" data-e-type=\"container\">\n\t\t\t\t\t<div class=\"e-con-inner\">\n\t\t\t\t<div class=\"elementor-element elementor-element-da9d53d elementor-widget elementor-widget-toggle\" data-id=\"da9d53d\" data-element_type=\"widget\" data-e-type=\"widget\" data-widget_type=\"toggle.default\">\n\t\t\t\t<div class=\"elementor-widget-container\">\n\t\t\t\t\t\t\t<div class=\"elementor-toggle\">\n\t\t\t\t\t\t\t<div class=\"elementor-toggle-item\">\n\t\t\t\t\t<div id=\"elementor-tab-title-2291\" class=\"elementor-tab-title\" data-tab=\"1\" role=\"button\" aria-controls=\"elementor-tab-content-2291\" aria-expanded=\"false\">\n\t\t\t\t\t\t\t\t\t\t\t\t<span class=\"elementor-toggle-icon elementor-toggle-icon-left\" aria-hidden=\"true\">\n\t\t\t\t\t\t\t\t\t\t\t\t\t\t\t<span class=\"elementor-toggle-icon-closed\"><i class=\"fas fa-caret-right\"><\/i><\/span>\n\t\t\t\t\t\t\t\t<span class=\"elementor-toggle-icon-opened\"><i class=\"elementor-toggle-icon-opened fas fa-caret-up\"><\/i><\/span>\n\t\t\t\t\t\t\t\t\t\t\t\t\t<\/span>\n\t\t\t\t\t\t\t\t\t\t\t\t<a class=\"elementor-toggle-title\" tabindex=\"0\">\u010cesk\u00e1 republika<\/a>\n\t\t\t\t\t<\/div>\n\n\t\t\t\t\t<div id=\"elementor-tab-content-2291\" class=\"elementor-tab-content elementor-clearfix\" data-tab=\"1\" role=\"region\" aria-labelledby=\"elementor-tab-title-2291\"><p>Cena: 50 \u2013 130 K\u010d \/\/ 3 \u2013 6 EUR \/\/ 3 \u2013 6 USD<\/p><p>Mo\u017enost dob\u00edrky: 150 K\u010d \/\/ 7 EUR \/\/ 7 USD<\/p><p>Dodac\u00ed lh\u016fta: 3-5 pracovn\u00edch dn\u00ed<\/p><p>Po p\u0159ede\u0161l\u00e9 vz\u00e1jemn\u00e9 dohod\u011b m\u016f\u017eete vybrat mo\u017enost \u201eosobn\u00edho vyzvednut\u00ed\u201c z\u00e1silky. To znamen\u00e1, \u017ee se sejde s Prod\u00e1vaj\u00edc\u00edm na p\u0159edem dohodnut\u00e9m m\u00edst\u011b (obvykle v Brn\u011b), kde dojde k p\u0159ed\u00e1n\u00ed zbo\u017e\u00ed. K tomu v\u0161ak nikdy nedoch\u00e1z\u00ed v s\u00eddle firmy.<\/p><\/div>\n\t\t\t\t<\/div>\n\t\t\t\t\t\t\t<div class=\"elementor-toggle-item\">\n\t\t\t\t\t<div id=\"elementor-tab-title-2292\" class=\"elementor-tab-title\" data-tab=\"2\" role=\"button\" aria-controls=\"elementor-tab-content-2292\" aria-expanded=\"false\">\n\t\t\t\t\t\t\t\t\t\t\t\t<span class=\"elementor-toggle-icon elementor-toggle-icon-left\" aria-hidden=\"true\">\n\t\t\t\t\t\t\t\t\t\t\t\t\t\t\t<span class=\"elementor-toggle-icon-closed\"><i class=\"fas fa-caret-right\"><\/i><\/span>\n\t\t\t\t\t\t\t\t<span class=\"elementor-toggle-icon-opened\"><i class=\"elementor-toggle-icon-opened fas fa-caret-up\"><\/i><\/span>\n\t\t\t\t\t\t\t\t\t\t\t\t\t<\/span>\n\t\t\t\t\t\t\t\t\t\t\t\t<a class=\"elementor-toggle-title\" tabindex=\"0\">Slovensko<\/a>\n\t\t\t\t\t<\/div>\n\n\t\t\t\t\t<div id=\"elementor-tab-content-2292\" class=\"elementor-tab-content elementor-clearfix\" data-tab=\"2\" role=\"region\" aria-labelledby=\"elementor-tab-title-2292\"><p>Cena: 100 \u2013 250 K\u010d \/\/ 5 \u2013 11 EUR \/\/ 5 \u2013 12 USD<\/p><p>Dodac\u00ed lh\u016fta: 3-10 pracovn\u00edch dn\u00ed<\/p><\/div>\n\t\t\t\t<\/div>\n\t\t\t\t\t\t\t<div class=\"elementor-toggle-item\">\n\t\t\t\t\t<div id=\"elementor-tab-title-2293\" class=\"elementor-tab-title\" data-tab=\"3\" role=\"button\" aria-controls=\"elementor-tab-content-2293\" aria-expanded=\"false\">\n\t\t\t\t\t\t\t\t\t\t\t\t<span class=\"elementor-toggle-icon elementor-toggle-icon-left\" aria-hidden=\"true\">\n\t\t\t\t\t\t\t\t\t\t\t\t\t\t\t<span class=\"elementor-toggle-icon-closed\"><i class=\"fas fa-caret-right\"><\/i><\/span>\n\t\t\t\t\t\t\t\t<span class=\"elementor-toggle-icon-opened\"><i class=\"elementor-toggle-icon-opened fas fa-caret-up\"><\/i><\/span>\n\t\t\t\t\t\t\t\t\t\t\t\t\t<\/span>\n\t\t\t\t\t\t\t\t\t\t\t\t<a class=\"elementor-toggle-title\" tabindex=\"0\">Zem\u011b EU<\/a>\n\t\t\t\t\t<\/div>\n\n\t\t\t\t\t<div id=\"elementor-tab-content-2293\" class=\"elementor-tab-content elementor-clearfix\" data-tab=\"3\" role=\"region\" aria-labelledby=\"elementor-tab-title-2293\"><p>Cena: 200 \u2013 400 K\u010d \/\/ 8 \u2013 18 EUR \/\/ 9 \u2013 20 USD<\/p><p>Dodac\u00ed lh\u016fta: 5-15 pracovn\u00edch dn\u00ed<\/p><p>Belgie, Bulharsko, D\u00e1nsko, Estonsko, Finsko, Francie, Chorvatsko, Irsko, It\u00e1lie, Kypr, Litva, Loty\u0161sko, Lucembursko, Ma\u010farsko, Malta, N\u011bmecko, Nizozemsko, Polsko, Portugalsko, Rakousko, Rumunsko, \u0158ecko, Slovinsko, \u0160pan\u011blsko, \u0160v\u00e9dsko<\/p><\/div>\n\t\t\t\t<\/div>\n\t\t\t\t\t\t\t<div class=\"elementor-toggle-item\">\n\t\t\t\t\t<div id=\"elementor-tab-title-2294\" class=\"elementor-tab-title\" data-tab=\"4\" role=\"button\" aria-controls=\"elementor-tab-content-2294\" aria-expanded=\"false\">\n\t\t\t\t\t\t\t\t\t\t\t\t<span class=\"elementor-toggle-icon elementor-toggle-icon-left\" aria-hidden=\"true\">\n\t\t\t\t\t\t\t\t\t\t\t\t\t\t\t<span class=\"elementor-toggle-icon-closed\"><i class=\"fas fa-caret-right\"><\/i><\/span>\n\t\t\t\t\t\t\t\t<span class=\"elementor-toggle-icon-opened\"><i class=\"elementor-toggle-icon-opened fas fa-caret-up\"><\/i><\/span>\n\t\t\t\t\t\t\t\t\t\t\t\t\t<\/span>\n\t\t\t\t\t\t\t\t\t\t\t\t<a class=\"elementor-toggle-title\" tabindex=\"0\">Evropsk\u00e9 zem\u011b MIMO EU<\/a>\n\t\t\t\t\t<\/div>\n\n\t\t\t\t\t<div id=\"elementor-tab-content-2294\" class=\"elementor-tab-content elementor-clearfix\" data-tab=\"4\" role=\"region\" aria-labelledby=\"elementor-tab-title-2294\"><p>Cena: 300 \u2013 600 K\u010d \/\/ 12 \u2013 25 EUR \/\/ 14 \u2013 28 USD<\/p><p>Dodac\u00ed lh\u016fta: 10-30 dn\u00ed<\/p><p>Alb\u00e1nie, Andorra, Bosna a Hercegovina, \u010cern\u00e1 Hora, Gibraltar, Gruzie, Island, Lichten\u0161tejnsko, Moldavsko, Monako, Norsko, San Marino, Severn\u00ed Makedonie, Srbsko, \u0160v\u00fdcarsko, Turecko, Vatik\u00e1n\nVelk\u00e1 Brit\u00e1nie, Guernsey, Jersey, ostrov Man<\/p><\/div>\n\t\t\t\t<\/div>\n\t\t\t\t\t\t\t<div class=\"elementor-toggle-item\">\n\t\t\t\t\t<div id=\"elementor-tab-title-2295\" class=\"elementor-tab-title\" data-tab=\"5\" role=\"button\" aria-controls=\"elementor-tab-content-2295\" aria-expanded=\"false\">\n\t\t\t\t\t\t\t\t\t\t\t\t<span class=\"elementor-toggle-icon elementor-toggle-icon-left\" aria-hidden=\"true\">\n\t\t\t\t\t\t\t\t\t\t\t\t\t\t\t<span class=\"elementor-toggle-icon-closed\"><i class=\"fas fa-caret-right\"><\/i><\/span>\n\t\t\t\t\t\t\t\t<span class=\"elementor-toggle-icon-opened\"><i class=\"elementor-toggle-icon-opened fas fa-caret-up\"><\/i><\/span>\n\t\t\t\t\t\t\t\t\t\t\t\t\t<\/span>\n\t\t\t\t\t\t\t\t\t\t\t\t<a class=\"elementor-toggle-title\" tabindex=\"0\">Ostatn\u00ed zem\u011b<\/a>\n\t\t\t\t\t<\/div>\n\n\t\t\t\t\t<div id=\"elementor-tab-content-2295\" class=\"elementor-tab-content elementor-clearfix\" data-tab=\"5\" role=\"region\" aria-labelledby=\"elementor-tab-title-2295\"><p>Cena: 300 \u2013 700 K\u010d \/\/ 12 \u2013 30 EUR \/\/ 14 \u2013 32 USD<\/p><p>Dodac\u00ed lh\u016fta: 30-60 pracovn\u00edch dn\u00ed<\/p><p>Jihoafrick\u00e1 Republika, Banglad\u00e9\u0161, Kambod\u017ea, \u010c\u00edna, Indie, Indon\u00e9sie, Japonsko, Kuvajt, Laos, Malajsie, Nep\u00e1l, Om\u00e1n, Filip\u00edny, Katar, Sa\u00fadsk\u00e1 Ar\u00e1bie, Thajsko, Spojen\u00e9 Arabsk\u00e9 Emir\u00e1ty, Vietnam, Jemen, Bahamy, Kanada, Honduras, Mexiko, Nikarague, Panama, USA, Austr\u00e1lie, Nov\u00fd Z\u00e9land, Argentina, Bol\u00edvie, Braz\u00edlie, Chile, Kolumbie, Ekv\u00e1dor, Guyana, Paraquay, Peru, Uruguay, Venezuela<\/p><p>Pokud jste nena\u0161li svou c\u00edlovou zemi na seznamech zem\u00ed, kam doru\u010dujeme, kontaktujte n\u00e1s. My zjist\u00edme sou\u010dasn\u00e9 podm\u00ednky pro doru\u010dov\u00e1n\u00ed do Va\u0161\u00ed zem\u011b a d\u00e1me V\u00e1m v\u011bd\u011bt.<\/p><\/div>\n\t\t\t\t<\/div>\n\t\t\t\t\t\t\t\t<\/div>\n\t\t\t\t\t\t<\/div>\n\t\t\t\t<\/div>\n\t\t\t\t\t<\/div>\n\t\t\t\t<\/div>\n\t\t<div class=\"elementor-element elementor-element-36e3e43 e-flex e-con-boxed e-con e-parent\" data-id=\"36e3e43\" data-element_type=\"container\" data-e-type=\"container\">\n\t\t\t\t\t<div class=\"e-con-inner\">\n\t\t\t\t<div class=\"elementor-element elementor-element-04c9bf6 elementor-widget elementor-widget-spacer\" data-id=\"04c9bf6\" data-element_type=\"widget\" data-e-type=\"widget\" data-widget_type=\"spacer.default\">\n\t\t\t\t<div class=\"elementor-widget-container\">\n\t\t\t\t\t\t\t<div class=\"elementor-spacer\">\n\t\t\t<div class=\"elementor-spacer-inner\"><\/div>\n\t\t<\/div>\n\t\t\t\t\t\t<\/div>\n\t\t\t\t<\/div>\n\t\t\t\t\t<\/div>\n\t\t\t\t<\/div>\n\t\t<div class=\"elementor-element elementor-element-d292f72 e-flex e-con-boxed e-con e-parent\" data-id=\"d292f72\" data-element_type=\"container\" data-e-type=\"container\">\n\t\t\t\t\t<div class=\"e-con-inner\">\n\t\t\t\t<div class=\"elementor-element elementor-element-69e09a0 elementor-widget elementor-widget-text-editor\" data-id=\"69e09a0\" data-element_type=\"widget\" data-e-type=\"widget\" data-widget_type=\"text-editor.default\">\n\t\t\t\t<div class=\"elementor-widget-container\">\n\t\t\t\t\t\t\t\t\t<p><b>P\u0159epravce<\/b><\/p><p>Hlavn\u00edm p\u0159epravcem je <a href=\"https:\/\/www.ceskaposta.cz\/index\">\u010cesk\u00e1 po\u0161ta<\/a> (\u010cesk\u00e1 po\u0161ta)<\/p><p>P\u0159evzet\u00ed z\u00e1silky \u010di jej\u00ed vyzvednut\u00ed na po\u0161t\u011b se \u0159\u00edd\u00ed pravidly \u010cesk\u00e9 po\u0161ty na \u00fazem\u00ed \u010cR, p\u0159\u00edpadn\u011b lok\u00e1ln\u00ed po\u0161ty v zahrani\u010d\u00ed, proto n\u00e1sledujte jejich instrukce a zejm\u00e9na si pohl\u00eddejte lh\u016ftu, do kter\u00e9 je ulo\u017een na po\u0161t\u011b.<\/p><p>Obchod Kelterborn-Crafts.com nem\u00e1 finan\u010dn\u00ed ani jinou zodpov\u011bdnost za nevyzvednut\u00e9 z\u00e1silky.<\/p><p><b>Vyexpedov\u00e1n\u00ed z\u00e1silky<\/b><\/p><p>Obvykle expedujeme z\u00e1silky do 3 pracovn\u00edch dn\u00ed. Pro z\u00e1silky, kter\u00e9 sm\u011b\u0159uj\u00ed mimo EU to v\u0161ak m\u016f\u017ee zabrat v\u00edce \u010dasu, proto\u017ee je nutn\u00e9 vyplnit dokumentaci pro \u010ceskou celn\u00ed spr\u00e1vu a tento \u00fa\u0159ad je mus\u00ed autorizovat, jinak po\u0161ta nep\u0159ijme bal\u00edk k p\u0159eprav\u011b. To m\u016f\u017ee trvat a\u017e 10 pracovn\u00edch dn\u00ed.<\/p><p><b>Dodac\u00ed lh\u016fty<\/b><\/p><p>Dodac\u00ed lh\u016fty popsan\u00e9 na t\u00e9to str\u00e1nce jsou pouze odhadem. Neneseme \u017e\u00e1dnou odpov\u011bdnost, pokud doru\u010den\u00ed p\u0159ekro\u010d\u00ed dan\u00fd \u010das vinou p\u0159epravce \u010di vn\u011bj\u0161\u00edch okolnost\u00ed. V ka\u017ed\u00e9m p\u0159\u00edpad\u011b budeme v\u0161ak s V\u00e1mi i p\u0159epravcem komunikovat a informovat V\u00e1s o zpo\u017ed\u011bn\u00ed, pokud nedostanete svou z\u00e1silku v\u010das.<\/p>\t\t\t\t\t\t\t\t<\/div>\n\t\t\t\t<\/div>\n\t\t\t\t\t<\/div>\n\t\t\t\t<\/div>\n\t\t\t\t<\/div>","protected":false},"excerpt":{"rendered":"<p>Shipping We ship to following shipping zones. Please click on them to see the exact countries and details about price and delivery time. The price changes depending on what you ordered (for example, sending just a bracelet is cheaper than sending a drinking horn), so the prices are indicative. Also, prices in USD and EUR [&hellip;]<\/p>\n","protected":false},"author":1,"featured_media":0,"parent":0,"menu_order":0,"comment_status":"closed","ping_status":"closed","template":"","meta":{"footnotes":""},"class_list":["post-3016","page","type-page","status-publish","hentry"],"blocksy_meta":[],"yoast_head":"<!-- This site is optimized with the Yoast SEO plugin v27.3 - https:\/\/yoast.com\/product\/yoast-seo-wordpress\/ -->\n<title>Shipping - Kelterborn Crafts<\/title>\n<meta name=\"description\" content=\"Overview of shipping fees and delivery times.\" \/>\n<meta name=\"robots\" content=\"index, follow, max-snippet:-1, max-image-preview:large, max-video-preview:-1\" \/>\n<link rel=\"canonical\" href=\"https:\/\/kelterborn-crafts.com\/cz\/shipping\/\" \/>\n<meta property=\"og:locale\" content=\"cs_CZ\" \/>\n<meta property=\"og:type\" content=\"article\" \/>\n<meta property=\"og:title\" content=\"Shipping - Kelterborn Crafts\" \/>\n<meta property=\"og:description\" content=\"Overview of shipping fees and delivery times.\" \/>\n<meta property=\"og:url\" content=\"https:\/\/kelterborn-crafts.com\/cz\/shipping\/\" \/>\n<meta property=\"og:site_name\" content=\"Kelterborn Crafts\" \/>\n<meta property=\"article:publisher\" content=\"https:\/\/www.facebook.com\/KelterbornCrafts\" \/>\n<meta property=\"article:modified_time\" content=\"2024-01-23T17:10:36+00:00\" \/>\n<meta property=\"og:image\" content=\"https:\/\/kelterborn-crafts.com\/wp-content\/uploads\/2022\/10\/roh-guardians-of-the-forest-1-scaled.jpg\" \/>\n\t<meta property=\"og:image:width\" content=\"2560\" \/>\n\t<meta property=\"og:image:height\" content=\"1152\" \/>\n\t<meta property=\"og:image:type\" content=\"image\/jpeg\" \/>\n<meta name=\"twitter:card\" content=\"summary_large_image\" \/>\n<meta name=\"twitter:label1\" content=\"Odhadovan\u00e1 doba \u010dten\u00ed\" \/>\n\t<meta name=\"twitter:data1\" content=\"3 minuty\" \/>\n<script type=\"application\/ld+json\" class=\"yoast-schema-graph\">{\"@context\":\"https:\\\/\\\/schema.org\",\"@graph\":[{\"@type\":[\"WebPage\",\"QAPage\"],\"@id\":\"https:\\\/\\\/kelterborn-crafts.com\\\/cz\\\/shipping\\\/\",\"url\":\"https:\\\/\\\/kelterborn-crafts.com\\\/cz\\\/shipping\\\/\",\"name\":\"Shipping - Kelterborn Crafts\",\"isPartOf\":{\"@id\":\"https:\\\/\\\/kelterborn-crafts.com\\\/#website\"},\"datePublished\":\"2023-03-07T11:03:09+00:00\",\"dateModified\":\"2024-01-23T17:10:36+00:00\",\"description\":\"Overview of shipping fees and delivery times.\",\"breadcrumb\":{\"@id\":\"https:\\\/\\\/kelterborn-crafts.com\\\/cz\\\/shipping\\\/#breadcrumb\"},\"inLanguage\":\"cs\",\"potentialAction\":[{\"@type\":\"ReadAction\",\"target\":[\"https:\\\/\\\/kelterborn-crafts.com\\\/cz\\\/shipping\\\/\"]}]},{\"@type\":\"BreadcrumbList\",\"@id\":\"https:\\\/\\\/kelterborn-crafts.com\\\/cz\\\/shipping\\\/#breadcrumb\",\"itemListElement\":[{\"@type\":\"ListItem\",\"position\":1,\"name\":\"Home\",\"item\":\"https:\\\/\\\/kelterborn-crafts.com\\\/\"},{\"@type\":\"ListItem\",\"position\":2,\"name\":\"Shipping\"}]},{\"@type\":\"WebSite\",\"@id\":\"https:\\\/\\\/kelterborn-crafts.com\\\/#website\",\"url\":\"https:\\\/\\\/kelterborn-crafts.com\\\/\",\"name\":\"Kelterborn Crafts\",\"description\":\"Handmade Heathen Products\",\"publisher\":{\"@id\":\"https:\\\/\\\/kelterborn-crafts.com\\\/#organization\"},\"potentialAction\":[{\"@type\":\"SearchAction\",\"target\":{\"@type\":\"EntryPoint\",\"urlTemplate\":\"https:\\\/\\\/kelterborn-crafts.com\\\/?s={search_term_string}\"},\"query-input\":{\"@type\":\"PropertyValueSpecification\",\"valueRequired\":true,\"valueName\":\"search_term_string\"}}],\"inLanguage\":\"cs\"},{\"@type\":\"Organization\",\"@id\":\"https:\\\/\\\/kelterborn-crafts.com\\\/#organization\",\"name\":\"Kelterborn Crafts\",\"alternateName\":\"Kelterborn\",\"url\":\"https:\\\/\\\/kelterborn-crafts.com\\\/\",\"logo\":{\"@type\":\"ImageObject\",\"inLanguage\":\"cs\",\"@id\":\"https:\\\/\\\/kelterborn-crafts.com\\\/#\\\/schema\\\/logo\\\/image\\\/\",\"url\":\"https:\\\/\\\/kelterborn-crafts.com\\\/wp-content\\\/uploads\\\/2024\\\/01\\\/Kelterborn-crafts-logo-black.png\",\"contentUrl\":\"https:\\\/\\\/kelterborn-crafts.com\\\/wp-content\\\/uploads\\\/2024\\\/01\\\/Kelterborn-crafts-logo-black.png\",\"width\":738,\"height\":346,\"caption\":\"Kelterborn Crafts\"},\"image\":{\"@id\":\"https:\\\/\\\/kelterborn-crafts.com\\\/#\\\/schema\\\/logo\\\/image\\\/\"},\"sameAs\":[\"https:\\\/\\\/www.facebook.com\\\/KelterbornCrafts\",\"https:\\\/\\\/www.instagram.com\\\/kelterborn_crafts\\\/\",\"https:\\\/\\\/pinterest.com\\\/kelterborncrafts\\\/\"]}]}<\/script>\n<!-- \/ Yoast SEO plugin. -->","yoast_head_json":{"title":"Shipping - Kelterborn Crafts","description":"Overview of shipping fees and delivery times.","robots":{"index":"index","follow":"follow","max-snippet":"max-snippet:-1","max-image-preview":"max-image-preview:large","max-video-preview":"max-video-preview:-1"},"canonical":"https:\/\/kelterborn-crafts.com\/cz\/shipping\/","og_locale":"cs_CZ","og_type":"article","og_title":"Shipping - Kelterborn Crafts","og_description":"Overview of shipping fees and delivery times.","og_url":"https:\/\/kelterborn-crafts.com\/cz\/shipping\/","og_site_name":"Kelterborn Crafts","article_publisher":"https:\/\/www.facebook.com\/KelterbornCrafts","article_modified_time":"2024-01-23T17:10:36+00:00","og_image":[{"width":2560,"height":1152,"url":"https:\/\/kelterborn-crafts.com\/wp-content\/uploads\/2022\/10\/roh-guardians-of-the-forest-1-scaled.jpg","type":"image\/jpeg"}],"twitter_card":"summary_large_image","twitter_misc":{"Odhadovan\u00e1 doba \u010dten\u00ed":"3 minuty"},"schema":{"@context":"https:\/\/schema.org","@graph":[{"@type":["WebPage","QAPage"],"@id":"https:\/\/kelterborn-crafts.com\/cz\/shipping\/","url":"https:\/\/kelterborn-crafts.com\/cz\/shipping\/","name":"Shipping - Kelterborn Crafts","isPartOf":{"@id":"https:\/\/kelterborn-crafts.com\/#website"},"datePublished":"2023-03-07T11:03:09+00:00","dateModified":"2024-01-23T17:10:36+00:00","description":"Overview of shipping fees and delivery times.","breadcrumb":{"@id":"https:\/\/kelterborn-crafts.com\/cz\/shipping\/#breadcrumb"},"inLanguage":"cs","potentialAction":[{"@type":"ReadAction","target":["https:\/\/kelterborn-crafts.com\/cz\/shipping\/"]}]},{"@type":"BreadcrumbList","@id":"https:\/\/kelterborn-crafts.com\/cz\/shipping\/#breadcrumb","itemListElement":[{"@type":"ListItem","position":1,"name":"Home","item":"https:\/\/kelterborn-crafts.com\/"},{"@type":"ListItem","position":2,"name":"Shipping"}]},{"@type":"WebSite","@id":"https:\/\/kelterborn-crafts.com\/#website","url":"https:\/\/kelterborn-crafts.com\/","name":"Kelterborn Crafts","description":"Handmade Heathen Products","publisher":{"@id":"https:\/\/kelterborn-crafts.com\/#organization"},"potentialAction":[{"@type":"SearchAction","target":{"@type":"EntryPoint","urlTemplate":"https:\/\/kelterborn-crafts.com\/?s={search_term_string}"},"query-input":{"@type":"PropertyValueSpecification","valueRequired":true,"valueName":"search_term_string"}}],"inLanguage":"cs"},{"@type":"Organization","@id":"https:\/\/kelterborn-crafts.com\/#organization","name":"Kelterborn Crafts","alternateName":"Kelterborn","url":"https:\/\/kelterborn-crafts.com\/","logo":{"@type":"ImageObject","inLanguage":"cs","@id":"https:\/\/kelterborn-crafts.com\/#\/schema\/logo\/image\/","url":"https:\/\/kelterborn-crafts.com\/wp-content\/uploads\/2024\/01\/Kelterborn-crafts-logo-black.png","contentUrl":"https:\/\/kelterborn-crafts.com\/wp-content\/uploads\/2024\/01\/Kelterborn-crafts-logo-black.png","width":738,"height":346,"caption":"Kelterborn Crafts"},"image":{"@id":"https:\/\/kelterborn-crafts.com\/#\/schema\/logo\/image\/"},"sameAs":["https:\/\/www.facebook.com\/KelterbornCrafts","https:\/\/www.instagram.com\/kelterborn_crafts\/","https:\/\/pinterest.com\/kelterborncrafts\/"]}]}},"jetpack_sharing_enabled":true,"_links":{"self":[{"href":"https:\/\/kelterborn-crafts.com\/cz\/wp-json\/wp\/v2\/pages\/3016","targetHints":{"allow":["GET"]}}],"collection":[{"href":"https:\/\/kelterborn-crafts.com\/cz\/wp-json\/wp\/v2\/pages"}],"about":[{"href":"https:\/\/kelterborn-crafts.com\/cz\/wp-json\/wp\/v2\/types\/page"}],"author":[{"embeddable":true,"href":"https:\/\/kelterborn-crafts.com\/cz\/wp-json\/wp\/v2\/users\/1"}],"replies":[{"embeddable":true,"href":"https:\/\/kelterborn-crafts.com\/cz\/wp-json\/wp\/v2\/comments?post=3016"}],"version-history":[{"count":1,"href":"https:\/\/kelterborn-crafts.com\/cz\/wp-json\/wp\/v2\/pages\/3016\/revisions"}],"predecessor-version":[{"id":4828,"href":"https:\/\/kelterborn-crafts.com\/cz\/wp-json\/wp\/v2\/pages\/3016\/revisions\/4828"}],"wp:attachment":[{"href":"https:\/\/kelterborn-crafts.com\/cz\/wp-json\/wp\/v2\/media?parent=3016"}],"curies":[{"name":"wp","href":"https:\/\/api.w.org\/{rel}","templated":true}]}}