{"id":785,"date":"2022-06-09T16:32:01","date_gmt":"2022-06-09T16:32:01","guid":{"rendered":"https:\/\/demo.creativethemes.com\/elementor\/persona\/?page_id=785"},"modified":"2024-01-23T17:45:41","modified_gmt":"2024-01-23T16:45:41","slug":"contact","status":"publish","type":"page","link":"https:\/\/kelterborn-crafts.com\/cz\/contact\/","title":{"rendered":"Kontakt"},"content":{"rendered":"\t\t<div data-elementor-type=\"wp-page\" data-elementor-id=\"785\" class=\"elementor elementor-785\">\n\t\t\t\t<div class=\"elementor-element elementor-element-9c9e42a e-flex e-con-boxed e-con e-parent\" data-id=\"9c9e42a\" data-element_type=\"container\" data-e-type=\"container\">\n\t\t\t\t\t<div class=\"e-con-inner\">\n\t\t<div class=\"elementor-element elementor-element-d547aa8 e-con-full e-flex e-con e-child\" data-id=\"d547aa8\" data-element_type=\"container\" data-e-type=\"container\">\n\t\t\t\t<div class=\"elementor-element elementor-element-d651523 elementor-widget elementor-widget-spacer\" data-id=\"d651523\" data-element_type=\"widget\" data-e-type=\"widget\" data-widget_type=\"spacer.default\">\n\t\t\t\t<div class=\"elementor-widget-container\">\n\t\t\t\t\t\t\t<div class=\"elementor-spacer\">\n\t\t\t<div class=\"elementor-spacer-inner\"><\/div>\n\t\t<\/div>\n\t\t\t\t\t\t<\/div>\n\t\t\t\t<\/div>\n\t\t\t\t<div class=\"elementor-element elementor-element-8013bdb elementor-widget__width-initial elementor-widget elementor-widget-image\" data-id=\"8013bdb\" data-element_type=\"widget\" data-e-type=\"widget\" data-widget_type=\"image.default\">\n\t\t\t\t<div class=\"elementor-widget-container\">\n\t\t\t\t\t\t\t\t\t\t\t\t\t\t\t<img decoding=\"async\" width=\"106\" height=\"283\" src=\"https:\/\/kelterborn-crafts.com\/wp-content\/uploads\/2023\/02\/oddelovniky-dub-vert.png\" class=\"attachment-large size-large wp-image-2357\" alt=\"\" srcset=\"https:\/\/kelterborn-crafts.com\/wp-content\/uploads\/2023\/02\/oddelovniky-dub-vert.png 106w, https:\/\/kelterborn-crafts.com\/wp-content\/uploads\/2023\/02\/oddelovniky-dub-vert-4x12.png 4w\" sizes=\"(max-width: 106px) 100vw, 106px\" \/>\t\t\t\t\t\t\t\t\t\t\t\t\t\t\t<\/div>\n\t\t\t\t<\/div>\n\t\t\t\t<\/div>\n\t\t<div class=\"elementor-element elementor-element-ac41813 e-con-full e-flex e-con e-child\" data-id=\"ac41813\" data-element_type=\"container\" data-e-type=\"container\">\n\t\t<div class=\"elementor-element elementor-element-d618633 e-con-full e-flex e-con e-child\" data-id=\"d618633\" data-element_type=\"container\" data-e-type=\"container\">\n\t\t\t\t<div class=\"elementor-element elementor-element-f8598c2 elementor-widget elementor-widget-text-editor\" data-id=\"f8598c2\" data-element_type=\"widget\" data-e-type=\"widget\" data-widget_type=\"text-editor.default\">\n\t\t\t\t<div class=\"elementor-widget-container\">\n\t\t\t\t\t\t\t\t\t<h5 style=\"text-align: center;\">Feel free to to ask your questions or share your ideas with us!<\/h5>\t\t\t\t\t\t\t\t<\/div>\n\t\t\t\t<\/div>\n\t\t\t\t<\/div>\n\t\t\t\t<div class=\"elementor-element elementor-element-7dda0fc elementor-widget elementor-widget-wpforms\" data-id=\"7dda0fc\" data-element_type=\"widget\" data-e-type=\"widget\" data-widget_type=\"wpforms.default\">\n\t\t\t\t<div class=\"elementor-widget-container\">\n\t\t\t\t\t<div class=\"wpforms-container \" id=\"wpforms-378\"><form id=\"wpforms-form-378\" class=\"wpforms-validate wpforms-form\" data-formid=\"378\" method=\"post\" enctype=\"multipart\/form-data\" action=\"\/cz\/wp-json\/wp\/v2\/pages\/785\" data-token=\"d8c8fa5fbb5f9e26745b59bf3bf623f1\" data-token-time=\"1778365850\"><noscript class=\"wpforms-error-noscript\">Chcete-li vyplnit tento formul\u00e1\u0159, pros\u00edm povolte v prohl\u00ed\u017ee\u010di JavaScript.<\/noscript><div class=\"wpforms-field-container\"><div id=\"wpforms-378-field_0-container\" class=\"wpforms-field wpforms-field-name\" data-field-id=\"0\"><label class=\"wpforms-field-label wpforms-label-hide\" for=\"wpforms-378-field_0\">Name <span class=\"wpforms-required-label\">*<\/span><\/label><input type=\"text\" id=\"wpforms-378-field_0\" class=\"wpforms-field-large wpforms-field-required\" name=\"wpforms[fields][0]\" placeholder=\"Name\" required><\/div><div id=\"wpforms-378-field_1-container\" class=\"wpforms-field wpforms-field-email\" data-field-id=\"1\"><label class=\"wpforms-field-label wpforms-label-hide\" for=\"wpforms-378-field_1\">Email Address <span class=\"wpforms-required-label\">*<\/span><\/label><input type=\"email\" id=\"wpforms-378-field_1\" class=\"wpforms-field-large wpforms-field-required\" name=\"wpforms[fields][1]\" placeholder=\"Email Address\" spellcheck=\"false\" required><\/div><div id=\"wpforms-378-field_2-container\" class=\"wpforms-field wpforms-field-textarea\" data-field-id=\"2\"><label class=\"wpforms-field-label wpforms-label-hide\" for=\"wpforms-378-field_2\">Your question or message <span class=\"wpforms-required-label\">*<\/span><\/label><textarea id=\"wpforms-378-field_2\" class=\"wpforms-field-medium wpforms-field-required\" name=\"wpforms[fields][2]\" placeholder=\"Comment or Message\" required><\/textarea><\/div><div id=\"wpforms-378-field_5-container\" class=\"wpforms-field wpforms-field-gdpr-checkbox\" data-field-id=\"5\"><label class=\"wpforms-field-label\">GDPR Agreement <span class=\"wpforms-required-label\">*<\/span><\/label><ul id=\"wpforms-378-field_5\" class=\"wpforms-field-required\"><li class=\"choice-1\"><input type=\"checkbox\" id=\"wpforms-378-field_5_1\" name=\"wpforms[fields][5][]\" value=\"I consent to having this website store my submitted information so they can respond to my inquiry.\" required ><label class=\"wpforms-field-label-inline\" for=\"wpforms-378-field_5_1\">I consent to having this website store my submitted information so they can respond to my inquiry.<\/label><\/li><\/ul><\/div><\/div><!-- .wpforms-field-container --><div class=\"wpforms-recaptcha-container wpforms-is-recaptcha wpforms-is-recaptcha-type-v3\" ><input type=\"hidden\" name=\"wpforms[recaptcha]\" value=\"\"><\/div><div class=\"wpforms-submit-container\" ><input type=\"hidden\" name=\"wpforms[id]\" value=\"378\"><input type=\"hidden\" name=\"page_title\" value=\"\"><input type=\"hidden\" name=\"page_url\" value=\"https:\/\/kelterborn-crafts.com\/cz\/wp-json\/wp\/v2\/pages\/785\"><input type=\"hidden\" name=\"url_referer\" value=\"\"><button type=\"submit\" name=\"wpforms[submit]\" id=\"wpforms-submit-378\" class=\"wpforms-submit\" data-alt-text=\"Sending...\" data-submit-text=\"Send Message\" aria-live=\"assertive\" value=\"wpforms-submit\">Send Message<\/button><\/div><\/form><\/div>  <!-- .wpforms-container -->\t\t\t\t<\/div>\n\t\t\t\t<\/div>\n\t\t\t\t<\/div>\n\t\t<div class=\"elementor-element elementor-element-17f459d e-con-full e-flex e-con e-child\" data-id=\"17f459d\" data-element_type=\"container\" data-e-type=\"container\">\n\t\t\t\t<div class=\"elementor-element elementor-element-e40298f elementor-widget elementor-widget-spacer\" data-id=\"e40298f\" data-element_type=\"widget\" data-e-type=\"widget\" data-widget_type=\"spacer.default\">\n\t\t\t\t<div class=\"elementor-widget-container\">\n\t\t\t\t\t\t\t<div class=\"elementor-spacer\">\n\t\t\t<div class=\"elementor-spacer-inner\"><\/div>\n\t\t<\/div>\n\t\t\t\t\t\t<\/div>\n\t\t\t\t<\/div>\n\t\t\t\t<div class=\"elementor-element elementor-element-0229fab elementor-widget elementor-widget-image\" data-id=\"0229fab\" data-element_type=\"widget\" data-e-type=\"widget\" data-widget_type=\"image.default\">\n\t\t\t\t<div class=\"elementor-widget-container\">\n\t\t\t\t\t\t\t\t\t\t\t\t\t\t\t<img decoding=\"async\" width=\"106\" height=\"283\" src=\"https:\/\/kelterborn-crafts.com\/wp-content\/uploads\/2023\/02\/oddelovniky-briza-vert.png\" class=\"attachment-large size-large wp-image-2355\" alt=\"\" srcset=\"https:\/\/kelterborn-crafts.com\/wp-content\/uploads\/2023\/02\/oddelovniky-briza-vert.png 106w, https:\/\/kelterborn-crafts.com\/wp-content\/uploads\/2023\/02\/oddelovniky-briza-vert-4x12.png 4w\" sizes=\"(max-width: 106px) 100vw, 106px\" \/>\t\t\t\t\t\t\t\t\t\t\t\t\t\t\t<\/div>\n\t\t\t\t<\/div>\n\t\t\t\t<\/div>\n\t\t\t\t\t<\/div>\n\t\t\t\t<\/div>\n\t\t<div class=\"elementor-element elementor-element-3af31ee e-flex e-con-boxed e-con e-parent\" data-id=\"3af31ee\" data-element_type=\"container\" data-e-type=\"container\">\n\t\t\t\t\t<div class=\"e-con-inner\">\n\t\t<div class=\"elementor-element elementor-element-23e6bfe8 e-con-full e-flex e-con e-child\" data-id=\"23e6bfe8\" data-element_type=\"container\" data-e-type=\"container\" data-settings=\"{&quot;background_background&quot;:&quot;classic&quot;}\">\n\t\t\t\t<div class=\"elementor-element elementor-element-1d17c13a elementor-widget__width-initial elementor-view-default elementor-position-block-start elementor-mobile-position-block-start elementor-widget elementor-widget-icon-box\" data-id=\"1d17c13a\" data-element_type=\"widget\" data-e-type=\"widget\" data-widget_type=\"icon-box.default\">\n\t\t\t\t<div class=\"elementor-widget-container\">\n\t\t\t\t\t\t\t<div class=\"elementor-icon-box-wrapper\">\n\n\t\t\t\t\t\t<div class=\"elementor-icon-box-icon\">\n\t\t\t\t<span  class=\"elementor-icon\">\n\t\t\t\t<i aria-hidden=\"true\" class=\"fas fa-map-marker-alt\"><\/i>\t\t\t\t<\/span>\n\t\t\t<\/div>\n\t\t\t\n\t\t\t\t\t\t<div class=\"elementor-icon-box-content\">\n\n\t\t\t\t\t\t\t\t\t<h3 class=\"elementor-icon-box-title\">\n\t\t\t\t\t\t<span  >\n\t\t\t\t\t\t\tPhysical Address\u200b\u200b\t\t\t\t\t\t<\/span>\n\t\t\t\t\t<\/h3>\n\t\t\t\t\n\t\t\t\t\t\t\t\t\t<p class=\"elementor-icon-box-description\">\n\t\t\t\t\t\tIng. Kate\u0159ina Kelterborn<br>\n\nTu\u010dkova 919\/28<br>\n\n602 00   Brno<br>\n\nCzech Republic\t\t\t\t\t<\/p>\n\t\t\t\t\n\t\t\t<\/div>\n\t\t\t\n\t\t<\/div>\n\t\t\t\t\t\t<\/div>\n\t\t\t\t<\/div>\n\t\t\t\t<\/div>\n\t\t<div class=\"elementor-element elementor-element-3d0199d4 e-con-full e-flex e-con e-child\" data-id=\"3d0199d4\" data-element_type=\"container\" data-e-type=\"container\" data-settings=\"{&quot;background_background&quot;:&quot;classic&quot;}\">\n\t\t\t\t<div class=\"elementor-element elementor-element-3ab5ff39 elementor-view-default elementor-position-block-start elementor-mobile-position-block-start elementor-widget elementor-widget-icon-box\" data-id=\"3ab5ff39\" data-element_type=\"widget\" data-e-type=\"widget\" data-widget_type=\"icon-box.default\">\n\t\t\t\t<div class=\"elementor-widget-container\">\n\t\t\t\t\t\t\t<div class=\"elementor-icon-box-wrapper\">\n\n\t\t\t\t\t\t<div class=\"elementor-icon-box-icon\">\n\t\t\t\t<span  class=\"elementor-icon\">\n\t\t\t\t<i aria-hidden=\"true\" class=\"far fa-envelope\"><\/i>\t\t\t\t<\/span>\n\t\t\t<\/div>\n\t\t\t\n\t\t\t\t\t\t<div class=\"elementor-icon-box-content\">\n\n\t\t\t\t\t\t\t\t\t<h3 class=\"elementor-icon-box-title\">\n\t\t\t\t\t\t<span  >\n\t\t\t\t\t\t\tEmail Address\t\t\t\t\t\t<\/span>\n\t\t\t\t\t<\/h3>\n\t\t\t\t\n\t\t\t\t\t\t\t\t\t<p class=\"elementor-icon-box-description\">\n\t\t\t\t\t\t\ninfo@kelterborn-crafts.com\t\t\t\t\t<\/p>\n\t\t\t\t\n\t\t\t<\/div>\n\t\t\t\n\t\t<\/div>\n\t\t\t\t\t\t<\/div>\n\t\t\t\t<\/div>\n\t\t\t\t<\/div>\n\t\t<div class=\"elementor-element elementor-element-2d050f7d e-con-full e-flex e-con e-child\" data-id=\"2d050f7d\" data-element_type=\"container\" data-e-type=\"container\" data-settings=\"{&quot;background_background&quot;:&quot;classic&quot;}\">\n\t\t\t\t<div class=\"elementor-element elementor-element-18a43565 elementor-view-default elementor-position-block-start elementor-mobile-position-block-start elementor-widget elementor-widget-icon-box\" data-id=\"18a43565\" data-element_type=\"widget\" data-e-type=\"widget\" data-widget_type=\"icon-box.default\">\n\t\t\t\t<div class=\"elementor-widget-container\">\n\t\t\t\t\t\t\t<div class=\"elementor-icon-box-wrapper\">\n\n\t\t\t\t\t\t<div class=\"elementor-icon-box-icon\">\n\t\t\t\t<span  class=\"elementor-icon\">\n\t\t\t\t<i aria-hidden=\"true\" class=\"fas fa-leaf\"><\/i>\t\t\t\t<\/span>\n\t\t\t<\/div>\n\t\t\t\n\t\t\t\t\t\t<div class=\"elementor-icon-box-content\">\n\n\t\t\t\t\t\t\t\t\t<h3 class=\"elementor-icon-box-title\">\n\t\t\t\t\t\t<span  >\n\t\t\t\t\t\t\tFollow us on\t\t\t\t\t\t<\/span>\n\t\t\t\t\t<\/h3>\n\t\t\t\t\n\t\t\t\t\n\t\t\t<\/div>\n\t\t\t\n\t\t<\/div>\n\t\t\t\t\t\t<\/div>\n\t\t\t\t<\/div>\n\t\t\t\t<div class=\"elementor-element elementor-element-d7bbcfe elementor-shape-rounded elementor-grid-0 e-grid-align-center elementor-widget elementor-widget-social-icons\" data-id=\"d7bbcfe\" data-element_type=\"widget\" data-e-type=\"widget\" data-widget_type=\"social-icons.default\">\n\t\t\t\t<div class=\"elementor-widget-container\">\n\t\t\t\t\t\t\t<div class=\"elementor-social-icons-wrapper elementor-grid\" role=\"list\">\n\t\t\t\t\t\t\t<span class=\"elementor-grid-item\" role=\"listitem\">\n\t\t\t\t\t<a class=\"elementor-icon elementor-social-icon elementor-social-icon-facebook elementor-repeater-item-0164cd0\" href=\"https:\/\/www.facebook.com\/KelterbornCrafts\" target=\"_blank\">\n\t\t\t\t\t\t<span class=\"elementor-screen-only\">Facebook<\/span>\n\t\t\t\t\t\t<i aria-hidden=\"true\" class=\"fab fa-facebook\"><\/i>\t\t\t\t\t<\/a>\n\t\t\t\t<\/span>\n\t\t\t\t\t\t\t<span class=\"elementor-grid-item\" role=\"listitem\">\n\t\t\t\t\t<a class=\"elementor-icon elementor-social-icon elementor-social-icon-instagram elementor-repeater-item-298cd0d\" href=\"https:\/\/www.instagram.com\/kelterborn_crafts\/\" target=\"_blank\">\n\t\t\t\t\t\t<span class=\"elementor-screen-only\">Instagram<\/span>\n\t\t\t\t\t\t<i aria-hidden=\"true\" class=\"fab fa-instagram\"><\/i>\t\t\t\t\t<\/a>\n\t\t\t\t<\/span>\n\t\t\t\t\t\t\t<span class=\"elementor-grid-item\" role=\"listitem\">\n\t\t\t\t\t<a class=\"elementor-icon elementor-social-icon elementor-social-icon-pinterest elementor-repeater-item-b3351e7\" href=\"https:\/\/cz.pinterest.com\/kelterborncrafts\/\" target=\"_blank\">\n\t\t\t\t\t\t<span class=\"elementor-screen-only\">Pinterest<\/span>\n\t\t\t\t\t\t<i aria-hidden=\"true\" class=\"fab fa-pinterest\"><\/i>\t\t\t\t\t<\/a>\n\t\t\t\t<\/span>\n\t\t\t\t\t<\/div>\n\t\t\t\t\t\t<\/div>\n\t\t\t\t<\/div>\n\t\t\t\t<\/div>\n\t\t\t\t\t<\/div>\n\t\t\t\t<\/div>\n\t\t\t\t<\/div>\n\t\t","protected":false},"excerpt":{"rendered":"<p>Feel free to to ask your questions or share your ideas with us! Please enable JavaScript in your browser to complete this form.Name *Email Address *Your question or message *GDPR Agreement * I consent to having this website store my submitted information so they can respond to my inquiry. Send Message Physical Address\u200b\u200b Ing. Kate\u0159ina [&hellip;]<\/p>\n","protected":false},"author":1,"featured_media":0,"parent":0,"menu_order":0,"comment_status":"closed","ping_status":"closed","template":"","meta":{"footnotes":""},"class_list":["post-785","page","type-page","status-publish","hentry"],"blocksy_meta":{"styles_descriptor":{"styles":{"desktop":"","tablet":"","mobile":""},"google_fonts":[],"version":6}},"yoast_head":"<!-- This site is optimized with the Yoast SEO plugin v27.3 - https:\/\/yoast.com\/product\/yoast-seo-wordpress\/ -->\n<title>Contact - Kelterborn Crafts<\/title>\n<meta name=\"description\" content=\"Contact us with your questions or share your ideas with us. We are always happy to help!\" \/>\n<meta name=\"robots\" content=\"index, follow, max-snippet:-1, max-image-preview:large, max-video-preview:-1\" \/>\n<link rel=\"canonical\" href=\"https:\/\/kelterborn-crafts.com\/cz\/contact\/\" \/>\n<meta property=\"og:locale\" content=\"cs_CZ\" \/>\n<meta property=\"og:type\" content=\"article\" \/>\n<meta property=\"og:title\" content=\"Contact - Kelterborn Crafts\" \/>\n<meta property=\"og:description\" content=\"Contact us with your questions or share your ideas with us. We are always happy to help!\" \/>\n<meta property=\"og:url\" content=\"https:\/\/kelterborn-crafts.com\/cz\/contact\/\" \/>\n<meta property=\"og:site_name\" content=\"Kelterborn Crafts\" \/>\n<meta property=\"article:publisher\" content=\"https:\/\/www.facebook.com\/KelterbornCrafts\" \/>\n<meta property=\"article:modified_time\" content=\"2024-01-23T16:45:41+00:00\" \/>\n<meta property=\"og:image\" content=\"https:\/\/kelterborn-crafts.com\/wp-content\/uploads\/2023\/02\/oddelovniky-dub-vert.png\" \/>\n<meta name=\"twitter:card\" content=\"summary_large_image\" \/>\n<meta name=\"twitter:label1\" content=\"Odhadovan\u00e1 doba \u010dten\u00ed\" \/>\n\t<meta name=\"twitter:data1\" content=\"1 minuta\" \/>\n<script type=\"application\/ld+json\" class=\"yoast-schema-graph\">{\"@context\":\"https:\\\/\\\/schema.org\",\"@graph\":[{\"@type\":[\"WebPage\",\"ContactPage\"],\"@id\":\"https:\\\/\\\/kelterborn-crafts.com\\\/cz\\\/contact\\\/\",\"url\":\"https:\\\/\\\/kelterborn-crafts.com\\\/cz\\\/contact\\\/\",\"name\":\"Contact - Kelterborn Crafts\",\"isPartOf\":{\"@id\":\"https:\\\/\\\/kelterborn-crafts.com\\\/#website\"},\"primaryImageOfPage\":{\"@id\":\"https:\\\/\\\/kelterborn-crafts.com\\\/cz\\\/contact\\\/#primaryimage\"},\"image\":{\"@id\":\"https:\\\/\\\/kelterborn-crafts.com\\\/cz\\\/contact\\\/#primaryimage\"},\"thumbnailUrl\":\"https:\\\/\\\/kelterborn-crafts.com\\\/wp-content\\\/uploads\\\/2023\\\/02\\\/oddelovniky-dub-vert.png\",\"datePublished\":\"2022-06-09T16:32:01+00:00\",\"dateModified\":\"2024-01-23T16:45:41+00:00\",\"description\":\"Contact us with your questions or share your ideas with us. We are always happy to help!\",\"breadcrumb\":{\"@id\":\"https:\\\/\\\/kelterborn-crafts.com\\\/cz\\\/contact\\\/#breadcrumb\"},\"inLanguage\":\"cs\",\"potentialAction\":[{\"@type\":\"ReadAction\",\"target\":[\"https:\\\/\\\/kelterborn-crafts.com\\\/cz\\\/contact\\\/\"]}]},{\"@type\":\"ImageObject\",\"inLanguage\":\"cs\",\"@id\":\"https:\\\/\\\/kelterborn-crafts.com\\\/cz\\\/contact\\\/#primaryimage\",\"url\":\"https:\\\/\\\/kelterborn-crafts.com\\\/wp-content\\\/uploads\\\/2023\\\/02\\\/oddelovniky-dub-vert.png\",\"contentUrl\":\"https:\\\/\\\/kelterborn-crafts.com\\\/wp-content\\\/uploads\\\/2023\\\/02\\\/oddelovniky-dub-vert.png\"},{\"@type\":\"BreadcrumbList\",\"@id\":\"https:\\\/\\\/kelterborn-crafts.com\\\/cz\\\/contact\\\/#breadcrumb\",\"itemListElement\":[{\"@type\":\"ListItem\",\"position\":1,\"name\":\"Home\",\"item\":\"https:\\\/\\\/kelterborn-crafts.com\\\/\"},{\"@type\":\"ListItem\",\"position\":2,\"name\":\"Contact\"}]},{\"@type\":\"WebSite\",\"@id\":\"https:\\\/\\\/kelterborn-crafts.com\\\/#website\",\"url\":\"https:\\\/\\\/kelterborn-crafts.com\\\/\",\"name\":\"Kelterborn Crafts\",\"description\":\"Handmade Heathen Products\",\"publisher\":{\"@id\":\"https:\\\/\\\/kelterborn-crafts.com\\\/#organization\"},\"potentialAction\":[{\"@type\":\"SearchAction\",\"target\":{\"@type\":\"EntryPoint\",\"urlTemplate\":\"https:\\\/\\\/kelterborn-crafts.com\\\/?s={search_term_string}\"},\"query-input\":{\"@type\":\"PropertyValueSpecification\",\"valueRequired\":true,\"valueName\":\"search_term_string\"}}],\"inLanguage\":\"cs\"},{\"@type\":\"Organization\",\"@id\":\"https:\\\/\\\/kelterborn-crafts.com\\\/#organization\",\"name\":\"Kelterborn Crafts\",\"alternateName\":\"Kelterborn\",\"url\":\"https:\\\/\\\/kelterborn-crafts.com\\\/\",\"logo\":{\"@type\":\"ImageObject\",\"inLanguage\":\"cs\",\"@id\":\"https:\\\/\\\/kelterborn-crafts.com\\\/#\\\/schema\\\/logo\\\/image\\\/\",\"url\":\"https:\\\/\\\/kelterborn-crafts.com\\\/wp-content\\\/uploads\\\/2024\\\/01\\\/Kelterborn-crafts-logo-black.png\",\"contentUrl\":\"https:\\\/\\\/kelterborn-crafts.com\\\/wp-content\\\/uploads\\\/2024\\\/01\\\/Kelterborn-crafts-logo-black.png\",\"width\":738,\"height\":346,\"caption\":\"Kelterborn Crafts\"},\"image\":{\"@id\":\"https:\\\/\\\/kelterborn-crafts.com\\\/#\\\/schema\\\/logo\\\/image\\\/\"},\"sameAs\":[\"https:\\\/\\\/www.facebook.com\\\/KelterbornCrafts\",\"https:\\\/\\\/www.instagram.com\\\/kelterborn_crafts\\\/\",\"https:\\\/\\\/pinterest.com\\\/kelterborncrafts\\\/\"]}]}<\/script>\n<!-- \/ Yoast SEO plugin. -->","yoast_head_json":{"title":"Contact - Kelterborn Crafts","description":"Contact us with your questions or share your ideas with us. We are always happy to help!","robots":{"index":"index","follow":"follow","max-snippet":"max-snippet:-1","max-image-preview":"max-image-preview:large","max-video-preview":"max-video-preview:-1"},"canonical":"https:\/\/kelterborn-crafts.com\/cz\/contact\/","og_locale":"cs_CZ","og_type":"article","og_title":"Contact - Kelterborn Crafts","og_description":"Contact us with your questions or share your ideas with us. We are always happy to help!","og_url":"https:\/\/kelterborn-crafts.com\/cz\/contact\/","og_site_name":"Kelterborn Crafts","article_publisher":"https:\/\/www.facebook.com\/KelterbornCrafts","article_modified_time":"2024-01-23T16:45:41+00:00","og_image":[{"url":"https:\/\/kelterborn-crafts.com\/wp-content\/uploads\/2023\/02\/oddelovniky-dub-vert.png","type":"","width":"","height":""}],"twitter_card":"summary_large_image","twitter_misc":{"Odhadovan\u00e1 doba \u010dten\u00ed":"1 minuta"},"schema":{"@context":"https:\/\/schema.org","@graph":[{"@type":["WebPage","ContactPage"],"@id":"https:\/\/kelterborn-crafts.com\/cz\/contact\/","url":"https:\/\/kelterborn-crafts.com\/cz\/contact\/","name":"Contact - Kelterborn Crafts","isPartOf":{"@id":"https:\/\/kelterborn-crafts.com\/#website"},"primaryImageOfPage":{"@id":"https:\/\/kelterborn-crafts.com\/cz\/contact\/#primaryimage"},"image":{"@id":"https:\/\/kelterborn-crafts.com\/cz\/contact\/#primaryimage"},"thumbnailUrl":"https:\/\/kelterborn-crafts.com\/wp-content\/uploads\/2023\/02\/oddelovniky-dub-vert.png","datePublished":"2022-06-09T16:32:01+00:00","dateModified":"2024-01-23T16:45:41+00:00","description":"Contact us with your questions or share your ideas with us. We are always happy to help!","breadcrumb":{"@id":"https:\/\/kelterborn-crafts.com\/cz\/contact\/#breadcrumb"},"inLanguage":"cs","potentialAction":[{"@type":"ReadAction","target":["https:\/\/kelterborn-crafts.com\/cz\/contact\/"]}]},{"@type":"ImageObject","inLanguage":"cs","@id":"https:\/\/kelterborn-crafts.com\/cz\/contact\/#primaryimage","url":"https:\/\/kelterborn-crafts.com\/wp-content\/uploads\/2023\/02\/oddelovniky-dub-vert.png","contentUrl":"https:\/\/kelterborn-crafts.com\/wp-content\/uploads\/2023\/02\/oddelovniky-dub-vert.png"},{"@type":"BreadcrumbList","@id":"https:\/\/kelterborn-crafts.com\/cz\/contact\/#breadcrumb","itemListElement":[{"@type":"ListItem","position":1,"name":"Home","item":"https:\/\/kelterborn-crafts.com\/"},{"@type":"ListItem","position":2,"name":"Contact"}]},{"@type":"WebSite","@id":"https:\/\/kelterborn-crafts.com\/#website","url":"https:\/\/kelterborn-crafts.com\/","name":"Kelterborn Crafts","description":"Handmade Heathen Products","publisher":{"@id":"https:\/\/kelterborn-crafts.com\/#organization"},"potentialAction":[{"@type":"SearchAction","target":{"@type":"EntryPoint","urlTemplate":"https:\/\/kelterborn-crafts.com\/?s={search_term_string}"},"query-input":{"@type":"PropertyValueSpecification","valueRequired":true,"valueName":"search_term_string"}}],"inLanguage":"cs"},{"@type":"Organization","@id":"https:\/\/kelterborn-crafts.com\/#organization","name":"Kelterborn Crafts","alternateName":"Kelterborn","url":"https:\/\/kelterborn-crafts.com\/","logo":{"@type":"ImageObject","inLanguage":"cs","@id":"https:\/\/kelterborn-crafts.com\/#\/schema\/logo\/image\/","url":"https:\/\/kelterborn-crafts.com\/wp-content\/uploads\/2024\/01\/Kelterborn-crafts-logo-black.png","contentUrl":"https:\/\/kelterborn-crafts.com\/wp-content\/uploads\/2024\/01\/Kelterborn-crafts-logo-black.png","width":738,"height":346,"caption":"Kelterborn Crafts"},"image":{"@id":"https:\/\/kelterborn-crafts.com\/#\/schema\/logo\/image\/"},"sameAs":["https:\/\/www.facebook.com\/KelterbornCrafts","https:\/\/www.instagram.com\/kelterborn_crafts\/","https:\/\/pinterest.com\/kelterborncrafts\/"]}]}},"jetpack_sharing_enabled":true,"_links":{"self":[{"href":"https:\/\/kelterborn-crafts.com\/cz\/wp-json\/wp\/v2\/pages\/785","targetHints":{"allow":["GET"]}}],"collection":[{"href":"https:\/\/kelterborn-crafts.com\/cz\/wp-json\/wp\/v2\/pages"}],"about":[{"href":"https:\/\/kelterborn-crafts.com\/cz\/wp-json\/wp\/v2\/types\/page"}],"author":[{"embeddable":true,"href":"https:\/\/kelterborn-crafts.com\/cz\/wp-json\/wp\/v2\/users\/1"}],"replies":[{"embeddable":true,"href":"https:\/\/kelterborn-crafts.com\/cz\/wp-json\/wp\/v2\/comments?post=785"}],"version-history":[{"count":1,"href":"https:\/\/kelterborn-crafts.com\/cz\/wp-json\/wp\/v2\/pages\/785\/revisions"}],"predecessor-version":[{"id":4818,"href":"https:\/\/kelterborn-crafts.com\/cz\/wp-json\/wp\/v2\/pages\/785\/revisions\/4818"}],"wp:attachment":[{"href":"https:\/\/kelterborn-crafts.com\/cz\/wp-json\/wp\/v2\/media?parent=785"}],"curies":[{"name":"wp","href":"https:\/\/api.w.org\/{rel}","templated":true}]}}