{"id":1473,"date":"2022-09-29T22:26:06","date_gmt":"2022-09-29T20:26:06","guid":{"rendered":"https:\/\/kelterborn-crafts.com\/?post_type=product&#038;p=1473"},"modified":"2026-02-27T11:01:47","modified_gmt":"2026-02-27T10:01:47","slug":"the-pattern-drinking-horn","status":"publish","type":"product","link":"https:\/\/kelterborn-crafts.com\/cz\/produkt\/the-pattern-drinking-horn\/","title":{"rendered":"Roh na pit\u00ed \"Vzor\""},"content":{"rendered":"<p>Mal\u00fd roh na pit\u00ed (300 ml) s vyryt\u00fdmi a pot\u00e9 malovan\u00fdmi zlat\u00fdmi geometrick\u00fdmi motivy, kter\u00e9 rohu d\u00e1vaj\u00ed unik\u00e1tn\u00ed vzhled. Roh samotn\u00fd m\u00e1 neobvyklou hn\u011bdou barvu kombinovanou s \u010dernou a b\u00edlou.<\/p>\n<p>Design je nejprve vyryt do rohu a pot\u00e9 nabarven velmi odolnou szlatou barvou. Tento proces zaru\u010duje dlouhotrvaj\u00edc\u00ed kvalitu barvy, kterou je t\u00e9m\u011b\u0159 nemo\u017en\u00e9 sloupnout.<\/p>\n<hr \/>\n<p>Roh na pit\u00ed je zevnit\u0159 o\u0161et\u0159en potravin\u00e1\u0159sk\u00fdm lakem vhodn\u00fdm pro styk s potravinami.<br \/>\nPros\u00edme, v\u011bnujte pozornost <a href=\"https:\/\/kelterborn-crafts.com\/cz\/usage-and-storage-rules\/\">Doporu\u010den\u00fdch pravidlech pro pou\u017e\u00edv\u00e1n\u00ed a skladov\u00e1n\u00ed.\u00a0<\/a><\/p>\n<p>Nezapome\u0148te se pod\u00edvat na <a href=\"\/cz\/produkt\/geometric-pattern-leather-belt-horn-holder\/\"><strong>Ko\u017een\u00fd z\u00e1v\u011bs na roh \"Geometrick\u00e9 vzory\"<\/strong><\/a> , kter\u00fd je navr\u017een p\u0159esn\u011b pro tento roh!<\/p>\n<hr \/>\n<p>&nbsp;<\/p>","protected":false},"excerpt":{"rendered":"<p>Mal\u00fd, \u00fazk\u00fd roh na pit\u00ed s vyryt\u00fdmi a pot\u00e9 malovan\u00fdmi zlat\u00fdmi geometrick\u00fdmi vzory.<\/p>\n<hr \/>\n<p>Kapacita: 300 ml \/\/ 10 oz<br \/>\nD\u00e9lka (z vrchu dol\u016f): 40 cm \/\/ 16 palc\u016f<br \/>\nObvod na vrchn\u00ed stran\u011b: 6 cm \/\/ 2 palce<\/p>\n<p>&nbsp;<\/p>\n<p>&nbsp;<\/p>","protected":false},"featured_media":1477,"comment_status":"open","ping_status":"closed","template":"","meta":[],"product_brand":[],"product_cat":[24,129],"product_tag":[45,25],"class_list":{"0":"post-1473","1":"product","2":"type-product","3":"status-publish","4":"has-post-thumbnail","6":"product_cat-drinking-horns","7":"product_cat-geometric-drinking-horns","8":"product_tag-carved-and-painted","9":"product_tag-drinking-horn","11":"first","12":"instock","13":"sold-individually","14":"shipping-taxable","15":"purchasable","16":"product-type-simple"},"yoast_head":"<!-- This site is optimized with the Yoast SEO plugin v27.3 - https:\/\/yoast.com\/product\/yoast-seo-wordpress\/ -->\n<title>&quot;The Pattern&quot; Drinking Horn - Kelterborn Crafts<\/title>\n<meta name=\"robots\" content=\"index, follow, max-snippet:-1, max-image-preview:large, max-video-preview:-1\" \/>\n<link rel=\"canonical\" href=\"https:\/\/kelterborn-crafts.com\/cz\/produkt\/the-pattern-drinking-horn\/\" \/>\n<meta property=\"og:locale\" content=\"cs_CZ\" \/>\n<meta property=\"og:type\" content=\"article\" \/>\n<meta property=\"og:title\" content=\"&quot;The Pattern&quot; Drinking Horn - Kelterborn Crafts\" \/>\n<meta property=\"og:description\" content=\"A small, narrow drinking horn engraved and painted with golden geometric patterns.    Capacity: 300 ml \/\/ 10 oz Length (from top to bottom): 40 cm \/\/ 16 inches Diameter on top: 5,5 cm \/\/ 2 inches  &nbsp;  &nbsp;\" \/>\n<meta property=\"og:url\" content=\"https:\/\/kelterborn-crafts.com\/cz\/produkt\/the-pattern-drinking-horn\/\" \/>\n<meta property=\"og:site_name\" content=\"Kelterborn Crafts\" \/>\n<meta property=\"article:publisher\" content=\"https:\/\/www.facebook.com\/KelterbornCrafts\" \/>\n<meta property=\"article:modified_time\" content=\"2026-02-27T10:01:47+00:00\" \/>\n<meta property=\"og:image\" content=\"https:\/\/kelterborn-crafts.com\/wp-content\/uploads\/2022\/09\/pattern3.jpg\" \/>\n\t<meta property=\"og:image:width\" content=\"1499\" \/>\n\t<meta property=\"og:image:height\" content=\"2119\" \/>\n\t<meta property=\"og:image:type\" content=\"image\/jpeg\" \/>\n<meta name=\"twitter:card\" content=\"summary_large_image\" \/>\n<meta name=\"twitter:label1\" content=\"Odhadovan\u00e1 doba \u010dten\u00ed\" \/>\n\t<meta name=\"twitter:data1\" content=\"1 minuta\" \/>\n<script type=\"application\/ld+json\" class=\"yoast-schema-graph\">{\"@context\":\"https:\\\/\\\/schema.org\",\"@graph\":[{\"@type\":\"WebPage\",\"@id\":\"https:\\\/\\\/kelterborn-crafts.com\\\/product\\\/the-pattern-drinking-horn\\\/\",\"url\":\"https:\\\/\\\/kelterborn-crafts.com\\\/product\\\/the-pattern-drinking-horn\\\/\",\"name\":\"\\\"The Pattern\\\" Drinking Horn - Kelterborn Crafts\",\"isPartOf\":{\"@id\":\"https:\\\/\\\/kelterborn-crafts.com\\\/#website\"},\"primaryImageOfPage\":{\"@id\":\"https:\\\/\\\/kelterborn-crafts.com\\\/product\\\/the-pattern-drinking-horn\\\/#primaryimage\"},\"image\":{\"@id\":\"https:\\\/\\\/kelterborn-crafts.com\\\/product\\\/the-pattern-drinking-horn\\\/#primaryimage\"},\"thumbnailUrl\":\"https:\\\/\\\/kelterborn-crafts.com\\\/wp-content\\\/uploads\\\/2022\\\/09\\\/pattern3.jpg\",\"datePublished\":\"2022-09-29T20:26:06+00:00\",\"dateModified\":\"2026-02-27T10:01:47+00:00\",\"breadcrumb\":{\"@id\":\"https:\\\/\\\/kelterborn-crafts.com\\\/product\\\/the-pattern-drinking-horn\\\/#breadcrumb\"},\"inLanguage\":\"cs\",\"potentialAction\":[{\"@type\":\"ReadAction\",\"target\":[\"https:\\\/\\\/kelterborn-crafts.com\\\/product\\\/the-pattern-drinking-horn\\\/\"]}]},{\"@type\":\"ImageObject\",\"inLanguage\":\"cs\",\"@id\":\"https:\\\/\\\/kelterborn-crafts.com\\\/product\\\/the-pattern-drinking-horn\\\/#primaryimage\",\"url\":\"https:\\\/\\\/kelterborn-crafts.com\\\/wp-content\\\/uploads\\\/2022\\\/09\\\/pattern3.jpg\",\"contentUrl\":\"https:\\\/\\\/kelterborn-crafts.com\\\/wp-content\\\/uploads\\\/2022\\\/09\\\/pattern3.jpg\",\"width\":1499,\"height\":2119,\"caption\":\"horn\"},{\"@type\":\"BreadcrumbList\",\"@id\":\"https:\\\/\\\/kelterborn-crafts.com\\\/product\\\/the-pattern-drinking-horn\\\/#breadcrumb\",\"itemListElement\":[{\"@type\":\"ListItem\",\"position\":1,\"name\":\"Home\",\"item\":\"https:\\\/\\\/kelterborn-crafts.com\\\/\"},{\"@type\":\"ListItem\",\"position\":2,\"name\":\"Shop\",\"item\":\"https:\\\/\\\/kelterborn-crafts.com\\\/cz\\\/shop\\\/\"},{\"@type\":\"ListItem\",\"position\":3,\"name\":\"&#8220;The Pattern&#8221; Drinking Horn\"}]},{\"@type\":\"WebSite\",\"@id\":\"https:\\\/\\\/kelterborn-crafts.com\\\/#website\",\"url\":\"https:\\\/\\\/kelterborn-crafts.com\\\/\",\"name\":\"Kelterborn Crafts\",\"description\":\"Handmade Heathen Products\",\"publisher\":{\"@id\":\"https:\\\/\\\/kelterborn-crafts.com\\\/#organization\"},\"potentialAction\":[{\"@type\":\"SearchAction\",\"target\":{\"@type\":\"EntryPoint\",\"urlTemplate\":\"https:\\\/\\\/kelterborn-crafts.com\\\/?s={search_term_string}\"},\"query-input\":{\"@type\":\"PropertyValueSpecification\",\"valueRequired\":true,\"valueName\":\"search_term_string\"}}],\"inLanguage\":\"cs\"},{\"@type\":\"Organization\",\"@id\":\"https:\\\/\\\/kelterborn-crafts.com\\\/#organization\",\"name\":\"Kelterborn Crafts\",\"alternateName\":\"Kelterborn\",\"url\":\"https:\\\/\\\/kelterborn-crafts.com\\\/\",\"logo\":{\"@type\":\"ImageObject\",\"inLanguage\":\"cs\",\"@id\":\"https:\\\/\\\/kelterborn-crafts.com\\\/#\\\/schema\\\/logo\\\/image\\\/\",\"url\":\"https:\\\/\\\/kelterborn-crafts.com\\\/wp-content\\\/uploads\\\/2024\\\/01\\\/Kelterborn-crafts-logo-black.png\",\"contentUrl\":\"https:\\\/\\\/kelterborn-crafts.com\\\/wp-content\\\/uploads\\\/2024\\\/01\\\/Kelterborn-crafts-logo-black.png\",\"width\":738,\"height\":346,\"caption\":\"Kelterborn Crafts\"},\"image\":{\"@id\":\"https:\\\/\\\/kelterborn-crafts.com\\\/#\\\/schema\\\/logo\\\/image\\\/\"},\"sameAs\":[\"https:\\\/\\\/www.facebook.com\\\/KelterbornCrafts\",\"https:\\\/\\\/www.instagram.com\\\/kelterborn_crafts\\\/\",\"https:\\\/\\\/pinterest.com\\\/kelterborncrafts\\\/\"]}]}<\/script>\n<!-- \/ Yoast SEO plugin. -->","yoast_head_json":{"title":"\"The Pattern\" Drinking Horn - Kelterborn Crafts","robots":{"index":"index","follow":"follow","max-snippet":"max-snippet:-1","max-image-preview":"max-image-preview:large","max-video-preview":"max-video-preview:-1"},"canonical":"https:\/\/kelterborn-crafts.com\/cz\/produkt\/the-pattern-drinking-horn\/","og_locale":"cs_CZ","og_type":"article","og_title":"\"The Pattern\" Drinking Horn - Kelterborn Crafts","og_description":"A small, narrow drinking horn engraved and painted with golden geometric patterns.    Capacity: 300 ml \/\/ 10 oz Length (from top to bottom): 40 cm \/\/ 16 inches Diameter on top: 5,5 cm \/\/ 2 inches  &nbsp;  &nbsp;","og_url":"https:\/\/kelterborn-crafts.com\/cz\/produkt\/the-pattern-drinking-horn\/","og_site_name":"Kelterborn Crafts","article_publisher":"https:\/\/www.facebook.com\/KelterbornCrafts","article_modified_time":"2026-02-27T10:01:47+00:00","og_image":[{"width":1499,"height":2119,"url":"https:\/\/kelterborn-crafts.com\/wp-content\/uploads\/2022\/09\/pattern3.jpg","type":"image\/jpeg"}],"twitter_card":"summary_large_image","twitter_misc":{"Odhadovan\u00e1 doba \u010dten\u00ed":"1 minuta"},"schema":{"@context":"https:\/\/schema.org","@graph":[{"@type":"WebPage","@id":"https:\/\/kelterborn-crafts.com\/product\/the-pattern-drinking-horn\/","url":"https:\/\/kelterborn-crafts.com\/product\/the-pattern-drinking-horn\/","name":"\"The Pattern\" Drinking Horn - Kelterborn Crafts","isPartOf":{"@id":"https:\/\/kelterborn-crafts.com\/#website"},"primaryImageOfPage":{"@id":"https:\/\/kelterborn-crafts.com\/product\/the-pattern-drinking-horn\/#primaryimage"},"image":{"@id":"https:\/\/kelterborn-crafts.com\/product\/the-pattern-drinking-horn\/#primaryimage"},"thumbnailUrl":"https:\/\/kelterborn-crafts.com\/wp-content\/uploads\/2022\/09\/pattern3.jpg","datePublished":"2022-09-29T20:26:06+00:00","dateModified":"2026-02-27T10:01:47+00:00","breadcrumb":{"@id":"https:\/\/kelterborn-crafts.com\/product\/the-pattern-drinking-horn\/#breadcrumb"},"inLanguage":"cs","potentialAction":[{"@type":"ReadAction","target":["https:\/\/kelterborn-crafts.com\/product\/the-pattern-drinking-horn\/"]}]},{"@type":"ImageObject","inLanguage":"cs","@id":"https:\/\/kelterborn-crafts.com\/product\/the-pattern-drinking-horn\/#primaryimage","url":"https:\/\/kelterborn-crafts.com\/wp-content\/uploads\/2022\/09\/pattern3.jpg","contentUrl":"https:\/\/kelterborn-crafts.com\/wp-content\/uploads\/2022\/09\/pattern3.jpg","width":1499,"height":2119,"caption":"horn"},{"@type":"BreadcrumbList","@id":"https:\/\/kelterborn-crafts.com\/product\/the-pattern-drinking-horn\/#breadcrumb","itemListElement":[{"@type":"ListItem","position":1,"name":"Home","item":"https:\/\/kelterborn-crafts.com\/"},{"@type":"ListItem","position":2,"name":"Shop","item":"https:\/\/kelterborn-crafts.com\/cz\/shop\/"},{"@type":"ListItem","position":3,"name":"&#8220;The Pattern&#8221; Drinking Horn"}]},{"@type":"WebSite","@id":"https:\/\/kelterborn-crafts.com\/#website","url":"https:\/\/kelterborn-crafts.com\/","name":"Kelterborn Crafts","description":"Handmade Heathen Products","publisher":{"@id":"https:\/\/kelterborn-crafts.com\/#organization"},"potentialAction":[{"@type":"SearchAction","target":{"@type":"EntryPoint","urlTemplate":"https:\/\/kelterborn-crafts.com\/?s={search_term_string}"},"query-input":{"@type":"PropertyValueSpecification","valueRequired":true,"valueName":"search_term_string"}}],"inLanguage":"cs"},{"@type":"Organization","@id":"https:\/\/kelterborn-crafts.com\/#organization","name":"Kelterborn Crafts","alternateName":"Kelterborn","url":"https:\/\/kelterborn-crafts.com\/","logo":{"@type":"ImageObject","inLanguage":"cs","@id":"https:\/\/kelterborn-crafts.com\/#\/schema\/logo\/image\/","url":"https:\/\/kelterborn-crafts.com\/wp-content\/uploads\/2024\/01\/Kelterborn-crafts-logo-black.png","contentUrl":"https:\/\/kelterborn-crafts.com\/wp-content\/uploads\/2024\/01\/Kelterborn-crafts-logo-black.png","width":738,"height":346,"caption":"Kelterborn Crafts"},"image":{"@id":"https:\/\/kelterborn-crafts.com\/#\/schema\/logo\/image\/"},"sameAs":["https:\/\/www.facebook.com\/KelterbornCrafts","https:\/\/www.instagram.com\/kelterborn_crafts\/","https:\/\/pinterest.com\/kelterborncrafts\/"]}]}},"jetpack_sharing_enabled":true,"_links":{"self":[{"href":"https:\/\/kelterborn-crafts.com\/cz\/wp-json\/wp\/v2\/product\/1473","targetHints":{"allow":["GET"]}}],"collection":[{"href":"https:\/\/kelterborn-crafts.com\/cz\/wp-json\/wp\/v2\/product"}],"about":[{"href":"https:\/\/kelterborn-crafts.com\/cz\/wp-json\/wp\/v2\/types\/product"}],"replies":[{"embeddable":true,"href":"https:\/\/kelterborn-crafts.com\/cz\/wp-json\/wp\/v2\/comments?post=1473"}],"version-history":[{"count":1,"href":"https:\/\/kelterborn-crafts.com\/cz\/wp-json\/wp\/v2\/product\/1473\/revisions"}],"predecessor-version":[{"id":28734,"href":"https:\/\/kelterborn-crafts.com\/cz\/wp-json\/wp\/v2\/product\/1473\/revisions\/28734"}],"wp:featuredmedia":[{"embeddable":true,"href":"https:\/\/kelterborn-crafts.com\/cz\/wp-json\/wp\/v2\/media\/1477"}],"wp:attachment":[{"href":"https:\/\/kelterborn-crafts.com\/cz\/wp-json\/wp\/v2\/media?parent=1473"}],"wp:term":[{"taxonomy":"product_brand","embeddable":true,"href":"https:\/\/kelterborn-crafts.com\/cz\/wp-json\/wp\/v2\/product_brand?post=1473"},{"taxonomy":"product_cat","embeddable":true,"href":"https:\/\/kelterborn-crafts.com\/cz\/wp-json\/wp\/v2\/product_cat?post=1473"},{"taxonomy":"product_tag","embeddable":true,"href":"https:\/\/kelterborn-crafts.com\/cz\/wp-json\/wp\/v2\/product_tag?post=1473"}],"curies":[{"name":"wp","href":"https:\/\/api.w.org\/{rel}","templated":true}]}}