{"id":1478,"date":"2022-09-29T23:30:10","date_gmt":"2022-09-29T21:30:10","guid":{"rendered":"https:\/\/kelterborn-crafts.com\/?post_type=product&#038;p=1478"},"modified":"2026-02-27T11:07:18","modified_gmt":"2026-02-27T10:07:18","slug":"mjollnir-drinking-horn","status":"publish","type":"product","link":"https:\/\/kelterborn-crafts.com\/cz\/produkt\/mjollnir-drinking-horn\/","title":{"rendered":"Roh na pit\u00ed \"Mjollnir\""},"content":{"rendered":"<p>St\u0159edn\u011b velk\u00fd, ale robustn\u00ed roh na pit\u00ed s vyp\u00e1len\u00fdm Mjollnirem (Thorov\u00fdm kladivem) pomoc\u00ed pyrografick\u00e9ho pera.<\/p>\n<hr \/>\n<p>Roh na pit\u00ed je zevnit\u0159 o\u0161et\u0159en potravin\u00e1\u0159sk\u00fdm lakem vhodn\u00fdm pro styk s potravinami.<br \/>\nPros\u00edme, v\u011bnujte pozornost <a href=\"https:\/\/kelterborn-crafts.com\/cz\/usage-and-storage-rules\/\">Doporu\u010den\u00fdm pravidl\u016fm pou\u017e\u00edv\u00e1n\u00ed a skladov\u00e1n\u00ed.<\/a><\/p>\n<hr \/>\n<p>&nbsp;<\/p>","protected":false},"excerpt":{"rendered":"<p><span style=\"color: #339966;\"><strong>! Please click on the picture to get full view !<\/strong><\/span><\/p>\n<hr \/>\n<p>Medium sized, sturdy drinking horn with Mjollnir (Thor\u00b4s hammer) design burned into the horn with a pyrography pen.<\/p>\n<hr \/>\n<p>Capacity: 350 ml \/\/ 12 oz<\/p>\n<p>Length (from top to bottom): 40 cm \/\/ 15,75 inches<\/p>\n<p><span data-sheets-root=\"1\" data-sheets-value=\"{&quot;1&quot;:2,&quot;2&quot;:&quot;Diameter (on top)&quot;}\" data-sheets-userformat=\"{&quot;2&quot;:16917,&quot;3&quot;:{&quot;1&quot;:0},&quot;5&quot;:{&quot;1&quot;:[{&quot;1&quot;:2,&quot;2&quot;:0,&quot;5&quot;:{&quot;1&quot;:2,&quot;2&quot;:0}},{&quot;1&quot;:0,&quot;2&quot;:0,&quot;3&quot;:3},{&quot;1&quot;:1,&quot;2&quot;:0,&quot;4&quot;:3}]},&quot;7&quot;:{&quot;1&quot;:[{&quot;1&quot;:2,&quot;2&quot;:0,&quot;5&quot;:{&quot;1&quot;:2,&quot;2&quot;:0}},{&quot;1&quot;:0,&quot;2&quot;:0,&quot;3&quot;:3},{&quot;1&quot;:1,&quot;2&quot;:0,&quot;4&quot;:3}]},&quot;12&quot;:0,&quot;17&quot;:1}\">Diameter (on top)<\/span>: 7 cm \/\/ 2,75 inches<\/p>\n","protected":false},"featured_media":1923,"comment_status":"open","ping_status":"closed","template":"","meta":[],"product_brand":[],"product_cat":[24,72],"product_tag":[25,130,109,43,44,131],"class_list":{"0":"post-1478","1":"product","2":"type-product","3":"status-publish","4":"has-post-thumbnail","6":"product_cat-drinking-horns","7":"product_cat-nordic-drinking-horns","8":"product_tag-drinking-horn","9":"product_tag-mjollnir","10":"product_tag-myth","11":"product_tag-nordic","12":"product_tag-pyrography","13":"product_tag-thor","15":"first","16":"instock","17":"sold-individually","18":"shipping-taxable","19":"purchasable","20":"product-type-simple"},"yoast_head":"<!-- This site is optimized with the Yoast SEO plugin v27.3 - https:\/\/yoast.com\/product\/yoast-seo-wordpress\/ -->\n<title>&quot;Mjollnir&quot; Drinking Horn - Kelterborn Crafts<\/title>\n<meta name=\"robots\" content=\"index, follow, max-snippet:-1, max-image-preview:large, max-video-preview:-1\" \/>\n<link rel=\"canonical\" href=\"https:\/\/kelterborn-crafts.com\/cz\/produkt\/mjollnir-drinking-horn\/\" \/>\n<meta property=\"og:locale\" content=\"cs_CZ\" \/>\n<meta property=\"og:type\" content=\"article\" \/>\n<meta property=\"og:title\" content=\"&quot;Mjollnir&quot; Drinking Horn - Kelterborn Crafts\" \/>\n<meta property=\"og:description\" content=\"! Please click on the picture to get full view !    Medium sized, sturdy drinking horn with Mjollnir (Thor\u00b4s hammer) design burned into the horn with a pyrography pen.    Capacity: 350 ml \/\/ 12 oz  Length (from top to bottom): 40 cm \/\/ 15,75 inches  Diameter (on top): 7 cm \/\/ 2,75 inches\" \/>\n<meta property=\"og:url\" content=\"https:\/\/kelterborn-crafts.com\/cz\/produkt\/mjollnir-drinking-horn\/\" \/>\n<meta property=\"og:site_name\" content=\"Kelterborn Crafts\" \/>\n<meta property=\"article:publisher\" content=\"https:\/\/www.facebook.com\/KelterbornCrafts\" \/>\n<meta property=\"article:modified_time\" content=\"2026-02-27T10:07:18+00:00\" \/>\n<meta property=\"og:image\" content=\"https:\/\/kelterborn-crafts.com\/wp-content\/uploads\/2022\/09\/mjollnir-WTM-1.jpg\" \/>\n\t<meta property=\"og:image:width\" content=\"1367\" \/>\n\t<meta property=\"og:image:height\" content=\"2384\" \/>\n\t<meta property=\"og:image:type\" content=\"image\/jpeg\" \/>\n<meta name=\"twitter:card\" content=\"summary_large_image\" \/>\n<script type=\"application\/ld+json\" class=\"yoast-schema-graph\">{\"@context\":\"https:\\\/\\\/schema.org\",\"@graph\":[{\"@type\":\"WebPage\",\"@id\":\"https:\\\/\\\/kelterborn-crafts.com\\\/product\\\/mjollnir-drinking-horn\\\/\",\"url\":\"https:\\\/\\\/kelterborn-crafts.com\\\/product\\\/mjollnir-drinking-horn\\\/\",\"name\":\"\\\"Mjollnir\\\" Drinking Horn - Kelterborn Crafts\",\"isPartOf\":{\"@id\":\"https:\\\/\\\/kelterborn-crafts.com\\\/#website\"},\"primaryImageOfPage\":{\"@id\":\"https:\\\/\\\/kelterborn-crafts.com\\\/product\\\/mjollnir-drinking-horn\\\/#primaryimage\"},\"image\":{\"@id\":\"https:\\\/\\\/kelterborn-crafts.com\\\/product\\\/mjollnir-drinking-horn\\\/#primaryimage\"},\"thumbnailUrl\":\"https:\\\/\\\/kelterborn-crafts.com\\\/wp-content\\\/uploads\\\/2022\\\/09\\\/mjollnir-WTM-1.jpg\",\"datePublished\":\"2022-09-29T21:30:10+00:00\",\"dateModified\":\"2026-02-27T10:07:18+00:00\",\"breadcrumb\":{\"@id\":\"https:\\\/\\\/kelterborn-crafts.com\\\/product\\\/mjollnir-drinking-horn\\\/#breadcrumb\"},\"inLanguage\":\"cs\",\"potentialAction\":[{\"@type\":\"ReadAction\",\"target\":[\"https:\\\/\\\/kelterborn-crafts.com\\\/product\\\/mjollnir-drinking-horn\\\/\"]}]},{\"@type\":\"ImageObject\",\"inLanguage\":\"cs\",\"@id\":\"https:\\\/\\\/kelterborn-crafts.com\\\/product\\\/mjollnir-drinking-horn\\\/#primaryimage\",\"url\":\"https:\\\/\\\/kelterborn-crafts.com\\\/wp-content\\\/uploads\\\/2022\\\/09\\\/mjollnir-WTM-1.jpg\",\"contentUrl\":\"https:\\\/\\\/kelterborn-crafts.com\\\/wp-content\\\/uploads\\\/2022\\\/09\\\/mjollnir-WTM-1.jpg\",\"width\":1367,\"height\":2384,\"caption\":\"horn\"},{\"@type\":\"BreadcrumbList\",\"@id\":\"https:\\\/\\\/kelterborn-crafts.com\\\/product\\\/mjollnir-drinking-horn\\\/#breadcrumb\",\"itemListElement\":[{\"@type\":\"ListItem\",\"position\":1,\"name\":\"Home\",\"item\":\"https:\\\/\\\/kelterborn-crafts.com\\\/\"},{\"@type\":\"ListItem\",\"position\":2,\"name\":\"Shop\",\"item\":\"https:\\\/\\\/kelterborn-crafts.com\\\/cz\\\/shop\\\/\"},{\"@type\":\"ListItem\",\"position\":3,\"name\":\"&#8220;Mjollnir&#8221; Drinking Horn\"}]},{\"@type\":\"WebSite\",\"@id\":\"https:\\\/\\\/kelterborn-crafts.com\\\/#website\",\"url\":\"https:\\\/\\\/kelterborn-crafts.com\\\/\",\"name\":\"Kelterborn Crafts\",\"description\":\"Handmade Heathen Products\",\"publisher\":{\"@id\":\"https:\\\/\\\/kelterborn-crafts.com\\\/#organization\"},\"potentialAction\":[{\"@type\":\"SearchAction\",\"target\":{\"@type\":\"EntryPoint\",\"urlTemplate\":\"https:\\\/\\\/kelterborn-crafts.com\\\/?s={search_term_string}\"},\"query-input\":{\"@type\":\"PropertyValueSpecification\",\"valueRequired\":true,\"valueName\":\"search_term_string\"}}],\"inLanguage\":\"cs\"},{\"@type\":\"Organization\",\"@id\":\"https:\\\/\\\/kelterborn-crafts.com\\\/#organization\",\"name\":\"Kelterborn Crafts\",\"alternateName\":\"Kelterborn\",\"url\":\"https:\\\/\\\/kelterborn-crafts.com\\\/\",\"logo\":{\"@type\":\"ImageObject\",\"inLanguage\":\"cs\",\"@id\":\"https:\\\/\\\/kelterborn-crafts.com\\\/#\\\/schema\\\/logo\\\/image\\\/\",\"url\":\"https:\\\/\\\/kelterborn-crafts.com\\\/wp-content\\\/uploads\\\/2024\\\/01\\\/Kelterborn-crafts-logo-black.png\",\"contentUrl\":\"https:\\\/\\\/kelterborn-crafts.com\\\/wp-content\\\/uploads\\\/2024\\\/01\\\/Kelterborn-crafts-logo-black.png\",\"width\":738,\"height\":346,\"caption\":\"Kelterborn Crafts\"},\"image\":{\"@id\":\"https:\\\/\\\/kelterborn-crafts.com\\\/#\\\/schema\\\/logo\\\/image\\\/\"},\"sameAs\":[\"https:\\\/\\\/www.facebook.com\\\/KelterbornCrafts\",\"https:\\\/\\\/www.instagram.com\\\/kelterborn_crafts\\\/\",\"https:\\\/\\\/pinterest.com\\\/kelterborncrafts\\\/\"]}]}<\/script>\n<!-- \/ Yoast SEO plugin. -->","yoast_head_json":{"title":"\"Mjollnir\" Drinking Horn - Kelterborn Crafts","robots":{"index":"index","follow":"follow","max-snippet":"max-snippet:-1","max-image-preview":"max-image-preview:large","max-video-preview":"max-video-preview:-1"},"canonical":"https:\/\/kelterborn-crafts.com\/cz\/produkt\/mjollnir-drinking-horn\/","og_locale":"cs_CZ","og_type":"article","og_title":"\"Mjollnir\" Drinking Horn - Kelterborn Crafts","og_description":"! Please click on the picture to get full view !    Medium sized, sturdy drinking horn with Mjollnir (Thor\u00b4s hammer) design burned into the horn with a pyrography pen.    Capacity: 350 ml \/\/ 12 oz  Length (from top to bottom): 40 cm \/\/ 15,75 inches  Diameter (on top): 7 cm \/\/ 2,75 inches","og_url":"https:\/\/kelterborn-crafts.com\/cz\/produkt\/mjollnir-drinking-horn\/","og_site_name":"Kelterborn Crafts","article_publisher":"https:\/\/www.facebook.com\/KelterbornCrafts","article_modified_time":"2026-02-27T10:07:18+00:00","og_image":[{"width":1367,"height":2384,"url":"https:\/\/kelterborn-crafts.com\/wp-content\/uploads\/2022\/09\/mjollnir-WTM-1.jpg","type":"image\/jpeg"}],"twitter_card":"summary_large_image","schema":{"@context":"https:\/\/schema.org","@graph":[{"@type":"WebPage","@id":"https:\/\/kelterborn-crafts.com\/product\/mjollnir-drinking-horn\/","url":"https:\/\/kelterborn-crafts.com\/product\/mjollnir-drinking-horn\/","name":"\"Mjollnir\" Drinking Horn - Kelterborn Crafts","isPartOf":{"@id":"https:\/\/kelterborn-crafts.com\/#website"},"primaryImageOfPage":{"@id":"https:\/\/kelterborn-crafts.com\/product\/mjollnir-drinking-horn\/#primaryimage"},"image":{"@id":"https:\/\/kelterborn-crafts.com\/product\/mjollnir-drinking-horn\/#primaryimage"},"thumbnailUrl":"https:\/\/kelterborn-crafts.com\/wp-content\/uploads\/2022\/09\/mjollnir-WTM-1.jpg","datePublished":"2022-09-29T21:30:10+00:00","dateModified":"2026-02-27T10:07:18+00:00","breadcrumb":{"@id":"https:\/\/kelterborn-crafts.com\/product\/mjollnir-drinking-horn\/#breadcrumb"},"inLanguage":"cs","potentialAction":[{"@type":"ReadAction","target":["https:\/\/kelterborn-crafts.com\/product\/mjollnir-drinking-horn\/"]}]},{"@type":"ImageObject","inLanguage":"cs","@id":"https:\/\/kelterborn-crafts.com\/product\/mjollnir-drinking-horn\/#primaryimage","url":"https:\/\/kelterborn-crafts.com\/wp-content\/uploads\/2022\/09\/mjollnir-WTM-1.jpg","contentUrl":"https:\/\/kelterborn-crafts.com\/wp-content\/uploads\/2022\/09\/mjollnir-WTM-1.jpg","width":1367,"height":2384,"caption":"horn"},{"@type":"BreadcrumbList","@id":"https:\/\/kelterborn-crafts.com\/product\/mjollnir-drinking-horn\/#breadcrumb","itemListElement":[{"@type":"ListItem","position":1,"name":"Home","item":"https:\/\/kelterborn-crafts.com\/"},{"@type":"ListItem","position":2,"name":"Shop","item":"https:\/\/kelterborn-crafts.com\/cz\/shop\/"},{"@type":"ListItem","position":3,"name":"&#8220;Mjollnir&#8221; Drinking Horn"}]},{"@type":"WebSite","@id":"https:\/\/kelterborn-crafts.com\/#website","url":"https:\/\/kelterborn-crafts.com\/","name":"Kelterborn Crafts","description":"Handmade Heathen Products","publisher":{"@id":"https:\/\/kelterborn-crafts.com\/#organization"},"potentialAction":[{"@type":"SearchAction","target":{"@type":"EntryPoint","urlTemplate":"https:\/\/kelterborn-crafts.com\/?s={search_term_string}"},"query-input":{"@type":"PropertyValueSpecification","valueRequired":true,"valueName":"search_term_string"}}],"inLanguage":"cs"},{"@type":"Organization","@id":"https:\/\/kelterborn-crafts.com\/#organization","name":"Kelterborn Crafts","alternateName":"Kelterborn","url":"https:\/\/kelterborn-crafts.com\/","logo":{"@type":"ImageObject","inLanguage":"cs","@id":"https:\/\/kelterborn-crafts.com\/#\/schema\/logo\/image\/","url":"https:\/\/kelterborn-crafts.com\/wp-content\/uploads\/2024\/01\/Kelterborn-crafts-logo-black.png","contentUrl":"https:\/\/kelterborn-crafts.com\/wp-content\/uploads\/2024\/01\/Kelterborn-crafts-logo-black.png","width":738,"height":346,"caption":"Kelterborn Crafts"},"image":{"@id":"https:\/\/kelterborn-crafts.com\/#\/schema\/logo\/image\/"},"sameAs":["https:\/\/www.facebook.com\/KelterbornCrafts","https:\/\/www.instagram.com\/kelterborn_crafts\/","https:\/\/pinterest.com\/kelterborncrafts\/"]}]}},"jetpack_sharing_enabled":true,"_links":{"self":[{"href":"https:\/\/kelterborn-crafts.com\/cz\/wp-json\/wp\/v2\/product\/1478","targetHints":{"allow":["GET"]}}],"collection":[{"href":"https:\/\/kelterborn-crafts.com\/cz\/wp-json\/wp\/v2\/product"}],"about":[{"href":"https:\/\/kelterborn-crafts.com\/cz\/wp-json\/wp\/v2\/types\/product"}],"replies":[{"embeddable":true,"href":"https:\/\/kelterborn-crafts.com\/cz\/wp-json\/wp\/v2\/comments?post=1478"}],"version-history":[{"count":1,"href":"https:\/\/kelterborn-crafts.com\/cz\/wp-json\/wp\/v2\/product\/1478\/revisions"}],"predecessor-version":[{"id":28739,"href":"https:\/\/kelterborn-crafts.com\/cz\/wp-json\/wp\/v2\/product\/1478\/revisions\/28739"}],"wp:featuredmedia":[{"embeddable":true,"href":"https:\/\/kelterborn-crafts.com\/cz\/wp-json\/wp\/v2\/media\/1923"}],"wp:attachment":[{"href":"https:\/\/kelterborn-crafts.com\/cz\/wp-json\/wp\/v2\/media?parent=1478"}],"wp:term":[{"taxonomy":"product_brand","embeddable":true,"href":"https:\/\/kelterborn-crafts.com\/cz\/wp-json\/wp\/v2\/product_brand?post=1478"},{"taxonomy":"product_cat","embeddable":true,"href":"https:\/\/kelterborn-crafts.com\/cz\/wp-json\/wp\/v2\/product_cat?post=1478"},{"taxonomy":"product_tag","embeddable":true,"href":"https:\/\/kelterborn-crafts.com\/cz\/wp-json\/wp\/v2\/product_tag?post=1478"}],"curies":[{"name":"wp","href":"https:\/\/api.w.org\/{rel}","templated":true}]}}