{"id":3753,"date":"2023-09-25T17:26:10","date_gmt":"2023-09-25T15:26:10","guid":{"rendered":"https:\/\/kelterborn-crafts.com\/?post_type=product&#038;p=3753"},"modified":"2023-11-13T11:40:20","modified_gmt":"2023-11-13T10:40:20","slug":"fiery-fox-leather-bracelet","status":"publish","type":"product","link":"https:\/\/kelterborn-crafts.com\/cz\/produkt\/fiery-fox-leather-bracelet\/","title":{"rendered":"Ko\u017een\u00fd n\u00e1ramek \"Ohniv\u00e1 li\u0161ka\""},"content":{"rendered":"<p>Ru\u010dn\u011b d\u011blan\u00fd n\u00e1ramek s vyobrazen\u00edm li\u0161ky. Barva je tro\u0161ku tmav\u0161\u00ed ne\u017e na obr\u00e1zku, \u010derven\u00e1 kombinovan\u00e1 na obr\u00e1zku se st\u0159\u00edbrn\u00fdmi a zlat\u00fdmi detaily.<\/p>\n<hr \/>\n<p><strong>Pokud nem\u00e1me velikost, kterou pot\u0159ebujete, vyrob\u00edme V\u00e1m n\u00e1ramek na m\u00edru. <\/strong><\/p>\n<ul>\n<li>Proto\u017ee je ka\u017ed\u00fd v\u00fdrobek ru\u010dn\u011b d\u011blan\u00fd, detaily se m\u016f\u017eou li\u0161it od produktu na fotce.<\/li>\n<li>Produkt je mo\u017en\u00e9 si objedat v jin\u00e9 barv\u011b (nap\u0159\u00edklad z \u010derven\u00e9 na zelenou, ale nem\u016f\u017eeme garantovat nam\u00edch\u00e1n\u00ed p\u0159esn\u00e9ho odst\u00ednu. Obecn\u011b jsou problematick\u00e9 sv\u011btl\u00e9 a pastelov\u00e9 barvy; norm\u00e1ln\u00ed nebo tmav\u0161\u00ed barvy probl\u00e9m nejsou)<\/li>\n<li>Je mo\u017en\u00e9 zm\u011bnit barvu zap\u00ednac\u00edch druk\u016f; obvykle m\u00edv\u00e1me poniklovan\u00e9 (st\u0159\u00edbrn\u00e1 barva), \u010dern\u00fd nikl (tmav\u011b \u0161ed\u00e1 leskl\u00e1) nebo matnou mosaz. Je tak\u00e9 mo\u017en\u00e9 p\u0159idat jeden p\u00e1r druk\u016f nav\u00edc.<\/li>\n<li>\u017d\u00e1dn\u00e9 zm\u011bny v p\u016fvodn\u00ed kresb\u011b\/vzoru nejsou mo\u017en\u00e9.<\/li>\n<li>Doba dod\u00e1n\u00ed bude opo\u017ed\u011bn\u00e1 o 1 - 4 t\u00fddny. D\u00e9lka zdr\u017een\u00ed z\u00e1le\u017e\u00ed na tom, kolik zak\u00e1zek moment\u00e1ln\u011b m\u00e1me.<\/li>\n<\/ul>\n<p><strong>K objedn\u00e1n\u00ed v\u00fdrobku na m\u00edru sta\u010d\u00ed<\/strong>, abyste si tento produkt p\u0159idali do ko\u0161\u00edku, ale nezapome\u0148te <strong>zm\u00ednit n\u00e1sleduj\u00edc\u00ed v Pozn\u00e1mk\u00e1ch k objedn\u00e1vce<\/strong> <strong>u pokladny<\/strong> (Pozn\u00e1mky k objedn\u00e1vce najdete v lev\u00e9m spodn\u00edm rohu str\u00e1nky)<\/p>\n<ul>\n<li>Obvod va\u0161eho z\u00e1p\u011bst\u00ed<\/li>\n<li>Zm\u011bna barvy, pokud j\u00ed po\u017eadujete<\/li>\n<li>Zm\u011bna barvy zap\u00ednac\u00edch druk\u016f, pokud j\u00ed po\u017eadujete<\/li>\n<\/ul>\n<p><strong>D\u016fle\u017eit\u00e9!<\/strong><\/p>\n<ul>\n<li>Koup\u00ed v\u00fdrobku na zak\u00e1zku vyroben\u00e9ho produktu <strong>se vzd\u00e1v\u00e1te pr\u00e1va na vr\u00e1cen\u00ed zbo\u017e\u00ed bez ud\u00e1n\u00ed d\u016fvodu,<\/strong> jak je pops\u00e1no v na\u0161\u00ed <a href=\"https:\/\/kelterborn-crafts.com\/cz\/refund_returns\/\">Politice vr\u00e1cen\u00ed zbo\u017e\u00ed bez ud\u00e1n\u00ed d\u016fvodu.<\/a> Pokud nebudete spokojeni s produktem, pokus\u00edme se to vy\u0159e\u0161it na individu\u00e1ln\u00ed b\u00e1zi. V\u017edy z\u00e1le\u017e\u00ed jak je produkt d\u00e1le prodejn\u00fd.<\/li>\n<li><a href=\"\/cz\/complaints_code\/\">Reklama\u010dn\u00ed \u0159\u00e1d<\/a> je st\u00e1le platn\u00fd pro produkty vyroben\u00e9 na zak\u00e1zku (reklamace \u0159e\u0161\u00ed produkty vadn\u00e9 a\u0165 u\u017e vinou na\u0161\u00ed, nebo vinou dodavatelsk\u00e9 slu\u017eby).<\/li>\n<\/ul>\n<p>Pokud m\u00e1te ot\u00e1zky, pros\u00edm <a href=\"\/cz\/contact\/\">kontaktujte<\/a> n\u00e1s.<\/p>\n<hr \/>","protected":false},"excerpt":{"rendered":"<p><span style=\"color: #ff6600;\"><strong>! Pro pln\u00fd n\u00e1hled pros\u00edm klin\u011bte na obr\u00e1zek !<\/strong><\/span><\/p>\n<hr \/>\n<p>Ru\u010dn\u011b d\u011blan\u00fd n\u00e1ramek s vyobrazen\u00edm li\u0161ky. Barva je tro\u0161ku tmav\u0161\u00ed ne\u017e na obr\u00e1zku, \u010derven\u00e1 kombinovan\u00e1 na obr\u00e1zku se st\u0159\u00edbrn\u00fdmi a zlat\u00fdmi detaily.<\/p>\n<p>Vzor je vyryt\u00fd do k\u016f\u017ee, tak\u017ee se na sv\u011btle kr\u00e1sn\u011b leskne a vynik\u00e1. O v\u00fdrobn\u00edm procesu se dozv\u00edte v\u00edce <a href=\"https:\/\/kelterborn-crafts.com\/cz\/making-leather-bracelets\/\">zde.\u00a0<\/a><\/p>\n<hr \/>\n<p>K\u016f\u017ee je 1,6 - 2 mm tlust\u00e1.<\/p>\n<p><strong>Pro velikost z\u00e1p\u011bst\u00ed: 24 cm<\/strong> (obvod z\u00e1p\u011bst\u00ed)<\/p>\n<p>\u0160\u00ed\u0159ka: 5,3 cm<\/p>\n<p>D\u00e9lka: 26,5 cm<\/p>\n<hr \/>\n<p><strong>Pokud nem\u00e1me vyhovuj\u00edc\u00ed velikost<\/strong>, pros\u00edme napi\u0161te n\u00e1m Va\u0161i velikost a my pro V\u00e1s r\u00e1di zhotov\u00edme n\u00e1ramek na m\u00edru. Je mo\u017en\u00e1 jak\u00e1koli kombinace barvy a designu. V\u00edce se do\u010dtete v Popisu produktu n\u00ed\u017ee.<\/p>","protected":false},"featured_media":3755,"comment_status":"open","ping_status":"closed","template":"","meta":[],"product_brand":[],"product_cat":[65,67],"product_tag":[80,83,84,86,90,85,87],"class_list":{"0":"post-3753","1":"product","2":"type-product","3":"status-publish","4":"has-post-thumbnail","6":"product_cat-leather","7":"product_cat-leather-bracelets","8":"product_tag-animal","9":"product_tag-bracelet","10":"product_tag-fox","11":"product_tag-orange","12":"product_tag-painted-leather","13":"product_tag-red","14":"product_tag-spirit-animal","15":"product_shipping_class-shipping-small-items","17":"first","18":"instock","19":"sold-individually","20":"shipping-taxable","21":"purchasable","22":"product-type-simple"},"yoast_head":"<!-- This site is optimized with the Yoast SEO plugin v27.3 - https:\/\/yoast.com\/product\/yoast-seo-wordpress\/ -->\n<title>Fiery Fox Leather Bracelet - Kelterborn Crafts<\/title>\n<meta name=\"robots\" content=\"index, follow, max-snippet:-1, max-image-preview:large, max-video-preview:-1\" \/>\n<link rel=\"canonical\" href=\"https:\/\/kelterborn-crafts.com\/cz\/produkt\/fiery-fox-leather-bracelet\/\" \/>\n<meta property=\"og:locale\" content=\"cs_CZ\" \/>\n<meta property=\"og:type\" content=\"article\" \/>\n<meta property=\"og:title\" content=\"Fiery Fox Leather Bracelet - Kelterborn Crafts\" \/>\n<meta property=\"og:description\" content=\"! Please click on the picture to get full view of the bracelet !    Handmade leather bracelet depicting a fox. The color is a bit darker in reality, red combined with orange with metallic silvery and golden details.  The pattern is carved into the leather, so it stands out in the light. You can find more info about the making process here.\u00a0    Leather is 1,6-2 mm thick.  For wrist size: 24 cm (wrist circumference)  Width: 5,3 cm  Length: 26,5 cm    If you don\u00b4t find your size, please provide us with your wrist measurements and we will make custom bracelet for you. Any combination of color and design is possible. Read more info in product description below.\" \/>\n<meta property=\"og:url\" content=\"https:\/\/kelterborn-crafts.com\/cz\/produkt\/fiery-fox-leather-bracelet\/\" \/>\n<meta property=\"og:site_name\" content=\"Kelterborn Crafts\" \/>\n<meta property=\"article:publisher\" content=\"https:\/\/www.facebook.com\/KelterbornCrafts\" \/>\n<meta property=\"article:modified_time\" content=\"2023-11-13T10:40:20+00:00\" \/>\n<meta property=\"og:image\" content=\"https:\/\/kelterborn-crafts.com\/wp-content\/uploads\/2023\/09\/N35-fiery-fox-UP.jpg\" \/>\n\t<meta property=\"og:image:width\" content=\"410\" \/>\n\t<meta property=\"og:image:height\" content=\"1269\" \/>\n\t<meta property=\"og:image:type\" content=\"image\/jpeg\" \/>\n<meta name=\"twitter:card\" content=\"summary_large_image\" \/>\n<meta name=\"twitter:label1\" content=\"Odhadovan\u00e1 doba \u010dten\u00ed\" \/>\n\t<meta name=\"twitter:data1\" content=\"1 minuta\" \/>\n<script type=\"application\/ld+json\" class=\"yoast-schema-graph\">{\"@context\":\"https:\\\/\\\/schema.org\",\"@graph\":[{\"@type\":\"WebPage\",\"@id\":\"https:\\\/\\\/kelterborn-crafts.com\\\/cz\\\/produkt\\\/fiery-fox-leather-bracelet\\\/\",\"url\":\"https:\\\/\\\/kelterborn-crafts.com\\\/cz\\\/produkt\\\/fiery-fox-leather-bracelet\\\/\",\"name\":\"Fiery Fox Leather Bracelet - Kelterborn Crafts\",\"isPartOf\":{\"@id\":\"https:\\\/\\\/kelterborn-crafts.com\\\/#website\"},\"primaryImageOfPage\":{\"@id\":\"https:\\\/\\\/kelterborn-crafts.com\\\/cz\\\/produkt\\\/fiery-fox-leather-bracelet\\\/#primaryimage\"},\"image\":{\"@id\":\"https:\\\/\\\/kelterborn-crafts.com\\\/cz\\\/produkt\\\/fiery-fox-leather-bracelet\\\/#primaryimage\"},\"thumbnailUrl\":\"https:\\\/\\\/kelterborn-crafts.com\\\/wp-content\\\/uploads\\\/2023\\\/09\\\/N35-fiery-fox-UP.jpg\",\"datePublished\":\"2023-09-25T15:26:10+00:00\",\"dateModified\":\"2023-11-13T10:40:20+00:00\",\"breadcrumb\":{\"@id\":\"https:\\\/\\\/kelterborn-crafts.com\\\/cz\\\/produkt\\\/fiery-fox-leather-bracelet\\\/#breadcrumb\"},\"inLanguage\":\"cs\",\"potentialAction\":[{\"@type\":\"ReadAction\",\"target\":[\"https:\\\/\\\/kelterborn-crafts.com\\\/cz\\\/produkt\\\/fiery-fox-leather-bracelet\\\/\"]}]},{\"@type\":\"ImageObject\",\"inLanguage\":\"cs\",\"@id\":\"https:\\\/\\\/kelterborn-crafts.com\\\/cz\\\/produkt\\\/fiery-fox-leather-bracelet\\\/#primaryimage\",\"url\":\"https:\\\/\\\/kelterborn-crafts.com\\\/wp-content\\\/uploads\\\/2023\\\/09\\\/N35-fiery-fox-UP.jpg\",\"contentUrl\":\"https:\\\/\\\/kelterborn-crafts.com\\\/wp-content\\\/uploads\\\/2023\\\/09\\\/N35-fiery-fox-UP.jpg\",\"width\":410,\"height\":1269,\"caption\":\"bracelet\"},{\"@type\":\"BreadcrumbList\",\"@id\":\"https:\\\/\\\/kelterborn-crafts.com\\\/cz\\\/produkt\\\/fiery-fox-leather-bracelet\\\/#breadcrumb\",\"itemListElement\":[{\"@type\":\"ListItem\",\"position\":1,\"name\":\"Home\",\"item\":\"https:\\\/\\\/kelterborn-crafts.com\\\/\"},{\"@type\":\"ListItem\",\"position\":2,\"name\":\"Shop\",\"item\":\"https:\\\/\\\/kelterborn-crafts.com\\\/cz\\\/shop\\\/\"},{\"@type\":\"ListItem\",\"position\":3,\"name\":\"Fiery Fox Leather Bracelet\"}]},{\"@type\":\"WebSite\",\"@id\":\"https:\\\/\\\/kelterborn-crafts.com\\\/#website\",\"url\":\"https:\\\/\\\/kelterborn-crafts.com\\\/\",\"name\":\"Kelterborn Crafts\",\"description\":\"Handmade Heathen Products\",\"publisher\":{\"@id\":\"https:\\\/\\\/kelterborn-crafts.com\\\/#organization\"},\"potentialAction\":[{\"@type\":\"SearchAction\",\"target\":{\"@type\":\"EntryPoint\",\"urlTemplate\":\"https:\\\/\\\/kelterborn-crafts.com\\\/?s={search_term_string}\"},\"query-input\":{\"@type\":\"PropertyValueSpecification\",\"valueRequired\":true,\"valueName\":\"search_term_string\"}}],\"inLanguage\":\"cs\"},{\"@type\":\"Organization\",\"@id\":\"https:\\\/\\\/kelterborn-crafts.com\\\/#organization\",\"name\":\"Kelterborn Crafts\",\"alternateName\":\"Kelterborn\",\"url\":\"https:\\\/\\\/kelterborn-crafts.com\\\/\",\"logo\":{\"@type\":\"ImageObject\",\"inLanguage\":\"cs\",\"@id\":\"https:\\\/\\\/kelterborn-crafts.com\\\/#\\\/schema\\\/logo\\\/image\\\/\",\"url\":\"https:\\\/\\\/kelterborn-crafts.com\\\/wp-content\\\/uploads\\\/2024\\\/01\\\/Kelterborn-crafts-logo-black.png\",\"contentUrl\":\"https:\\\/\\\/kelterborn-crafts.com\\\/wp-content\\\/uploads\\\/2024\\\/01\\\/Kelterborn-crafts-logo-black.png\",\"width\":738,\"height\":346,\"caption\":\"Kelterborn Crafts\"},\"image\":{\"@id\":\"https:\\\/\\\/kelterborn-crafts.com\\\/#\\\/schema\\\/logo\\\/image\\\/\"},\"sameAs\":[\"https:\\\/\\\/www.facebook.com\\\/KelterbornCrafts\",\"https:\\\/\\\/www.instagram.com\\\/kelterborn_crafts\\\/\",\"https:\\\/\\\/pinterest.com\\\/kelterborncrafts\\\/\"]}]}<\/script>\n<!-- \/ Yoast SEO plugin. -->","yoast_head_json":{"title":"Fiery Fox Leather Bracelet - Kelterborn Crafts","robots":{"index":"index","follow":"follow","max-snippet":"max-snippet:-1","max-image-preview":"max-image-preview:large","max-video-preview":"max-video-preview:-1"},"canonical":"https:\/\/kelterborn-crafts.com\/cz\/produkt\/fiery-fox-leather-bracelet\/","og_locale":"cs_CZ","og_type":"article","og_title":"Fiery Fox Leather Bracelet - Kelterborn Crafts","og_description":"! Please click on the picture to get full view of the bracelet !    Handmade leather bracelet depicting a fox. The color is a bit darker in reality, red combined with orange with metallic silvery and golden details.  The pattern is carved into the leather, so it stands out in the light. You can find more info about the making process here.\u00a0    Leather is 1,6-2 mm thick.  For wrist size: 24 cm (wrist circumference)  Width: 5,3 cm  Length: 26,5 cm    If you don\u00b4t find your size, please provide us with your wrist measurements and we will make custom bracelet for you. Any combination of color and design is possible. Read more info in product description below.","og_url":"https:\/\/kelterborn-crafts.com\/cz\/produkt\/fiery-fox-leather-bracelet\/","og_site_name":"Kelterborn Crafts","article_publisher":"https:\/\/www.facebook.com\/KelterbornCrafts","article_modified_time":"2023-11-13T10:40:20+00:00","og_image":[{"width":410,"height":1269,"url":"https:\/\/kelterborn-crafts.com\/wp-content\/uploads\/2023\/09\/N35-fiery-fox-UP.jpg","type":"image\/jpeg"}],"twitter_card":"summary_large_image","twitter_misc":{"Odhadovan\u00e1 doba \u010dten\u00ed":"1 minuta"},"schema":{"@context":"https:\/\/schema.org","@graph":[{"@type":"WebPage","@id":"https:\/\/kelterborn-crafts.com\/cz\/produkt\/fiery-fox-leather-bracelet\/","url":"https:\/\/kelterborn-crafts.com\/cz\/produkt\/fiery-fox-leather-bracelet\/","name":"Fiery Fox Leather Bracelet - Kelterborn Crafts","isPartOf":{"@id":"https:\/\/kelterborn-crafts.com\/#website"},"primaryImageOfPage":{"@id":"https:\/\/kelterborn-crafts.com\/cz\/produkt\/fiery-fox-leather-bracelet\/#primaryimage"},"image":{"@id":"https:\/\/kelterborn-crafts.com\/cz\/produkt\/fiery-fox-leather-bracelet\/#primaryimage"},"thumbnailUrl":"https:\/\/kelterborn-crafts.com\/wp-content\/uploads\/2023\/09\/N35-fiery-fox-UP.jpg","datePublished":"2023-09-25T15:26:10+00:00","dateModified":"2023-11-13T10:40:20+00:00","breadcrumb":{"@id":"https:\/\/kelterborn-crafts.com\/cz\/produkt\/fiery-fox-leather-bracelet\/#breadcrumb"},"inLanguage":"cs","potentialAction":[{"@type":"ReadAction","target":["https:\/\/kelterborn-crafts.com\/cz\/produkt\/fiery-fox-leather-bracelet\/"]}]},{"@type":"ImageObject","inLanguage":"cs","@id":"https:\/\/kelterborn-crafts.com\/cz\/produkt\/fiery-fox-leather-bracelet\/#primaryimage","url":"https:\/\/kelterborn-crafts.com\/wp-content\/uploads\/2023\/09\/N35-fiery-fox-UP.jpg","contentUrl":"https:\/\/kelterborn-crafts.com\/wp-content\/uploads\/2023\/09\/N35-fiery-fox-UP.jpg","width":410,"height":1269,"caption":"bracelet"},{"@type":"BreadcrumbList","@id":"https:\/\/kelterborn-crafts.com\/cz\/produkt\/fiery-fox-leather-bracelet\/#breadcrumb","itemListElement":[{"@type":"ListItem","position":1,"name":"Home","item":"https:\/\/kelterborn-crafts.com\/"},{"@type":"ListItem","position":2,"name":"Shop","item":"https:\/\/kelterborn-crafts.com\/cz\/shop\/"},{"@type":"ListItem","position":3,"name":"Fiery Fox Leather Bracelet"}]},{"@type":"WebSite","@id":"https:\/\/kelterborn-crafts.com\/#website","url":"https:\/\/kelterborn-crafts.com\/","name":"Kelterborn Crafts","description":"Handmade Heathen Products","publisher":{"@id":"https:\/\/kelterborn-crafts.com\/#organization"},"potentialAction":[{"@type":"SearchAction","target":{"@type":"EntryPoint","urlTemplate":"https:\/\/kelterborn-crafts.com\/?s={search_term_string}"},"query-input":{"@type":"PropertyValueSpecification","valueRequired":true,"valueName":"search_term_string"}}],"inLanguage":"cs"},{"@type":"Organization","@id":"https:\/\/kelterborn-crafts.com\/#organization","name":"Kelterborn Crafts","alternateName":"Kelterborn","url":"https:\/\/kelterborn-crafts.com\/","logo":{"@type":"ImageObject","inLanguage":"cs","@id":"https:\/\/kelterborn-crafts.com\/#\/schema\/logo\/image\/","url":"https:\/\/kelterborn-crafts.com\/wp-content\/uploads\/2024\/01\/Kelterborn-crafts-logo-black.png","contentUrl":"https:\/\/kelterborn-crafts.com\/wp-content\/uploads\/2024\/01\/Kelterborn-crafts-logo-black.png","width":738,"height":346,"caption":"Kelterborn Crafts"},"image":{"@id":"https:\/\/kelterborn-crafts.com\/#\/schema\/logo\/image\/"},"sameAs":["https:\/\/www.facebook.com\/KelterbornCrafts","https:\/\/www.instagram.com\/kelterborn_crafts\/","https:\/\/pinterest.com\/kelterborncrafts\/"]}]}},"jetpack_sharing_enabled":true,"_links":{"self":[{"href":"https:\/\/kelterborn-crafts.com\/cz\/wp-json\/wp\/v2\/product\/3753","targetHints":{"allow":["GET"]}}],"collection":[{"href":"https:\/\/kelterborn-crafts.com\/cz\/wp-json\/wp\/v2\/product"}],"about":[{"href":"https:\/\/kelterborn-crafts.com\/cz\/wp-json\/wp\/v2\/types\/product"}],"replies":[{"embeddable":true,"href":"https:\/\/kelterborn-crafts.com\/cz\/wp-json\/wp\/v2\/comments?post=3753"}],"version-history":[{"count":0,"href":"https:\/\/kelterborn-crafts.com\/cz\/wp-json\/wp\/v2\/product\/3753\/revisions"}],"wp:featuredmedia":[{"embeddable":true,"href":"https:\/\/kelterborn-crafts.com\/cz\/wp-json\/wp\/v2\/media\/3755"}],"wp:attachment":[{"href":"https:\/\/kelterborn-crafts.com\/cz\/wp-json\/wp\/v2\/media?parent=3753"}],"wp:term":[{"taxonomy":"product_brand","embeddable":true,"href":"https:\/\/kelterborn-crafts.com\/cz\/wp-json\/wp\/v2\/product_brand?post=3753"},{"taxonomy":"product_cat","embeddable":true,"href":"https:\/\/kelterborn-crafts.com\/cz\/wp-json\/wp\/v2\/product_cat?post=3753"},{"taxonomy":"product_tag","embeddable":true,"href":"https:\/\/kelterborn-crafts.com\/cz\/wp-json\/wp\/v2\/product_tag?post=3753"}],"curies":[{"name":"wp","href":"https:\/\/api.w.org\/{rel}","templated":true}]}}