{"id":3830,"date":"2023-09-27T16:53:38","date_gmt":"2023-09-27T14:53:38","guid":{"rendered":"https:\/\/kelterborn-crafts.com\/?post_type=product&#038;p=3830"},"modified":"2024-01-24T23:00:24","modified_gmt":"2024-01-24T22:00:24","slug":"kenaz-leather-bracelet-1","status":"publish","type":"product","link":"https:\/\/kelterborn-crafts.com\/cz\/produkt\/kenaz-leather-bracelet-1\/","title":{"rendered":"Ko\u017een\u00fd n\u00e1ramek \"Kenaz (1)\""},"content":{"rendered":"<p>Ru\u010dn\u011b d\u011blan\u00fd ko\u017een\u00fd n\u00e1ramek je inspirovan\u00fd runou Kenaz ze Star\u0161\u00edho Futharku. Barva je tmav\u011b \u010derven\u00e1 kombinovan\u00e1 s tmav\u0161\u00ed oran\u017eovou.<\/p>\n<p>The design is carved into the leather first, so it stands out in the light, and then painted with top-quality colors. Afterwards, finishes are added to make the color stand out and make them more stable. The edges are burnished so they feel smooth and moisture cannot enter the leather. As a last step, product with beeswax is added to ensure long-lasting quality.<\/p>\n<p>This procedure ensures that belt holder will serve you for many, many years. You can find more info about the making process <a href=\"https:\/\/kelterborn-crafts.com\/cz\/making-leather-bracelets\/\">zde.\u00a0<\/a><\/p>\n<p>There is some minimal maintenance you should do, though. Read more about that in<strong> \u201cCare &amp; Storage\u201d tab<\/strong>.<\/p>\n<p>&nbsp;<\/p>\n<p><a href=\"https:\/\/kelterborn-crafts.com\/wp-content\/uploads\/2023\/02\/oddelovniky-dub.png\"><img decoding=\"async\" class=\"wp-image-2356 aligncenter\" src=\"https:\/\/kelterborn-crafts.com\/wp-content\/uploads\/2023\/02\/oddelovniky-dub.png\" alt=\"\" width=\"314\" height=\"75\" srcset=\"https:\/\/kelterborn-crafts.com\/wp-content\/uploads\/2023\/02\/oddelovniky-dub.png 472w, https:\/\/kelterborn-crafts.com\/wp-content\/uploads\/2023\/02\/oddelovniky-dub-300x72.png 300w, https:\/\/kelterborn-crafts.com\/wp-content\/uploads\/2023\/02\/oddelovniky-dub-18x4.png 18w\" sizes=\"(max-width: 314px) 100vw, 314px\" \/><\/a><\/p>","protected":false},"excerpt":{"rendered":"<p>Ru\u010dn\u011b d\u011blan\u00fd ko\u017een\u00fd n\u00e1ramek je inspirovan\u00fd runou Kenaz ze Star\u0161\u00edho Futharku. Barva je tmav\u011b \u010derven\u00e1 kombinovan\u00e1 s tmav\u0161\u00ed oran\u017eovou.<\/p>\n<p><a href=\"https:\/\/kelterborn-crafts.com\/wp-content\/uploads\/2023\/02\/oddelovniky-dub.png\"><img decoding=\"async\" class=\"wp-image-2356 aligncenter\" src=\"https:\/\/kelterborn-crafts.com\/wp-content\/uploads\/2023\/02\/oddelovniky-dub.png\" alt=\"\" width=\"314\" height=\"75\" srcset=\"https:\/\/kelterborn-crafts.com\/wp-content\/uploads\/2023\/02\/oddelovniky-dub.png 472w, https:\/\/kelterborn-crafts.com\/wp-content\/uploads\/2023\/02\/oddelovniky-dub-300x72.png 300w, https:\/\/kelterborn-crafts.com\/wp-content\/uploads\/2023\/02\/oddelovniky-dub-18x4.png 18w\" sizes=\"(max-width: 314px) 100vw, 314px\" \/><\/a><\/p>\n<p>K\u016f\u017ee je 1,6 - 2 mm tlust\u00e1.<\/p>\n<p><strong>Pro velikost z\u00e1p\u011bst\u00ed: 18,5 cm<\/strong> (obvod z\u00e1p\u011bst\u00ed)<\/p>\n<p>\u0160\u00ed\u0159ka: 5,3 cm<\/p>\n<p>D\u00e9lka: 20,5 cm<\/p>\n<p><a href=\"https:\/\/kelterborn-crafts.com\/wp-content\/uploads\/2023\/02\/oddelovniky-dub.png\"><img decoding=\"async\" class=\"wp-image-2356 aligncenter\" src=\"https:\/\/kelterborn-crafts.com\/wp-content\/uploads\/2023\/02\/oddelovniky-dub.png\" alt=\"\" width=\"314\" height=\"75\" srcset=\"https:\/\/kelterborn-crafts.com\/wp-content\/uploads\/2023\/02\/oddelovniky-dub.png 472w, https:\/\/kelterborn-crafts.com\/wp-content\/uploads\/2023\/02\/oddelovniky-dub-300x72.png 300w, https:\/\/kelterborn-crafts.com\/wp-content\/uploads\/2023\/02\/oddelovniky-dub-18x4.png 18w\" sizes=\"(max-width: 314px) 100vw, 314px\" \/><\/a><\/p>\n<p><strong>Pokud nem\u00e1me vyhovuj\u00edc\u00ed velikost<\/strong>, pros\u00edme napi\u0161te n\u00e1m Va\u0161i velikost a my pro V\u00e1s r\u00e1di zhotov\u00edme n\u00e1ramek na m\u00edru. Je mo\u017en\u00e1 jak\u00e1koli kombinace barvy a designu. V\u00edce se do\u010dtete v <span style=\"color: #ff9900;\"><strong>z\u00e1lo\u017ece \"N\u00e1ramek na m\u00edru\"<\/strong><\/span> n\u00ed\u017ee.<\/p>","protected":false},"featured_media":3832,"comment_status":"open","ping_status":"closed","template":"","meta":[],"product_brand":[],"product_cat":[65,67],"product_tag":[83,122,101,121,90,85,100],"class_list":{"0":"post-3830","1":"product","2":"type-product","3":"status-publish","4":"has-post-thumbnail","6":"product_cat-leather","7":"product_cat-leather-bracelets","8":"product_tag-bracelet","9":"product_tag-crimson","10":"product_tag-elder-futhark","11":"product_tag-kenaz","12":"product_tag-painted-leather","13":"product_tag-red","14":"product_tag-runes","15":"product_shipping_class-shipping-small-items","17":"first","18":"instock","19":"sold-individually","20":"shipping-taxable","21":"purchasable","22":"product-type-simple"},"yoast_head":"<!-- This site is optimized with the Yoast SEO plugin v27.3 - https:\/\/yoast.com\/product\/yoast-seo-wordpress\/ -->\n<title>Kenaz Leather Bracelet (1) - Kelterborn Crafts<\/title>\n<meta name=\"description\" content=\"Handmade leather bracelet made from high-quality leather inspired by rune Kenaz from Elder Futhark. The color is dark red combined with dark orange.\" \/>\n<meta name=\"robots\" content=\"index, follow, max-snippet:-1, max-image-preview:large, max-video-preview:-1\" \/>\n<link rel=\"canonical\" href=\"https:\/\/kelterborn-crafts.com\/cz\/produkt\/kenaz-leather-bracelet-1\/\" \/>\n<meta property=\"og:locale\" content=\"cs_CZ\" \/>\n<meta property=\"og:type\" content=\"article\" \/>\n<meta property=\"og:title\" content=\"Kenaz Leather Bracelet (1) - Kelterborn Crafts\" \/>\n<meta property=\"og:description\" content=\"Handmade leather bracelet made from high-quality leather inspired by rune Kenaz from Elder Futhark. The color is dark red combined with dark orange.\" \/>\n<meta property=\"og:url\" content=\"https:\/\/kelterborn-crafts.com\/cz\/produkt\/kenaz-leather-bracelet-1\/\" \/>\n<meta property=\"og:site_name\" content=\"Kelterborn Crafts\" \/>\n<meta property=\"article:publisher\" content=\"https:\/\/www.facebook.com\/KelterbornCrafts\" \/>\n<meta property=\"article:modified_time\" content=\"2024-01-24T22:00:24+00:00\" \/>\n<meta property=\"og:image\" content=\"https:\/\/kelterborn-crafts.com\/wp-content\/uploads\/2023\/09\/N49-kenaz1-UP.jpg\" \/>\n\t<meta property=\"og:image:width\" content=\"367\" \/>\n\t<meta property=\"og:image:height\" content=\"995\" \/>\n\t<meta property=\"og:image:type\" content=\"image\/jpeg\" \/>\n<meta name=\"twitter:card\" content=\"summary_large_image\" \/>\n<meta name=\"twitter:label1\" content=\"Odhadovan\u00e1 doba \u010dten\u00ed\" \/>\n\t<meta name=\"twitter:data1\" content=\"1 minuta\" \/>\n<script type=\"application\/ld+json\" class=\"yoast-schema-graph\">{\"@context\":\"https:\\\/\\\/schema.org\",\"@graph\":[{\"@type\":\"WebPage\",\"@id\":\"https:\\\/\\\/kelterborn-crafts.com\\\/cz\\\/produkt\\\/kenaz-leather-bracelet-1\\\/\",\"url\":\"https:\\\/\\\/kelterborn-crafts.com\\\/cz\\\/produkt\\\/kenaz-leather-bracelet-1\\\/\",\"name\":\"Kenaz Leather Bracelet (1) - Kelterborn Crafts\",\"isPartOf\":{\"@id\":\"https:\\\/\\\/kelterborn-crafts.com\\\/#website\"},\"primaryImageOfPage\":{\"@id\":\"https:\\\/\\\/kelterborn-crafts.com\\\/cz\\\/produkt\\\/kenaz-leather-bracelet-1\\\/#primaryimage\"},\"image\":{\"@id\":\"https:\\\/\\\/kelterborn-crafts.com\\\/cz\\\/produkt\\\/kenaz-leather-bracelet-1\\\/#primaryimage\"},\"thumbnailUrl\":\"https:\\\/\\\/kelterborn-crafts.com\\\/wp-content\\\/uploads\\\/2023\\\/09\\\/N49-kenaz1-UP.jpg\",\"datePublished\":\"2023-09-27T14:53:38+00:00\",\"dateModified\":\"2024-01-24T22:00:24+00:00\",\"description\":\"Handmade leather bracelet made from high-quality leather inspired by rune Kenaz from Elder Futhark. The color is dark red combined with dark orange.\",\"breadcrumb\":{\"@id\":\"https:\\\/\\\/kelterborn-crafts.com\\\/cz\\\/produkt\\\/kenaz-leather-bracelet-1\\\/#breadcrumb\"},\"inLanguage\":\"cs\",\"potentialAction\":[{\"@type\":\"ReadAction\",\"target\":[\"https:\\\/\\\/kelterborn-crafts.com\\\/cz\\\/produkt\\\/kenaz-leather-bracelet-1\\\/\"]}]},{\"@type\":\"ImageObject\",\"inLanguage\":\"cs\",\"@id\":\"https:\\\/\\\/kelterborn-crafts.com\\\/cz\\\/produkt\\\/kenaz-leather-bracelet-1\\\/#primaryimage\",\"url\":\"https:\\\/\\\/kelterborn-crafts.com\\\/wp-content\\\/uploads\\\/2023\\\/09\\\/N49-kenaz1-UP.jpg\",\"contentUrl\":\"https:\\\/\\\/kelterborn-crafts.com\\\/wp-content\\\/uploads\\\/2023\\\/09\\\/N49-kenaz1-UP.jpg\",\"width\":367,\"height\":995,\"caption\":\"bracelet\"},{\"@type\":\"BreadcrumbList\",\"@id\":\"https:\\\/\\\/kelterborn-crafts.com\\\/cz\\\/produkt\\\/kenaz-leather-bracelet-1\\\/#breadcrumb\",\"itemListElement\":[{\"@type\":\"ListItem\",\"position\":1,\"name\":\"Home\",\"item\":\"https:\\\/\\\/kelterborn-crafts.com\\\/\"},{\"@type\":\"ListItem\",\"position\":2,\"name\":\"Shop\",\"item\":\"https:\\\/\\\/kelterborn-crafts.com\\\/cz\\\/shop\\\/\"},{\"@type\":\"ListItem\",\"position\":3,\"name\":\"Kenaz Leather Bracelet (1)\"}]},{\"@type\":\"WebSite\",\"@id\":\"https:\\\/\\\/kelterborn-crafts.com\\\/#website\",\"url\":\"https:\\\/\\\/kelterborn-crafts.com\\\/\",\"name\":\"Kelterborn Crafts\",\"description\":\"Handmade Heathen Products\",\"publisher\":{\"@id\":\"https:\\\/\\\/kelterborn-crafts.com\\\/#organization\"},\"potentialAction\":[{\"@type\":\"SearchAction\",\"target\":{\"@type\":\"EntryPoint\",\"urlTemplate\":\"https:\\\/\\\/kelterborn-crafts.com\\\/?s={search_term_string}\"},\"query-input\":{\"@type\":\"PropertyValueSpecification\",\"valueRequired\":true,\"valueName\":\"search_term_string\"}}],\"inLanguage\":\"cs\"},{\"@type\":\"Organization\",\"@id\":\"https:\\\/\\\/kelterborn-crafts.com\\\/#organization\",\"name\":\"Kelterborn Crafts\",\"alternateName\":\"Kelterborn\",\"url\":\"https:\\\/\\\/kelterborn-crafts.com\\\/\",\"logo\":{\"@type\":\"ImageObject\",\"inLanguage\":\"cs\",\"@id\":\"https:\\\/\\\/kelterborn-crafts.com\\\/#\\\/schema\\\/logo\\\/image\\\/\",\"url\":\"https:\\\/\\\/kelterborn-crafts.com\\\/wp-content\\\/uploads\\\/2024\\\/01\\\/Kelterborn-crafts-logo-black.png\",\"contentUrl\":\"https:\\\/\\\/kelterborn-crafts.com\\\/wp-content\\\/uploads\\\/2024\\\/01\\\/Kelterborn-crafts-logo-black.png\",\"width\":738,\"height\":346,\"caption\":\"Kelterborn Crafts\"},\"image\":{\"@id\":\"https:\\\/\\\/kelterborn-crafts.com\\\/#\\\/schema\\\/logo\\\/image\\\/\"},\"sameAs\":[\"https:\\\/\\\/www.facebook.com\\\/KelterbornCrafts\",\"https:\\\/\\\/www.instagram.com\\\/kelterborn_crafts\\\/\",\"https:\\\/\\\/pinterest.com\\\/kelterborncrafts\\\/\"]}]}<\/script>\n<!-- \/ Yoast SEO plugin. -->","yoast_head_json":{"title":"Kenaz Leather Bracelet (1) - Kelterborn Crafts","description":"Handmade leather bracelet made from high-quality leather inspired by rune Kenaz from Elder Futhark. The color is dark red combined with dark orange.","robots":{"index":"index","follow":"follow","max-snippet":"max-snippet:-1","max-image-preview":"max-image-preview:large","max-video-preview":"max-video-preview:-1"},"canonical":"https:\/\/kelterborn-crafts.com\/cz\/produkt\/kenaz-leather-bracelet-1\/","og_locale":"cs_CZ","og_type":"article","og_title":"Kenaz Leather Bracelet (1) - Kelterborn Crafts","og_description":"Handmade leather bracelet made from high-quality leather inspired by rune Kenaz from Elder Futhark. The color is dark red combined with dark orange.","og_url":"https:\/\/kelterborn-crafts.com\/cz\/produkt\/kenaz-leather-bracelet-1\/","og_site_name":"Kelterborn Crafts","article_publisher":"https:\/\/www.facebook.com\/KelterbornCrafts","article_modified_time":"2024-01-24T22:00:24+00:00","og_image":[{"width":367,"height":995,"url":"https:\/\/kelterborn-crafts.com\/wp-content\/uploads\/2023\/09\/N49-kenaz1-UP.jpg","type":"image\/jpeg"}],"twitter_card":"summary_large_image","twitter_misc":{"Odhadovan\u00e1 doba \u010dten\u00ed":"1 minuta"},"schema":{"@context":"https:\/\/schema.org","@graph":[{"@type":"WebPage","@id":"https:\/\/kelterborn-crafts.com\/cz\/produkt\/kenaz-leather-bracelet-1\/","url":"https:\/\/kelterborn-crafts.com\/cz\/produkt\/kenaz-leather-bracelet-1\/","name":"Kenaz Leather Bracelet (1) - Kelterborn Crafts","isPartOf":{"@id":"https:\/\/kelterborn-crafts.com\/#website"},"primaryImageOfPage":{"@id":"https:\/\/kelterborn-crafts.com\/cz\/produkt\/kenaz-leather-bracelet-1\/#primaryimage"},"image":{"@id":"https:\/\/kelterborn-crafts.com\/cz\/produkt\/kenaz-leather-bracelet-1\/#primaryimage"},"thumbnailUrl":"https:\/\/kelterborn-crafts.com\/wp-content\/uploads\/2023\/09\/N49-kenaz1-UP.jpg","datePublished":"2023-09-27T14:53:38+00:00","dateModified":"2024-01-24T22:00:24+00:00","description":"Handmade leather bracelet made from high-quality leather inspired by rune Kenaz from Elder Futhark. The color is dark red combined with dark orange.","breadcrumb":{"@id":"https:\/\/kelterborn-crafts.com\/cz\/produkt\/kenaz-leather-bracelet-1\/#breadcrumb"},"inLanguage":"cs","potentialAction":[{"@type":"ReadAction","target":["https:\/\/kelterborn-crafts.com\/cz\/produkt\/kenaz-leather-bracelet-1\/"]}]},{"@type":"ImageObject","inLanguage":"cs","@id":"https:\/\/kelterborn-crafts.com\/cz\/produkt\/kenaz-leather-bracelet-1\/#primaryimage","url":"https:\/\/kelterborn-crafts.com\/wp-content\/uploads\/2023\/09\/N49-kenaz1-UP.jpg","contentUrl":"https:\/\/kelterborn-crafts.com\/wp-content\/uploads\/2023\/09\/N49-kenaz1-UP.jpg","width":367,"height":995,"caption":"bracelet"},{"@type":"BreadcrumbList","@id":"https:\/\/kelterborn-crafts.com\/cz\/produkt\/kenaz-leather-bracelet-1\/#breadcrumb","itemListElement":[{"@type":"ListItem","position":1,"name":"Home","item":"https:\/\/kelterborn-crafts.com\/"},{"@type":"ListItem","position":2,"name":"Shop","item":"https:\/\/kelterborn-crafts.com\/cz\/shop\/"},{"@type":"ListItem","position":3,"name":"Kenaz Leather Bracelet (1)"}]},{"@type":"WebSite","@id":"https:\/\/kelterborn-crafts.com\/#website","url":"https:\/\/kelterborn-crafts.com\/","name":"Kelterborn Crafts","description":"Handmade Heathen Products","publisher":{"@id":"https:\/\/kelterborn-crafts.com\/#organization"},"potentialAction":[{"@type":"SearchAction","target":{"@type":"EntryPoint","urlTemplate":"https:\/\/kelterborn-crafts.com\/?s={search_term_string}"},"query-input":{"@type":"PropertyValueSpecification","valueRequired":true,"valueName":"search_term_string"}}],"inLanguage":"cs"},{"@type":"Organization","@id":"https:\/\/kelterborn-crafts.com\/#organization","name":"Kelterborn Crafts","alternateName":"Kelterborn","url":"https:\/\/kelterborn-crafts.com\/","logo":{"@type":"ImageObject","inLanguage":"cs","@id":"https:\/\/kelterborn-crafts.com\/#\/schema\/logo\/image\/","url":"https:\/\/kelterborn-crafts.com\/wp-content\/uploads\/2024\/01\/Kelterborn-crafts-logo-black.png","contentUrl":"https:\/\/kelterborn-crafts.com\/wp-content\/uploads\/2024\/01\/Kelterborn-crafts-logo-black.png","width":738,"height":346,"caption":"Kelterborn Crafts"},"image":{"@id":"https:\/\/kelterborn-crafts.com\/#\/schema\/logo\/image\/"},"sameAs":["https:\/\/www.facebook.com\/KelterbornCrafts","https:\/\/www.instagram.com\/kelterborn_crafts\/","https:\/\/pinterest.com\/kelterborncrafts\/"]}]}},"jetpack_sharing_enabled":true,"_links":{"self":[{"href":"https:\/\/kelterborn-crafts.com\/cz\/wp-json\/wp\/v2\/product\/3830","targetHints":{"allow":["GET"]}}],"collection":[{"href":"https:\/\/kelterborn-crafts.com\/cz\/wp-json\/wp\/v2\/product"}],"about":[{"href":"https:\/\/kelterborn-crafts.com\/cz\/wp-json\/wp\/v2\/types\/product"}],"replies":[{"embeddable":true,"href":"https:\/\/kelterborn-crafts.com\/cz\/wp-json\/wp\/v2\/comments?post=3830"}],"version-history":[{"count":4,"href":"https:\/\/kelterborn-crafts.com\/cz\/wp-json\/wp\/v2\/product\/3830\/revisions"}],"predecessor-version":[{"id":4891,"href":"https:\/\/kelterborn-crafts.com\/cz\/wp-json\/wp\/v2\/product\/3830\/revisions\/4891"}],"wp:featuredmedia":[{"embeddable":true,"href":"https:\/\/kelterborn-crafts.com\/cz\/wp-json\/wp\/v2\/media\/3832"}],"wp:attachment":[{"href":"https:\/\/kelterborn-crafts.com\/cz\/wp-json\/wp\/v2\/media?parent=3830"}],"wp:term":[{"taxonomy":"product_brand","embeddable":true,"href":"https:\/\/kelterborn-crafts.com\/cz\/wp-json\/wp\/v2\/product_brand?post=3830"},{"taxonomy":"product_cat","embeddable":true,"href":"https:\/\/kelterborn-crafts.com\/cz\/wp-json\/wp\/v2\/product_cat?post=3830"},{"taxonomy":"product_tag","embeddable":true,"href":"https:\/\/kelterborn-crafts.com\/cz\/wp-json\/wp\/v2\/product_tag?post=3830"}],"curies":[{"name":"wp","href":"https:\/\/api.w.org\/{rel}","templated":true}]}}