{"id":3912,"date":"2023-10-09T17:11:51","date_gmt":"2023-10-09T15:11:51","guid":{"rendered":"https:\/\/kelterborn-crafts.com\/?post_type=product&#038;p=3912"},"modified":"2025-03-14T22:07:56","modified_gmt":"2025-03-14T21:07:56","slug":"odins-ravens-drinking-horn","status":"publish","type":"product","link":"https:\/\/kelterborn-crafts.com\/cz\/produkt\/odins-ravens-drinking-horn\/","title":{"rendered":"Roh na pit\u00ed \"Odinovi havrani\""},"content":{"rendered":"<p>Robustn\u00ed roh na pit\u00ed s vyryt\u00fdm a nabarven\u00fdm designem zobrazuj\u00edc\u00ed<span data-sheets-formula-bar-text-style=\"font-size:13px;color:#000000;font-weight:normal;text-decoration:none;font-family:'Arial';font-style:normal;text-decoration-skip-ink:none;\"> Odina a jeho dva havrany, Hugina a Munina. V\u0161e je stylizov\u00e1no do tvaru runy Ansuz (runy ze Star\u00e9ho Futharku, kter\u00e1 je spojovan\u00e1 s Odinem). <\/span><\/p>\n<p>Design je nejprve vyryt do rohu a pot\u00e9 nabarven velmi odolnou st\u0159\u00edbrnou a fialovou barvou. Tento proces zaru\u010duje dlouhotrvaj\u00edc\u00ed kvalitu barvy, kterou je t\u00e9m\u011b\u0159 nemo\u017en\u00e9 sloupnout. <span data-sheets-formula-bar-text-style=\"font-size:13px;color:#000000;font-weight:normal;text-decoration:none;font-family:'Arial';font-style:normal;text-decoration-skip-ink:none;\">Pou\u017eity jsou vod\u011bodoln\u00e9 akrylov\u00e9 barvy. <\/span><\/p>\n<p>Tento roh je t\u011b\u017ek\u00fd a m\u00e1 siln\u00e9 st\u011bny.<\/p>\n<p>Pros\u00edme, v\u011bnujte pozornost <a href=\"https:\/\/kelterborn-crafts.com\/cz\/usage-and-storage-rules\/\">Doporu\u010den\u00fdch pravidlech pro pou\u017e\u00edv\u00e1n\u00ed a skladov\u00e1n\u00ed.<\/a><\/p>\n<p>Nezapome\u0148te se pod\u00edvat na <a href=\"\/cz\/produkt\/ansuz-leather-belt-horn-holder\/\"><strong>Ko\u017een\u00fd z\u00e1v\u011bs na roh \"Ansuz\"<\/strong><\/a> , kter\u00fd je navr\u017een p\u0159esn\u011b pro tento roh!<\/p>","protected":false},"excerpt":{"rendered":"<p><span style=\"color: #339966;\"><strong>! Pro pln\u00fd n\u00e1hled pros\u00edm klin\u011bte na obr\u00e1zek !<\/strong><\/span><\/p>\n<p>Robustn\u00ed roh na pit\u00ed s vyryt\u00fdm a nabarven\u00fdm designem zobrazuj\u00edc\u00ed<span data-sheets-formula-bar-text-style=\"font-size:13px;color:#000000;font-weight:normal;text-decoration:none;font-family:'Arial';font-style:normal;text-decoration-skip-ink:none;\"> Odina a jeho dva havrany, Hugina a Munina. V\u0161e je stylizov\u00e1no do tvaru runy Ansuz (runy ze Star\u00e9ho Futharku, kter\u00e1 je spojovan\u00e1 s Odinem). <\/span><\/p>\n<p>Rytina je vymalovan\u00e1 st\u0159\u00edbrnou a fialovou barvou.<\/p>\n<p>Kapacita: 400 ml \/\/ 13,5 oz<br \/>\nD\u00e9lka (z vrchu dol\u016f): 41 cm \/\/ 16 palc\u016f<br \/>\nObvod na vrchn\u00ed stran\u011b: 6,5 cm \/\/ 2,5 palce<\/p>\n<p>&nbsp;<\/p>\n<p>&nbsp;<\/p>","protected":false},"featured_media":3916,"comment_status":"open","ping_status":"closed","template":"","meta":[],"product_brand":[],"product_cat":[24,72],"product_tag":[137,45,25,101,136,109,43,134,135,100],"class_list":{"0":"post-3912","1":"product","2":"type-product","3":"status-publish","4":"has-post-thumbnail","6":"product_cat-drinking-horns","7":"product_cat-nordic-drinking-horns","8":"product_tag-ansuz","9":"product_tag-carved-and-painted","10":"product_tag-drinking-horn","11":"product_tag-elder-futhark","12":"product_tag-god","13":"product_tag-myth","14":"product_tag-nordic","15":"product_tag-odin","16":"product_tag-raven","17":"product_tag-runes","18":"product_shipping_class-shipping-big-items","20":"first","21":"outofstock","22":"sold-individually","23":"shipping-taxable","24":"purchasable","25":"product-type-simple"},"yoast_head":"<!-- This site is optimized with the Yoast SEO plugin v27.3 - https:\/\/yoast.com\/product\/yoast-seo-wordpress\/ -->\n<title>Odin&#039;s Ravens Drinking Horn - Kelterborn Crafts<\/title>\n<meta name=\"robots\" content=\"index, follow, max-snippet:-1, max-image-preview:large, max-video-preview:-1\" \/>\n<link rel=\"canonical\" href=\"https:\/\/kelterborn-crafts.com\/cz\/produkt\/odins-ravens-drinking-horn\/\" \/>\n<meta property=\"og:locale\" content=\"cs_CZ\" \/>\n<meta property=\"og:type\" content=\"article\" \/>\n<meta property=\"og:title\" content=\"Odin&#039;s Ravens Drinking Horn - Kelterborn Crafts\" \/>\n<meta property=\"og:description\" content=\"! Please click on the picture to get full view !  Sturdy drinking horn with engraved and painted design depicting Odin and his two ravens Hugin and Munin. All is stylized into the shape of rune Ansuz (rune from Elder Futhark associated with Odin).   The engraving is painted in silver and violet color.  Capacity: 400 ml \/\/ 13,5 oz Length (from top to bottom): 41 cm \/\/ 16 inches Diameter on top: 6,5 cm \/\/ 2,5 inches  &nbsp;  &nbsp;\" \/>\n<meta property=\"og:url\" content=\"https:\/\/kelterborn-crafts.com\/cz\/produkt\/odins-ravens-drinking-horn\/\" \/>\n<meta property=\"og:site_name\" content=\"Kelterborn Crafts\" \/>\n<meta property=\"article:publisher\" content=\"https:\/\/www.facebook.com\/KelterbornCrafts\" \/>\n<meta property=\"article:modified_time\" content=\"2025-03-14T21:07:56+00:00\" \/>\n<meta property=\"og:image\" content=\"https:\/\/kelterborn-crafts.com\/wp-content\/uploads\/2023\/10\/5-IMG_0326.jpg\" \/>\n\t<meta property=\"og:image:width\" content=\"1000\" \/>\n\t<meta property=\"og:image:height\" content=\"2437\" \/>\n\t<meta property=\"og:image:type\" content=\"image\/jpeg\" \/>\n<meta name=\"twitter:card\" content=\"summary_large_image\" \/>\n<meta name=\"twitter:label1\" content=\"Odhadovan\u00e1 doba \u010dten\u00ed\" \/>\n\t<meta name=\"twitter:data1\" content=\"1 minuta\" \/>\n<script type=\"application\/ld+json\" class=\"yoast-schema-graph\">{\"@context\":\"https:\\\/\\\/schema.org\",\"@graph\":[{\"@type\":\"WebPage\",\"@id\":\"https:\\\/\\\/kelterborn-crafts.com\\\/product\\\/odins-ravens-drinking-horn\\\/\",\"url\":\"https:\\\/\\\/kelterborn-crafts.com\\\/product\\\/odins-ravens-drinking-horn\\\/\",\"name\":\"Odin's Ravens Drinking Horn - Kelterborn Crafts\",\"isPartOf\":{\"@id\":\"https:\\\/\\\/kelterborn-crafts.com\\\/#website\"},\"primaryImageOfPage\":{\"@id\":\"https:\\\/\\\/kelterborn-crafts.com\\\/product\\\/odins-ravens-drinking-horn\\\/#primaryimage\"},\"image\":{\"@id\":\"https:\\\/\\\/kelterborn-crafts.com\\\/product\\\/odins-ravens-drinking-horn\\\/#primaryimage\"},\"thumbnailUrl\":\"https:\\\/\\\/kelterborn-crafts.com\\\/wp-content\\\/uploads\\\/2023\\\/10\\\/5-IMG_0326.jpg\",\"datePublished\":\"2023-10-09T15:11:51+00:00\",\"dateModified\":\"2025-03-14T21:07:56+00:00\",\"breadcrumb\":{\"@id\":\"https:\\\/\\\/kelterborn-crafts.com\\\/product\\\/odins-ravens-drinking-horn\\\/#breadcrumb\"},\"inLanguage\":\"cs\",\"potentialAction\":[{\"@type\":\"ReadAction\",\"target\":[\"https:\\\/\\\/kelterborn-crafts.com\\\/product\\\/odins-ravens-drinking-horn\\\/\"]}]},{\"@type\":\"ImageObject\",\"inLanguage\":\"cs\",\"@id\":\"https:\\\/\\\/kelterborn-crafts.com\\\/product\\\/odins-ravens-drinking-horn\\\/#primaryimage\",\"url\":\"https:\\\/\\\/kelterborn-crafts.com\\\/wp-content\\\/uploads\\\/2023\\\/10\\\/5-IMG_0326.jpg\",\"contentUrl\":\"https:\\\/\\\/kelterborn-crafts.com\\\/wp-content\\\/uploads\\\/2023\\\/10\\\/5-IMG_0326.jpg\",\"width\":1000,\"height\":2437,\"caption\":\"horn odin\"},{\"@type\":\"BreadcrumbList\",\"@id\":\"https:\\\/\\\/kelterborn-crafts.com\\\/product\\\/odins-ravens-drinking-horn\\\/#breadcrumb\",\"itemListElement\":[{\"@type\":\"ListItem\",\"position\":1,\"name\":\"Home\",\"item\":\"https:\\\/\\\/kelterborn-crafts.com\\\/\"},{\"@type\":\"ListItem\",\"position\":2,\"name\":\"Shop\",\"item\":\"https:\\\/\\\/kelterborn-crafts.com\\\/cz\\\/shop\\\/\"},{\"@type\":\"ListItem\",\"position\":3,\"name\":\"Odin&#8217;s Ravens Drinking Horn\"}]},{\"@type\":\"WebSite\",\"@id\":\"https:\\\/\\\/kelterborn-crafts.com\\\/#website\",\"url\":\"https:\\\/\\\/kelterborn-crafts.com\\\/\",\"name\":\"Kelterborn Crafts\",\"description\":\"Handmade Heathen Products\",\"publisher\":{\"@id\":\"https:\\\/\\\/kelterborn-crafts.com\\\/#organization\"},\"potentialAction\":[{\"@type\":\"SearchAction\",\"target\":{\"@type\":\"EntryPoint\",\"urlTemplate\":\"https:\\\/\\\/kelterborn-crafts.com\\\/?s={search_term_string}\"},\"query-input\":{\"@type\":\"PropertyValueSpecification\",\"valueRequired\":true,\"valueName\":\"search_term_string\"}}],\"inLanguage\":\"cs\"},{\"@type\":\"Organization\",\"@id\":\"https:\\\/\\\/kelterborn-crafts.com\\\/#organization\",\"name\":\"Kelterborn Crafts\",\"alternateName\":\"Kelterborn\",\"url\":\"https:\\\/\\\/kelterborn-crafts.com\\\/\",\"logo\":{\"@type\":\"ImageObject\",\"inLanguage\":\"cs\",\"@id\":\"https:\\\/\\\/kelterborn-crafts.com\\\/#\\\/schema\\\/logo\\\/image\\\/\",\"url\":\"https:\\\/\\\/kelterborn-crafts.com\\\/wp-content\\\/uploads\\\/2024\\\/01\\\/Kelterborn-crafts-logo-black.png\",\"contentUrl\":\"https:\\\/\\\/kelterborn-crafts.com\\\/wp-content\\\/uploads\\\/2024\\\/01\\\/Kelterborn-crafts-logo-black.png\",\"width\":738,\"height\":346,\"caption\":\"Kelterborn Crafts\"},\"image\":{\"@id\":\"https:\\\/\\\/kelterborn-crafts.com\\\/#\\\/schema\\\/logo\\\/image\\\/\"},\"sameAs\":[\"https:\\\/\\\/www.facebook.com\\\/KelterbornCrafts\",\"https:\\\/\\\/www.instagram.com\\\/kelterborn_crafts\\\/\",\"https:\\\/\\\/pinterest.com\\\/kelterborncrafts\\\/\"]}]}<\/script>\n<!-- \/ Yoast SEO plugin. -->","yoast_head_json":{"title":"Odin's Ravens Drinking Horn - Kelterborn Crafts","robots":{"index":"index","follow":"follow","max-snippet":"max-snippet:-1","max-image-preview":"max-image-preview:large","max-video-preview":"max-video-preview:-1"},"canonical":"https:\/\/kelterborn-crafts.com\/cz\/produkt\/odins-ravens-drinking-horn\/","og_locale":"cs_CZ","og_type":"article","og_title":"Odin's Ravens Drinking Horn - Kelterborn Crafts","og_description":"! Please click on the picture to get full view !  Sturdy drinking horn with engraved and painted design depicting Odin and his two ravens Hugin and Munin. All is stylized into the shape of rune Ansuz (rune from Elder Futhark associated with Odin).   The engraving is painted in silver and violet color.  Capacity: 400 ml \/\/ 13,5 oz Length (from top to bottom): 41 cm \/\/ 16 inches Diameter on top: 6,5 cm \/\/ 2,5 inches  &nbsp;  &nbsp;","og_url":"https:\/\/kelterborn-crafts.com\/cz\/produkt\/odins-ravens-drinking-horn\/","og_site_name":"Kelterborn Crafts","article_publisher":"https:\/\/www.facebook.com\/KelterbornCrafts","article_modified_time":"2025-03-14T21:07:56+00:00","og_image":[{"width":1000,"height":2437,"url":"https:\/\/kelterborn-crafts.com\/wp-content\/uploads\/2023\/10\/5-IMG_0326.jpg","type":"image\/jpeg"}],"twitter_card":"summary_large_image","twitter_misc":{"Odhadovan\u00e1 doba \u010dten\u00ed":"1 minuta"},"schema":{"@context":"https:\/\/schema.org","@graph":[{"@type":"WebPage","@id":"https:\/\/kelterborn-crafts.com\/product\/odins-ravens-drinking-horn\/","url":"https:\/\/kelterborn-crafts.com\/product\/odins-ravens-drinking-horn\/","name":"Odin's Ravens Drinking Horn - Kelterborn Crafts","isPartOf":{"@id":"https:\/\/kelterborn-crafts.com\/#website"},"primaryImageOfPage":{"@id":"https:\/\/kelterborn-crafts.com\/product\/odins-ravens-drinking-horn\/#primaryimage"},"image":{"@id":"https:\/\/kelterborn-crafts.com\/product\/odins-ravens-drinking-horn\/#primaryimage"},"thumbnailUrl":"https:\/\/kelterborn-crafts.com\/wp-content\/uploads\/2023\/10\/5-IMG_0326.jpg","datePublished":"2023-10-09T15:11:51+00:00","dateModified":"2025-03-14T21:07:56+00:00","breadcrumb":{"@id":"https:\/\/kelterborn-crafts.com\/product\/odins-ravens-drinking-horn\/#breadcrumb"},"inLanguage":"cs","potentialAction":[{"@type":"ReadAction","target":["https:\/\/kelterborn-crafts.com\/product\/odins-ravens-drinking-horn\/"]}]},{"@type":"ImageObject","inLanguage":"cs","@id":"https:\/\/kelterborn-crafts.com\/product\/odins-ravens-drinking-horn\/#primaryimage","url":"https:\/\/kelterborn-crafts.com\/wp-content\/uploads\/2023\/10\/5-IMG_0326.jpg","contentUrl":"https:\/\/kelterborn-crafts.com\/wp-content\/uploads\/2023\/10\/5-IMG_0326.jpg","width":1000,"height":2437,"caption":"horn odin"},{"@type":"BreadcrumbList","@id":"https:\/\/kelterborn-crafts.com\/product\/odins-ravens-drinking-horn\/#breadcrumb","itemListElement":[{"@type":"ListItem","position":1,"name":"Home","item":"https:\/\/kelterborn-crafts.com\/"},{"@type":"ListItem","position":2,"name":"Shop","item":"https:\/\/kelterborn-crafts.com\/cz\/shop\/"},{"@type":"ListItem","position":3,"name":"Odin&#8217;s Ravens Drinking Horn"}]},{"@type":"WebSite","@id":"https:\/\/kelterborn-crafts.com\/#website","url":"https:\/\/kelterborn-crafts.com\/","name":"Kelterborn Crafts","description":"Handmade Heathen Products","publisher":{"@id":"https:\/\/kelterborn-crafts.com\/#organization"},"potentialAction":[{"@type":"SearchAction","target":{"@type":"EntryPoint","urlTemplate":"https:\/\/kelterborn-crafts.com\/?s={search_term_string}"},"query-input":{"@type":"PropertyValueSpecification","valueRequired":true,"valueName":"search_term_string"}}],"inLanguage":"cs"},{"@type":"Organization","@id":"https:\/\/kelterborn-crafts.com\/#organization","name":"Kelterborn Crafts","alternateName":"Kelterborn","url":"https:\/\/kelterborn-crafts.com\/","logo":{"@type":"ImageObject","inLanguage":"cs","@id":"https:\/\/kelterborn-crafts.com\/#\/schema\/logo\/image\/","url":"https:\/\/kelterborn-crafts.com\/wp-content\/uploads\/2024\/01\/Kelterborn-crafts-logo-black.png","contentUrl":"https:\/\/kelterborn-crafts.com\/wp-content\/uploads\/2024\/01\/Kelterborn-crafts-logo-black.png","width":738,"height":346,"caption":"Kelterborn Crafts"},"image":{"@id":"https:\/\/kelterborn-crafts.com\/#\/schema\/logo\/image\/"},"sameAs":["https:\/\/www.facebook.com\/KelterbornCrafts","https:\/\/www.instagram.com\/kelterborn_crafts\/","https:\/\/pinterest.com\/kelterborncrafts\/"]}]}},"jetpack_sharing_enabled":true,"_links":{"self":[{"href":"https:\/\/kelterborn-crafts.com\/cz\/wp-json\/wp\/v2\/product\/3912","targetHints":{"allow":["GET"]}}],"collection":[{"href":"https:\/\/kelterborn-crafts.com\/cz\/wp-json\/wp\/v2\/product"}],"about":[{"href":"https:\/\/kelterborn-crafts.com\/cz\/wp-json\/wp\/v2\/types\/product"}],"replies":[{"embeddable":true,"href":"https:\/\/kelterborn-crafts.com\/cz\/wp-json\/wp\/v2\/comments?post=3912"}],"version-history":[{"count":1,"href":"https:\/\/kelterborn-crafts.com\/cz\/wp-json\/wp\/v2\/product\/3912\/revisions"}],"predecessor-version":[{"id":5119,"href":"https:\/\/kelterborn-crafts.com\/cz\/wp-json\/wp\/v2\/product\/3912\/revisions\/5119"}],"wp:featuredmedia":[{"embeddable":true,"href":"https:\/\/kelterborn-crafts.com\/cz\/wp-json\/wp\/v2\/media\/3916"}],"wp:attachment":[{"href":"https:\/\/kelterborn-crafts.com\/cz\/wp-json\/wp\/v2\/media?parent=3912"}],"wp:term":[{"taxonomy":"product_brand","embeddable":true,"href":"https:\/\/kelterborn-crafts.com\/cz\/wp-json\/wp\/v2\/product_brand?post=3912"},{"taxonomy":"product_cat","embeddable":true,"href":"https:\/\/kelterborn-crafts.com\/cz\/wp-json\/wp\/v2\/product_cat?post=3912"},{"taxonomy":"product_tag","embeddable":true,"href":"https:\/\/kelterborn-crafts.com\/cz\/wp-json\/wp\/v2\/product_tag?post=3912"}],"curies":[{"name":"wp","href":"https:\/\/api.w.org\/{rel}","templated":true}]}}