{"id":3969,"date":"2023-10-10T17:43:43","date_gmt":"2023-10-10T15:43:43","guid":{"rendered":"https:\/\/kelterborn-crafts.com\/?post_type=product&#038;p=3969"},"modified":"2026-02-27T11:13:22","modified_gmt":"2026-02-27T10:13:22","slug":"kolovrat-leather-belt-horn-holder","status":"publish","type":"product","link":"https:\/\/kelterborn-crafts.com\/cz\/produkt\/kolovrat-leather-belt-horn-holder\/","title":{"rendered":"Ko\u017een\u00fd z\u00e1v\u011bs na roh \"Kolovrat\""},"content":{"rendered":"<p>Ru\u010dn\u011b d\u011blan\u00fd ko\u017een\u00fd z\u00e1v\u011bs na roh. Je vyroben\u00fd ze sv\u011btle hn\u011bd\u00e9 t\u0159\u00edslo\u010din\u011bn\u00e9 k\u016f\u017ee se slovansk\u00fdm symbolem Kolovratu ve \u017elutav\u00e9 barv\u011b. Kolovrat je slovansk\u00fd symbol Slunce, \u017eivota, prosperity a \u0161t\u011bst\u00ed.<\/p>\n<p>Design je prvn\u011b vy\u0159ezan\u00fd do k\u016f\u017ee a potom namalovan\u00fd vysoce kvalitn\u00edmi barvami. Pot\u00e9 je o\u0161et\u0159en produkty zaru\u010duj\u00edc\u00edmi st\u00e1lost barev. Hrany jsou vyle\u0161t\u011bn\u00e9 tak, aby byly p\u0159\u00edjemn\u00e9 na dotyk a aby se do k\u016f\u017ee nedost\u00e1vala vlhkost. Jako posledn\u00ed krok je k\u016f\u017ee o\u0161et\u0159ena kr\u00e9mem s p\u0159\u00eddavkem v\u010del\u00edho vosku, aby ji chr\u00e1nil a produkt V\u00e1m tak slou\u017eil po mnoho let. Je v\u0161ak pot\u0159eba n\u011bjak\u00e1 minim\u00e1ln\u00ed \u00fadr\u017eba. V\u00edce o tom, jak se starat o k\u016f\u017ei, najdete v z\u00e1lo\u017ece<strong> \"P\u00e9\u010de a skladov\u00e1n\u00ed\"<\/strong>.<\/p>\n<p>Poutko na opasek je k hlavn\u00edmu kusu p\u0159i\u0161ito ru\u010dn\u011b za pomoc\u00ed v\u00fdjime\u010dn\u011b odoln\u00e9ho sedl\u00e1\u0159sk\u00e9ho stehu.<\/p>\n<p><a href=\"https:\/\/kelterborn-crafts.com\/wp-content\/uploads\/2023\/02\/oddelovniky-dub.png\"><img decoding=\"async\" class=\"wp-image-2356 aligncenter\" src=\"https:\/\/kelterborn-crafts.com\/wp-content\/uploads\/2023\/02\/oddelovniky-dub.png\" alt=\"\" width=\"284\" height=\"68\" srcset=\"https:\/\/kelterborn-crafts.com\/wp-content\/uploads\/2023\/02\/oddelovniky-dub.png 472w, https:\/\/kelterborn-crafts.com\/wp-content\/uploads\/2023\/02\/oddelovniky-dub-300x72.png 300w, https:\/\/kelterborn-crafts.com\/wp-content\/uploads\/2023\/02\/oddelovniky-dub-18x4.png 18w\" sizes=\"(max-width: 284px) 100vw, 284px\" \/><\/a><\/p>","protected":false},"excerpt":{"rendered":"<p>Ru\u010dn\u011b d\u011blan\u00fd ko\u017een\u00fd z\u00e1v\u011bs na roh. Je vyroben\u00fd ze sv\u011btle hn\u011bd\u00e9 t\u0159\u00edslo\u010din\u011bn\u00e9 k\u016f\u017ee se slovansk\u00fdm symbolem Kolovratu ve \u017elutav\u00e9 barv\u011b. Kolovrat je slovansk\u00fd symbol Slunce, \u017eivota, prosperity a \u0161t\u011bst\u00ed.<\/p>\n<p><a href=\"https:\/\/kelterborn-crafts.com\/wp-content\/uploads\/2023\/02\/oddelovniky-dub.png\"><img decoding=\"async\" class=\"wp-image-2356 aligncenter\" src=\"https:\/\/kelterborn-crafts.com\/wp-content\/uploads\/2023\/02\/oddelovniky-dub.png\" alt=\"\" width=\"272\" height=\"65\" srcset=\"https:\/\/kelterborn-crafts.com\/wp-content\/uploads\/2023\/02\/oddelovniky-dub.png 472w, https:\/\/kelterborn-crafts.com\/wp-content\/uploads\/2023\/02\/oddelovniky-dub-300x72.png 300w, https:\/\/kelterborn-crafts.com\/wp-content\/uploads\/2023\/02\/oddelovniky-dub-18x4.png 18w\" sizes=\"(max-width: 272px) 100vw, 272px\" \/><\/a>K\u016f\u017ee je 1,6 - 2 mm tlust\u00e1.<\/p>\n<p><strong>Obvod: 17 cm <\/strong>(viz <a href=\"https:\/\/kelterborn-crafts.com\/cz\/measurements\/\">Velikosti a m\u00edry<\/a>) --- Je d\u016fle\u017eit\u00e9, abyste zm\u011b\u0159ili sv\u016fj roh n\u011bkolik centimetr\u016f pod horn\u00edm okrajem, aby roh dr\u017e\u00e1kem nepropadl.<\/p>\n<p><a href=\"https:\/\/kelterborn-crafts.com\/wp-content\/uploads\/2023\/02\/oddelovniky-dub.png\"><img decoding=\"async\" class=\"wp-image-2356 aligncenter\" src=\"https:\/\/kelterborn-crafts.com\/wp-content\/uploads\/2023\/02\/oddelovniky-dub.png\" alt=\"\" width=\"272\" height=\"65\" srcset=\"https:\/\/kelterborn-crafts.com\/wp-content\/uploads\/2023\/02\/oddelovniky-dub.png 472w, https:\/\/kelterborn-crafts.com\/wp-content\/uploads\/2023\/02\/oddelovniky-dub-300x72.png 300w, https:\/\/kelterborn-crafts.com\/wp-content\/uploads\/2023\/02\/oddelovniky-dub-18x4.png 18w\" sizes=\"(max-width: 272px) 100vw, 272px\" \/><\/a>Tento z\u00e1v\u011bs na roh byl vytvo\u0159en specificky pro <a href=\"\/cz\/produkt\/slavic-drinking-horn\/\">Slovansk\u00fd roh na pit\u00ed<\/a>.<\/p>\n<p class=\"translation-block\">Pokud chcete tento z\u00e1v\u011bs zhotovit pro jin\u00fd roh, pros\u00edme p\u0159e\u010dt\u011bte si detaily v z\u00e1lo\u017ece<span style=\"color: #339966\"><strong> \"Z\u00e1v\u011bs na roh na m\u00edru\" <\/strong> <\/span>n\u00ed\u017ee, kde je pops\u00e1no jak si objednat produkt na m\u00edru.<\/p>\n<p>&nbsp;<\/p>\n<p>&nbsp;<\/p>","protected":false},"featured_media":3930,"comment_status":"open","ping_status":"closed","template":"","meta":[],"product_brand":[],"product_cat":[40,65],"product_tag":[141,94,140,147,116,148],"class_list":{"0":"post-3969","1":"product","2":"type-product","3":"status-publish","4":"has-post-thumbnail","6":"product_cat-horn-holders","7":"product_cat-leather","8":"product_tag-belt-horn-holder","9":"product_tag-brown","10":"product_tag-horn-holder","11":"product_tag-kolovrat","12":"product_tag-slavic","13":"product_tag-sun","14":"product_shipping_class-shipping-medium-items","16":"first","17":"instock","18":"sold-individually","19":"shipping-taxable","20":"purchasable","21":"product-type-simple"},"yoast_head":"<!-- This site is optimized with the Yoast SEO plugin v27.3 - https:\/\/yoast.com\/product\/yoast-seo-wordpress\/ -->\n<title>&quot;Kolovrat&quot; Leather Belt Horn Holder - Kelterborn Crafts<\/title>\n<meta name=\"robots\" content=\"index, follow, max-snippet:-1, max-image-preview:large, max-video-preview:-1\" \/>\n<link rel=\"canonical\" href=\"https:\/\/kelterborn-crafts.com\/cz\/produkt\/kolovrat-leather-belt-horn-holder\/\" \/>\n<meta property=\"og:locale\" content=\"cs_CZ\" \/>\n<meta property=\"og:type\" content=\"article\" \/>\n<meta property=\"og:title\" content=\"&quot;Kolovrat&quot; Leather Belt Horn Holder - Kelterborn Crafts\" \/>\n<meta property=\"og:description\" content=\"Handmade leather belt horn holder. It\u00b4s made of light brown vegetable-tanned leather with slavic symbol Kolovrat in yellowish brown color. Kolovrat is a pan-slavic symbol of the Sun, life, prosperity and luck.  Leather is 1,6-2 mm thick.  Circumference: 17 cm (see Measurements) --- Please note that you need to measure your horn few centimetres down from the upper rim, so the horn doesn&#039;t fall through when you put it into the horn holder.  This belt holder is specifically crafted for Slavic Drinking Horn.  If you want this horn holder for another horn, please read details in &quot;Custom-made Horn Holder&quot; tab below for ordering a custom-made product.  &nbsp;  &nbsp;\" \/>\n<meta property=\"og:url\" content=\"https:\/\/kelterborn-crafts.com\/cz\/produkt\/kolovrat-leather-belt-horn-holder\/\" \/>\n<meta property=\"og:site_name\" content=\"Kelterborn Crafts\" \/>\n<meta property=\"article:publisher\" content=\"https:\/\/www.facebook.com\/KelterbornCrafts\" \/>\n<meta property=\"article:modified_time\" content=\"2026-02-27T10:13:22+00:00\" \/>\n<meta property=\"og:image\" content=\"https:\/\/kelterborn-crafts.com\/wp-content\/uploads\/2023\/10\/IMG_0316.jpg\" \/>\n\t<meta property=\"og:image:width\" content=\"600\" \/>\n\t<meta property=\"og:image:height\" content=\"758\" \/>\n\t<meta property=\"og:image:type\" content=\"image\/jpeg\" \/>\n<meta name=\"twitter:card\" content=\"summary_large_image\" \/>\n<meta name=\"twitter:label1\" content=\"Odhadovan\u00e1 doba \u010dten\u00ed\" \/>\n\t<meta name=\"twitter:data1\" content=\"2 minuty\" \/>\n<script type=\"application\/ld+json\" class=\"yoast-schema-graph\">{\"@context\":\"https:\\\/\\\/schema.org\",\"@graph\":[{\"@type\":\"WebPage\",\"@id\":\"https:\\\/\\\/kelterborn-crafts.com\\\/product\\\/kolovrat-leather-belt-horn-holder\\\/\",\"url\":\"https:\\\/\\\/kelterborn-crafts.com\\\/product\\\/kolovrat-leather-belt-horn-holder\\\/\",\"name\":\"\\\"Kolovrat\\\" Leather Belt Horn Holder - Kelterborn Crafts\",\"isPartOf\":{\"@id\":\"https:\\\/\\\/kelterborn-crafts.com\\\/#website\"},\"primaryImageOfPage\":{\"@id\":\"https:\\\/\\\/kelterborn-crafts.com\\\/product\\\/kolovrat-leather-belt-horn-holder\\\/#primaryimage\"},\"image\":{\"@id\":\"https:\\\/\\\/kelterborn-crafts.com\\\/product\\\/kolovrat-leather-belt-horn-holder\\\/#primaryimage\"},\"thumbnailUrl\":\"https:\\\/\\\/kelterborn-crafts.com\\\/wp-content\\\/uploads\\\/2023\\\/10\\\/IMG_0316.jpg\",\"datePublished\":\"2023-10-10T15:43:43+00:00\",\"dateModified\":\"2026-02-27T10:13:22+00:00\",\"breadcrumb\":{\"@id\":\"https:\\\/\\\/kelterborn-crafts.com\\\/product\\\/kolovrat-leather-belt-horn-holder\\\/#breadcrumb\"},\"inLanguage\":\"cs\",\"potentialAction\":[{\"@type\":\"ReadAction\",\"target\":[\"https:\\\/\\\/kelterborn-crafts.com\\\/product\\\/kolovrat-leather-belt-horn-holder\\\/\"]}]},{\"@type\":\"ImageObject\",\"inLanguage\":\"cs\",\"@id\":\"https:\\\/\\\/kelterborn-crafts.com\\\/product\\\/kolovrat-leather-belt-horn-holder\\\/#primaryimage\",\"url\":\"https:\\\/\\\/kelterborn-crafts.com\\\/wp-content\\\/uploads\\\/2023\\\/10\\\/IMG_0316.jpg\",\"contentUrl\":\"https:\\\/\\\/kelterborn-crafts.com\\\/wp-content\\\/uploads\\\/2023\\\/10\\\/IMG_0316.jpg\",\"width\":600,\"height\":758,\"caption\":\"hornholder\"},{\"@type\":\"BreadcrumbList\",\"@id\":\"https:\\\/\\\/kelterborn-crafts.com\\\/product\\\/kolovrat-leather-belt-horn-holder\\\/#breadcrumb\",\"itemListElement\":[{\"@type\":\"ListItem\",\"position\":1,\"name\":\"Home\",\"item\":\"https:\\\/\\\/kelterborn-crafts.com\\\/\"},{\"@type\":\"ListItem\",\"position\":2,\"name\":\"Shop\",\"item\":\"https:\\\/\\\/kelterborn-crafts.com\\\/cz\\\/shop\\\/\"},{\"@type\":\"ListItem\",\"position\":3,\"name\":\"&#8220;Kolovrat&#8221; Leather Belt Horn Holder\"}]},{\"@type\":\"WebSite\",\"@id\":\"https:\\\/\\\/kelterborn-crafts.com\\\/#website\",\"url\":\"https:\\\/\\\/kelterborn-crafts.com\\\/\",\"name\":\"Kelterborn Crafts\",\"description\":\"Handmade Heathen Products\",\"publisher\":{\"@id\":\"https:\\\/\\\/kelterborn-crafts.com\\\/#organization\"},\"potentialAction\":[{\"@type\":\"SearchAction\",\"target\":{\"@type\":\"EntryPoint\",\"urlTemplate\":\"https:\\\/\\\/kelterborn-crafts.com\\\/?s={search_term_string}\"},\"query-input\":{\"@type\":\"PropertyValueSpecification\",\"valueRequired\":true,\"valueName\":\"search_term_string\"}}],\"inLanguage\":\"cs\"},{\"@type\":\"Organization\",\"@id\":\"https:\\\/\\\/kelterborn-crafts.com\\\/#organization\",\"name\":\"Kelterborn Crafts\",\"alternateName\":\"Kelterborn\",\"url\":\"https:\\\/\\\/kelterborn-crafts.com\\\/\",\"logo\":{\"@type\":\"ImageObject\",\"inLanguage\":\"cs\",\"@id\":\"https:\\\/\\\/kelterborn-crafts.com\\\/#\\\/schema\\\/logo\\\/image\\\/\",\"url\":\"https:\\\/\\\/kelterborn-crafts.com\\\/wp-content\\\/uploads\\\/2024\\\/01\\\/Kelterborn-crafts-logo-black.png\",\"contentUrl\":\"https:\\\/\\\/kelterborn-crafts.com\\\/wp-content\\\/uploads\\\/2024\\\/01\\\/Kelterborn-crafts-logo-black.png\",\"width\":738,\"height\":346,\"caption\":\"Kelterborn Crafts\"},\"image\":{\"@id\":\"https:\\\/\\\/kelterborn-crafts.com\\\/#\\\/schema\\\/logo\\\/image\\\/\"},\"sameAs\":[\"https:\\\/\\\/www.facebook.com\\\/KelterbornCrafts\",\"https:\\\/\\\/www.instagram.com\\\/kelterborn_crafts\\\/\",\"https:\\\/\\\/pinterest.com\\\/kelterborncrafts\\\/\"]}]}<\/script>\n<!-- \/ Yoast SEO plugin. -->","yoast_head_json":{"title":"\"Kolovrat\" Leather Belt Horn Holder - Kelterborn Crafts","robots":{"index":"index","follow":"follow","max-snippet":"max-snippet:-1","max-image-preview":"max-image-preview:large","max-video-preview":"max-video-preview:-1"},"canonical":"https:\/\/kelterborn-crafts.com\/cz\/produkt\/kolovrat-leather-belt-horn-holder\/","og_locale":"cs_CZ","og_type":"article","og_title":"\"Kolovrat\" Leather Belt Horn Holder - Kelterborn Crafts","og_description":"Handmade leather belt horn holder. It\u00b4s made of light brown vegetable-tanned leather with slavic symbol Kolovrat in yellowish brown color. Kolovrat is a pan-slavic symbol of the Sun, life, prosperity and luck.  Leather is 1,6-2 mm thick.  Circumference: 17 cm (see Measurements) --- Please note that you need to measure your horn few centimetres down from the upper rim, so the horn doesn't fall through when you put it into the horn holder.  This belt holder is specifically crafted for Slavic Drinking Horn.  If you want this horn holder for another horn, please read details in \"Custom-made Horn Holder\" tab below for ordering a custom-made product.  &nbsp;  &nbsp;","og_url":"https:\/\/kelterborn-crafts.com\/cz\/produkt\/kolovrat-leather-belt-horn-holder\/","og_site_name":"Kelterborn Crafts","article_publisher":"https:\/\/www.facebook.com\/KelterbornCrafts","article_modified_time":"2026-02-27T10:13:22+00:00","og_image":[{"width":600,"height":758,"url":"https:\/\/kelterborn-crafts.com\/wp-content\/uploads\/2023\/10\/IMG_0316.jpg","type":"image\/jpeg"}],"twitter_card":"summary_large_image","twitter_misc":{"Odhadovan\u00e1 doba \u010dten\u00ed":"2 minuty"},"schema":{"@context":"https:\/\/schema.org","@graph":[{"@type":"WebPage","@id":"https:\/\/kelterborn-crafts.com\/product\/kolovrat-leather-belt-horn-holder\/","url":"https:\/\/kelterborn-crafts.com\/product\/kolovrat-leather-belt-horn-holder\/","name":"\"Kolovrat\" Leather Belt Horn Holder - Kelterborn Crafts","isPartOf":{"@id":"https:\/\/kelterborn-crafts.com\/#website"},"primaryImageOfPage":{"@id":"https:\/\/kelterborn-crafts.com\/product\/kolovrat-leather-belt-horn-holder\/#primaryimage"},"image":{"@id":"https:\/\/kelterborn-crafts.com\/product\/kolovrat-leather-belt-horn-holder\/#primaryimage"},"thumbnailUrl":"https:\/\/kelterborn-crafts.com\/wp-content\/uploads\/2023\/10\/IMG_0316.jpg","datePublished":"2023-10-10T15:43:43+00:00","dateModified":"2026-02-27T10:13:22+00:00","breadcrumb":{"@id":"https:\/\/kelterborn-crafts.com\/product\/kolovrat-leather-belt-horn-holder\/#breadcrumb"},"inLanguage":"cs","potentialAction":[{"@type":"ReadAction","target":["https:\/\/kelterborn-crafts.com\/product\/kolovrat-leather-belt-horn-holder\/"]}]},{"@type":"ImageObject","inLanguage":"cs","@id":"https:\/\/kelterborn-crafts.com\/product\/kolovrat-leather-belt-horn-holder\/#primaryimage","url":"https:\/\/kelterborn-crafts.com\/wp-content\/uploads\/2023\/10\/IMG_0316.jpg","contentUrl":"https:\/\/kelterborn-crafts.com\/wp-content\/uploads\/2023\/10\/IMG_0316.jpg","width":600,"height":758,"caption":"hornholder"},{"@type":"BreadcrumbList","@id":"https:\/\/kelterborn-crafts.com\/product\/kolovrat-leather-belt-horn-holder\/#breadcrumb","itemListElement":[{"@type":"ListItem","position":1,"name":"Home","item":"https:\/\/kelterborn-crafts.com\/"},{"@type":"ListItem","position":2,"name":"Shop","item":"https:\/\/kelterborn-crafts.com\/cz\/shop\/"},{"@type":"ListItem","position":3,"name":"&#8220;Kolovrat&#8221; Leather Belt Horn Holder"}]},{"@type":"WebSite","@id":"https:\/\/kelterborn-crafts.com\/#website","url":"https:\/\/kelterborn-crafts.com\/","name":"Kelterborn Crafts","description":"Handmade Heathen Products","publisher":{"@id":"https:\/\/kelterborn-crafts.com\/#organization"},"potentialAction":[{"@type":"SearchAction","target":{"@type":"EntryPoint","urlTemplate":"https:\/\/kelterborn-crafts.com\/?s={search_term_string}"},"query-input":{"@type":"PropertyValueSpecification","valueRequired":true,"valueName":"search_term_string"}}],"inLanguage":"cs"},{"@type":"Organization","@id":"https:\/\/kelterborn-crafts.com\/#organization","name":"Kelterborn Crafts","alternateName":"Kelterborn","url":"https:\/\/kelterborn-crafts.com\/","logo":{"@type":"ImageObject","inLanguage":"cs","@id":"https:\/\/kelterborn-crafts.com\/#\/schema\/logo\/image\/","url":"https:\/\/kelterborn-crafts.com\/wp-content\/uploads\/2024\/01\/Kelterborn-crafts-logo-black.png","contentUrl":"https:\/\/kelterborn-crafts.com\/wp-content\/uploads\/2024\/01\/Kelterborn-crafts-logo-black.png","width":738,"height":346,"caption":"Kelterborn Crafts"},"image":{"@id":"https:\/\/kelterborn-crafts.com\/#\/schema\/logo\/image\/"},"sameAs":["https:\/\/www.facebook.com\/KelterbornCrafts","https:\/\/www.instagram.com\/kelterborn_crafts\/","https:\/\/pinterest.com\/kelterborncrafts\/"]}]}},"jetpack_sharing_enabled":true,"_links":{"self":[{"href":"https:\/\/kelterborn-crafts.com\/cz\/wp-json\/wp\/v2\/product\/3969","targetHints":{"allow":["GET"]}}],"collection":[{"href":"https:\/\/kelterborn-crafts.com\/cz\/wp-json\/wp\/v2\/product"}],"about":[{"href":"https:\/\/kelterborn-crafts.com\/cz\/wp-json\/wp\/v2\/types\/product"}],"replies":[{"embeddable":true,"href":"https:\/\/kelterborn-crafts.com\/cz\/wp-json\/wp\/v2\/comments?post=3969"}],"version-history":[{"count":3,"href":"https:\/\/kelterborn-crafts.com\/cz\/wp-json\/wp\/v2\/product\/3969\/revisions"}],"predecessor-version":[{"id":4899,"href":"https:\/\/kelterborn-crafts.com\/cz\/wp-json\/wp\/v2\/product\/3969\/revisions\/4899"}],"wp:featuredmedia":[{"embeddable":true,"href":"https:\/\/kelterborn-crafts.com\/cz\/wp-json\/wp\/v2\/media\/3930"}],"wp:attachment":[{"href":"https:\/\/kelterborn-crafts.com\/cz\/wp-json\/wp\/v2\/media?parent=3969"}],"wp:term":[{"taxonomy":"product_brand","embeddable":true,"href":"https:\/\/kelterborn-crafts.com\/cz\/wp-json\/wp\/v2\/product_brand?post=3969"},{"taxonomy":"product_cat","embeddable":true,"href":"https:\/\/kelterborn-crafts.com\/cz\/wp-json\/wp\/v2\/product_cat?post=3969"},{"taxonomy":"product_tag","embeddable":true,"href":"https:\/\/kelterborn-crafts.com\/cz\/wp-json\/wp\/v2\/product_tag?post=3969"}],"curies":[{"name":"wp","href":"https:\/\/api.w.org\/{rel}","templated":true}]}}