{"id":3976,"date":"2023-10-10T18:32:51","date_gmt":"2023-10-10T16:32:51","guid":{"rendered":"https:\/\/kelterborn-crafts.com\/?post_type=product&#038;p=3976"},"modified":"2025-03-14T23:42:17","modified_gmt":"2025-03-14T22:42:17","slug":"ansuz-leather-belt-horn-holder","status":"publish","type":"product","link":"https:\/\/kelterborn-crafts.com\/cz\/produkt\/ansuz-leather-belt-horn-holder\/","title":{"rendered":"Ko\u017een\u00fd z\u00e1v\u011bs na roh \"Ansuz\""},"content":{"rendered":"<p>Ru\u010dn\u011b d\u011blan\u00fd z\u00e1v\u011bs na roh z fialov\u00e9 t\u0159\u00edslo\u010din\u011bn\u00e9 k\u016f\u017ee. Spodn\u00ed vrstva je vyroben\u00e1 ze st\u0159\u00edbrn\u00e9 k\u016f\u017ee. Spole\u010dn\u011b vytv\u00e1\u0159ej\u00ed runu Ansuz, runu \u00d3dina, runu bo\u017estv\u00ed, komunikace a moudrosti.<\/p>\n<p>Design je prvn\u011b vy\u0159ezan\u00fd do k\u016f\u017ee a potom namalovan\u00fd vysoce kvalitn\u00edmi barvami. Pot\u00e9 je o\u0161et\u0159en produkty zaru\u010duj\u00edc\u00edmi st\u00e1lost barev. Hrany jsou vyle\u0161t\u011bn\u00e9 tak, aby byly p\u0159\u00edjemn\u00e9 na dotyk a aby se do k\u016f\u017ee nedost\u00e1vala vlhkost. Jako posledn\u00ed krok je k\u016f\u017ee o\u0161et\u0159ena kr\u00e9mem s p\u0159\u00eddavkem v\u010del\u00edho vosku, aby ji chr\u00e1nil a produkt V\u00e1m tak slou\u017eil po mnoho let. Je v\u0161ak pot\u0159eba n\u011bjak\u00e1 minim\u00e1ln\u00ed \u00fadr\u017eba. V\u00edce o tom, jak se starat o k\u016f\u017ei, najdete v z\u00e1lo\u017ece<strong> \"P\u00e9\u010de a skladov\u00e1n\u00ed\"<\/strong>.<\/p>\n<p>Jednotliv\u00e9 \u010d\u00e1sti dr\u017e\u00e1ku jsou se\u0161ity a ob\u0161ity ru\u010dn\u011b pomoc\u00ed v\u00fdjime\u010dn\u011b odoln\u00e9ho sedl\u00e1\u0159sk\u00e9ho stehu.<\/p>\n<p><a href=\"https:\/\/kelterborn-crafts.com\/wp-content\/uploads\/2023\/02\/oddelovniky-dub.png\"><img decoding=\"async\" class=\"wp-image-2356 aligncenter\" src=\"https:\/\/kelterborn-crafts.com\/wp-content\/uploads\/2023\/02\/oddelovniky-dub.png\" alt=\"\" width=\"284\" height=\"68\" srcset=\"https:\/\/kelterborn-crafts.com\/wp-content\/uploads\/2023\/02\/oddelovniky-dub.png 472w, https:\/\/kelterborn-crafts.com\/wp-content\/uploads\/2023\/02\/oddelovniky-dub-300x72.png 300w, https:\/\/kelterborn-crafts.com\/wp-content\/uploads\/2023\/02\/oddelovniky-dub-18x4.png 18w\" sizes=\"(max-width: 284px) 100vw, 284px\" \/><\/a><\/p>","protected":false},"excerpt":{"rendered":"<p>Ru\u010dn\u011b d\u011blan\u00fd z\u00e1v\u011bs na roh z fialov\u00e9 t\u0159\u00edslo\u010din\u011bn\u00e9 k\u016f\u017ee. Spodn\u00ed vrstva je vyroben\u00e1 ze st\u0159\u00edbrn\u00e9 k\u016f\u017ee. Spole\u010dn\u011b vytv\u00e1\u0159ej\u00ed runu Ansuz, runu \u00d3dina, runu bo\u017estv\u00ed, komunikace a moudrosti.<\/p>\n<p><a href=\"https:\/\/kelterborn-crafts.com\/wp-content\/uploads\/2023\/02\/oddelovniky-dub.png\"><img decoding=\"async\" class=\"wp-image-2356 aligncenter\" src=\"https:\/\/kelterborn-crafts.com\/wp-content\/uploads\/2023\/02\/oddelovniky-dub.png\" alt=\"\" width=\"272\" height=\"65\" srcset=\"https:\/\/kelterborn-crafts.com\/wp-content\/uploads\/2023\/02\/oddelovniky-dub.png 472w, https:\/\/kelterborn-crafts.com\/wp-content\/uploads\/2023\/02\/oddelovniky-dub-300x72.png 300w, https:\/\/kelterborn-crafts.com\/wp-content\/uploads\/2023\/02\/oddelovniky-dub-18x4.png 18w\" sizes=\"(max-width: 272px) 100vw, 272px\" \/><\/a>K\u016f\u017ee je 1,6 - 2 mm tlust\u00e1.<\/p>\n<p><strong>Obvod: 19,5 cm <\/strong>(viz <a href=\"https:\/\/kelterborn-crafts.com\/cz\/measurements\/\">Velikosti a m\u00edry<\/a>) --- Je d\u016fle\u017eit\u00e9, abyste zm\u011b\u0159ili sv\u016fj roh n\u011bkolik centimetr\u016f pod horn\u00edm okrajem, aby roh dr\u017e\u00e1kem nepropadl.<\/p>\n<p><a href=\"https:\/\/kelterborn-crafts.com\/wp-content\/uploads\/2023\/02\/oddelovniky-dub.png\"><img decoding=\"async\" class=\"wp-image-2356 aligncenter\" src=\"https:\/\/kelterborn-crafts.com\/wp-content\/uploads\/2023\/02\/oddelovniky-dub.png\" alt=\"\" width=\"272\" height=\"65\" srcset=\"https:\/\/kelterborn-crafts.com\/wp-content\/uploads\/2023\/02\/oddelovniky-dub.png 472w, https:\/\/kelterborn-crafts.com\/wp-content\/uploads\/2023\/02\/oddelovniky-dub-300x72.png 300w, https:\/\/kelterborn-crafts.com\/wp-content\/uploads\/2023\/02\/oddelovniky-dub-18x4.png 18w\" sizes=\"(max-width: 272px) 100vw, 272px\" \/><\/a>Tento z\u00e1v\u011bs na roh byl vytvo\u0159en specificky pro <a href=\"\/cz\/produkt\/odins-ravens-drinking-horn\/\">Roh \"\u00d3dinovi havrani\"<\/a>.<\/p>\n<p class=\"translation-block\">Pokud chcete tento z\u00e1v\u011bs zhotovit pro jin\u00fd roh, pros\u00edme p\u0159e\u010dt\u011bte si detaily v z\u00e1lo\u017ece<span style=\"color: #339966\"><strong> \"Z\u00e1v\u011bs na roh na m\u00edru\" <\/strong> <\/span>n\u00ed\u017ee, kde je pops\u00e1no jak si objednat produkt na m\u00edru.<\/p>\n<p>&nbsp;<\/p>","protected":false},"featured_media":3932,"comment_status":"open","ping_status":"closed","template":"","meta":[],"product_brand":[],"product_cat":[40,65],"product_tag":[137,141,101,140,100,111,82],"class_list":{"0":"post-3976","1":"product","2":"type-product","3":"status-publish","4":"has-post-thumbnail","6":"product_cat-horn-holders","7":"product_cat-leather","8":"product_tag-ansuz","9":"product_tag-belt-horn-holder","10":"product_tag-elder-futhark","11":"product_tag-horn-holder","12":"product_tag-runes","13":"product_tag-silver","14":"product_tag-violet","15":"product_shipping_class-shipping-medium-items","17":"first","18":"outofstock","19":"sold-individually","20":"shipping-taxable","21":"purchasable","22":"product-type-simple"},"yoast_head":"<!-- This site is optimized with the Yoast SEO plugin v27.3 - https:\/\/yoast.com\/product\/yoast-seo-wordpress\/ -->\n<title>&quot;Ansuz&quot; Leather Belt Horn Holder - Kelterborn Crafts<\/title>\n<meta name=\"description\" content=\"Handmade leather belt horn holder, made of high-quality leather in violet color. The lower layer is made of painted silver leather. Together they make the rune Ansuz, rune of Odin.\" \/>\n<meta name=\"robots\" content=\"index, follow, max-snippet:-1, max-image-preview:large, max-video-preview:-1\" \/>\n<link rel=\"canonical\" href=\"https:\/\/kelterborn-crafts.com\/cz\/produkt\/ansuz-leather-belt-horn-holder\/\" \/>\n<meta property=\"og:locale\" content=\"cs_CZ\" \/>\n<meta property=\"og:type\" content=\"article\" \/>\n<meta property=\"og:title\" content=\"&quot;Ansuz&quot; Leather Belt Horn Holder - Kelterborn Crafts\" \/>\n<meta property=\"og:description\" content=\"Handmade leather belt horn holder, made of high-quality leather in violet color. The lower layer is made of painted silver leather. Together they make the rune Ansuz, rune of Odin.\" \/>\n<meta property=\"og:url\" content=\"https:\/\/kelterborn-crafts.com\/cz\/produkt\/ansuz-leather-belt-horn-holder\/\" \/>\n<meta property=\"og:site_name\" content=\"Kelterborn Crafts\" \/>\n<meta property=\"article:publisher\" content=\"https:\/\/www.facebook.com\/KelterbornCrafts\" \/>\n<meta property=\"article:modified_time\" content=\"2025-03-14T22:42:17+00:00\" \/>\n<meta property=\"og:image\" content=\"https:\/\/kelterborn-crafts.com\/wp-content\/uploads\/2023\/10\/IMG_0331.jpg\" \/>\n\t<meta property=\"og:image:width\" content=\"500\" \/>\n\t<meta property=\"og:image:height\" content=\"629\" \/>\n\t<meta property=\"og:image:type\" content=\"image\/jpeg\" \/>\n<meta name=\"twitter:card\" content=\"summary_large_image\" \/>\n<meta name=\"twitter:label1\" content=\"Odhadovan\u00e1 doba \u010dten\u00ed\" \/>\n\t<meta name=\"twitter:data1\" content=\"2 minuty\" \/>\n<script type=\"application\/ld+json\" class=\"yoast-schema-graph\">{\"@context\":\"https:\\\/\\\/schema.org\",\"@graph\":[{\"@type\":\"WebPage\",\"@id\":\"https:\\\/\\\/kelterborn-crafts.com\\\/product\\\/ansuz-leather-belt-horn-holder\\\/\",\"url\":\"https:\\\/\\\/kelterborn-crafts.com\\\/product\\\/ansuz-leather-belt-horn-holder\\\/\",\"name\":\"\\\"Ansuz\\\" Leather Belt Horn Holder - Kelterborn Crafts\",\"isPartOf\":{\"@id\":\"https:\\\/\\\/kelterborn-crafts.com\\\/#website\"},\"primaryImageOfPage\":{\"@id\":\"https:\\\/\\\/kelterborn-crafts.com\\\/product\\\/ansuz-leather-belt-horn-holder\\\/#primaryimage\"},\"image\":{\"@id\":\"https:\\\/\\\/kelterborn-crafts.com\\\/product\\\/ansuz-leather-belt-horn-holder\\\/#primaryimage\"},\"thumbnailUrl\":\"https:\\\/\\\/kelterborn-crafts.com\\\/wp-content\\\/uploads\\\/2023\\\/10\\\/IMG_0331.jpg\",\"datePublished\":\"2023-10-10T16:32:51+00:00\",\"dateModified\":\"2025-03-14T22:42:17+00:00\",\"description\":\"Handmade leather belt horn holder, made of high-quality leather in violet color. The lower layer is made of painted silver leather. Together they make the rune Ansuz, rune of Odin.\",\"breadcrumb\":{\"@id\":\"https:\\\/\\\/kelterborn-crafts.com\\\/product\\\/ansuz-leather-belt-horn-holder\\\/#breadcrumb\"},\"inLanguage\":\"cs\",\"potentialAction\":[{\"@type\":\"ReadAction\",\"target\":[\"https:\\\/\\\/kelterborn-crafts.com\\\/product\\\/ansuz-leather-belt-horn-holder\\\/\"]}]},{\"@type\":\"ImageObject\",\"inLanguage\":\"cs\",\"@id\":\"https:\\\/\\\/kelterborn-crafts.com\\\/product\\\/ansuz-leather-belt-horn-holder\\\/#primaryimage\",\"url\":\"https:\\\/\\\/kelterborn-crafts.com\\\/wp-content\\\/uploads\\\/2023\\\/10\\\/IMG_0331.jpg\",\"contentUrl\":\"https:\\\/\\\/kelterborn-crafts.com\\\/wp-content\\\/uploads\\\/2023\\\/10\\\/IMG_0331.jpg\",\"width\":500,\"height\":629,\"caption\":\"hornholder\"},{\"@type\":\"BreadcrumbList\",\"@id\":\"https:\\\/\\\/kelterborn-crafts.com\\\/product\\\/ansuz-leather-belt-horn-holder\\\/#breadcrumb\",\"itemListElement\":[{\"@type\":\"ListItem\",\"position\":1,\"name\":\"Home\",\"item\":\"https:\\\/\\\/kelterborn-crafts.com\\\/\"},{\"@type\":\"ListItem\",\"position\":2,\"name\":\"Shop\",\"item\":\"https:\\\/\\\/kelterborn-crafts.com\\\/cz\\\/shop\\\/\"},{\"@type\":\"ListItem\",\"position\":3,\"name\":\"&#8220;Ansuz&#8221; Leather Belt Horn Holder\"}]},{\"@type\":\"WebSite\",\"@id\":\"https:\\\/\\\/kelterborn-crafts.com\\\/#website\",\"url\":\"https:\\\/\\\/kelterborn-crafts.com\\\/\",\"name\":\"Kelterborn Crafts\",\"description\":\"Handmade Heathen Products\",\"publisher\":{\"@id\":\"https:\\\/\\\/kelterborn-crafts.com\\\/#organization\"},\"potentialAction\":[{\"@type\":\"SearchAction\",\"target\":{\"@type\":\"EntryPoint\",\"urlTemplate\":\"https:\\\/\\\/kelterborn-crafts.com\\\/?s={search_term_string}\"},\"query-input\":{\"@type\":\"PropertyValueSpecification\",\"valueRequired\":true,\"valueName\":\"search_term_string\"}}],\"inLanguage\":\"cs\"},{\"@type\":\"Organization\",\"@id\":\"https:\\\/\\\/kelterborn-crafts.com\\\/#organization\",\"name\":\"Kelterborn Crafts\",\"alternateName\":\"Kelterborn\",\"url\":\"https:\\\/\\\/kelterborn-crafts.com\\\/\",\"logo\":{\"@type\":\"ImageObject\",\"inLanguage\":\"cs\",\"@id\":\"https:\\\/\\\/kelterborn-crafts.com\\\/#\\\/schema\\\/logo\\\/image\\\/\",\"url\":\"https:\\\/\\\/kelterborn-crafts.com\\\/wp-content\\\/uploads\\\/2024\\\/01\\\/Kelterborn-crafts-logo-black.png\",\"contentUrl\":\"https:\\\/\\\/kelterborn-crafts.com\\\/wp-content\\\/uploads\\\/2024\\\/01\\\/Kelterborn-crafts-logo-black.png\",\"width\":738,\"height\":346,\"caption\":\"Kelterborn Crafts\"},\"image\":{\"@id\":\"https:\\\/\\\/kelterborn-crafts.com\\\/#\\\/schema\\\/logo\\\/image\\\/\"},\"sameAs\":[\"https:\\\/\\\/www.facebook.com\\\/KelterbornCrafts\",\"https:\\\/\\\/www.instagram.com\\\/kelterborn_crafts\\\/\",\"https:\\\/\\\/pinterest.com\\\/kelterborncrafts\\\/\"]}]}<\/script>\n<!-- \/ Yoast SEO plugin. -->","yoast_head_json":{"title":"\"Ansuz\" Leather Belt Horn Holder - Kelterborn Crafts","description":"Handmade leather belt horn holder, made of high-quality leather in violet color. The lower layer is made of painted silver leather. Together they make the rune Ansuz, rune of Odin.","robots":{"index":"index","follow":"follow","max-snippet":"max-snippet:-1","max-image-preview":"max-image-preview:large","max-video-preview":"max-video-preview:-1"},"canonical":"https:\/\/kelterborn-crafts.com\/cz\/produkt\/ansuz-leather-belt-horn-holder\/","og_locale":"cs_CZ","og_type":"article","og_title":"\"Ansuz\" Leather Belt Horn Holder - Kelterborn Crafts","og_description":"Handmade leather belt horn holder, made of high-quality leather in violet color. The lower layer is made of painted silver leather. Together they make the rune Ansuz, rune of Odin.","og_url":"https:\/\/kelterborn-crafts.com\/cz\/produkt\/ansuz-leather-belt-horn-holder\/","og_site_name":"Kelterborn Crafts","article_publisher":"https:\/\/www.facebook.com\/KelterbornCrafts","article_modified_time":"2025-03-14T22:42:17+00:00","og_image":[{"width":500,"height":629,"url":"https:\/\/kelterborn-crafts.com\/wp-content\/uploads\/2023\/10\/IMG_0331.jpg","type":"image\/jpeg"}],"twitter_card":"summary_large_image","twitter_misc":{"Odhadovan\u00e1 doba \u010dten\u00ed":"2 minuty"},"schema":{"@context":"https:\/\/schema.org","@graph":[{"@type":"WebPage","@id":"https:\/\/kelterborn-crafts.com\/product\/ansuz-leather-belt-horn-holder\/","url":"https:\/\/kelterborn-crafts.com\/product\/ansuz-leather-belt-horn-holder\/","name":"\"Ansuz\" Leather Belt Horn Holder - Kelterborn Crafts","isPartOf":{"@id":"https:\/\/kelterborn-crafts.com\/#website"},"primaryImageOfPage":{"@id":"https:\/\/kelterborn-crafts.com\/product\/ansuz-leather-belt-horn-holder\/#primaryimage"},"image":{"@id":"https:\/\/kelterborn-crafts.com\/product\/ansuz-leather-belt-horn-holder\/#primaryimage"},"thumbnailUrl":"https:\/\/kelterborn-crafts.com\/wp-content\/uploads\/2023\/10\/IMG_0331.jpg","datePublished":"2023-10-10T16:32:51+00:00","dateModified":"2025-03-14T22:42:17+00:00","description":"Handmade leather belt horn holder, made of high-quality leather in violet color. The lower layer is made of painted silver leather. Together they make the rune Ansuz, rune of Odin.","breadcrumb":{"@id":"https:\/\/kelterborn-crafts.com\/product\/ansuz-leather-belt-horn-holder\/#breadcrumb"},"inLanguage":"cs","potentialAction":[{"@type":"ReadAction","target":["https:\/\/kelterborn-crafts.com\/product\/ansuz-leather-belt-horn-holder\/"]}]},{"@type":"ImageObject","inLanguage":"cs","@id":"https:\/\/kelterborn-crafts.com\/product\/ansuz-leather-belt-horn-holder\/#primaryimage","url":"https:\/\/kelterborn-crafts.com\/wp-content\/uploads\/2023\/10\/IMG_0331.jpg","contentUrl":"https:\/\/kelterborn-crafts.com\/wp-content\/uploads\/2023\/10\/IMG_0331.jpg","width":500,"height":629,"caption":"hornholder"},{"@type":"BreadcrumbList","@id":"https:\/\/kelterborn-crafts.com\/product\/ansuz-leather-belt-horn-holder\/#breadcrumb","itemListElement":[{"@type":"ListItem","position":1,"name":"Home","item":"https:\/\/kelterborn-crafts.com\/"},{"@type":"ListItem","position":2,"name":"Shop","item":"https:\/\/kelterborn-crafts.com\/cz\/shop\/"},{"@type":"ListItem","position":3,"name":"&#8220;Ansuz&#8221; Leather Belt Horn Holder"}]},{"@type":"WebSite","@id":"https:\/\/kelterborn-crafts.com\/#website","url":"https:\/\/kelterborn-crafts.com\/","name":"Kelterborn Crafts","description":"Handmade Heathen Products","publisher":{"@id":"https:\/\/kelterborn-crafts.com\/#organization"},"potentialAction":[{"@type":"SearchAction","target":{"@type":"EntryPoint","urlTemplate":"https:\/\/kelterborn-crafts.com\/?s={search_term_string}"},"query-input":{"@type":"PropertyValueSpecification","valueRequired":true,"valueName":"search_term_string"}}],"inLanguage":"cs"},{"@type":"Organization","@id":"https:\/\/kelterborn-crafts.com\/#organization","name":"Kelterborn Crafts","alternateName":"Kelterborn","url":"https:\/\/kelterborn-crafts.com\/","logo":{"@type":"ImageObject","inLanguage":"cs","@id":"https:\/\/kelterborn-crafts.com\/#\/schema\/logo\/image\/","url":"https:\/\/kelterborn-crafts.com\/wp-content\/uploads\/2024\/01\/Kelterborn-crafts-logo-black.png","contentUrl":"https:\/\/kelterborn-crafts.com\/wp-content\/uploads\/2024\/01\/Kelterborn-crafts-logo-black.png","width":738,"height":346,"caption":"Kelterborn Crafts"},"image":{"@id":"https:\/\/kelterborn-crafts.com\/#\/schema\/logo\/image\/"},"sameAs":["https:\/\/www.facebook.com\/KelterbornCrafts","https:\/\/www.instagram.com\/kelterborn_crafts\/","https:\/\/pinterest.com\/kelterborncrafts\/"]}]}},"jetpack_sharing_enabled":true,"_links":{"self":[{"href":"https:\/\/kelterborn-crafts.com\/cz\/wp-json\/wp\/v2\/product\/3976","targetHints":{"allow":["GET"]}}],"collection":[{"href":"https:\/\/kelterborn-crafts.com\/cz\/wp-json\/wp\/v2\/product"}],"about":[{"href":"https:\/\/kelterborn-crafts.com\/cz\/wp-json\/wp\/v2\/types\/product"}],"replies":[{"embeddable":true,"href":"https:\/\/kelterborn-crafts.com\/cz\/wp-json\/wp\/v2\/comments?post=3976"}],"version-history":[{"count":3,"href":"https:\/\/kelterborn-crafts.com\/cz\/wp-json\/wp\/v2\/product\/3976\/revisions"}],"predecessor-version":[{"id":4896,"href":"https:\/\/kelterborn-crafts.com\/cz\/wp-json\/wp\/v2\/product\/3976\/revisions\/4896"}],"wp:featuredmedia":[{"embeddable":true,"href":"https:\/\/kelterborn-crafts.com\/cz\/wp-json\/wp\/v2\/media\/3932"}],"wp:attachment":[{"href":"https:\/\/kelterborn-crafts.com\/cz\/wp-json\/wp\/v2\/media?parent=3976"}],"wp:term":[{"taxonomy":"product_brand","embeddable":true,"href":"https:\/\/kelterborn-crafts.com\/cz\/wp-json\/wp\/v2\/product_brand?post=3976"},{"taxonomy":"product_cat","embeddable":true,"href":"https:\/\/kelterborn-crafts.com\/cz\/wp-json\/wp\/v2\/product_cat?post=3976"},{"taxonomy":"product_tag","embeddable":true,"href":"https:\/\/kelterborn-crafts.com\/cz\/wp-json\/wp\/v2\/product_tag?post=3976"}],"curies":[{"name":"wp","href":"https:\/\/api.w.org\/{rel}","templated":true}]}}