{"id":4498,"date":"2023-11-23T11:50:58","date_gmt":"2023-11-23T10:50:58","guid":{"rendered":"https:\/\/kelterborn-crafts.com\/?post_type=product&#038;p=4498"},"modified":"2026-02-27T11:03:42","modified_gmt":"2026-02-27T10:03:42","slug":"silver-birch-drinking-horn","status":"publish","type":"product","link":"https:\/\/kelterborn-crafts.com\/cz\/produkt\/silver-birch-drinking-horn\/","title":{"rendered":"Roh na pit\u00ed \"St\u0159\u00edbrn\u00e1 b\u0159\u00edza\""},"content":{"rendered":"<p>Roh na pit\u00ed s ryt\u00fdm a pot\u00e9 malovan\u00fdm designem inspirovan\u00fdm kr\u00e1sn\u00fdmi a nekone\u010dn\u00fdmi b\u0159ezov\u00fdmi lesy ve Finsku. B\u0159ezov\u00e9 list\u00ed pokr\u00fdv\u00e1 cel\u00fd roh.<\/p>\n<p>Design je nejprve vyryt do rohu a pot\u00e9 nabarven velmi odolnou st\u0159\u00edbrnou barvou. Tento proces zaru\u010duje dlouhotrvaj\u00edc\u00ed kvalitu barvy, kterou je t\u00e9m\u011b\u0159 nemo\u017en\u00e9 sloupnout. <span data-sheets-formula-bar-text-style=\"font-size:13px;color:#000000;font-weight:normal;text-decoration:none;font-family:'Arial';font-style:normal;text-decoration-skip-ink:none;\">Pou\u017eity jsou vod\u011bodoln\u00e9 akrylov\u00e9 barvy.<\/span><\/p>\n<hr \/>\n<p>Pros\u00edme, v\u011bnujte pozornost <a href=\"https:\/\/kelterborn-crafts.com\/cz\/usage-and-storage-rules\/\">Doporu\u010den\u00fdch pravidlech pro pou\u017e\u00edv\u00e1n\u00ed a skladov\u00e1n\u00ed.<\/a><\/p>\n<hr \/>\n<p>&nbsp;<\/p>","protected":false},"excerpt":{"rendered":"<p><span style=\"color: #339966;\"><strong>! Please click on the picture to get full view !<\/strong><\/span><\/p>\n<hr \/>\n<p>Drinking horn with engraved and painted design inspired by the beautiful and endless Finnish birch forests. The birch leaves cover the whole horn.<\/p>\n<p>The engraving is painted in silver color.<\/p>\n<hr \/>\n<p>Capacity: 800 ml \/\/ 27 oz<\/p>\n<p>Length (from top to bottom): 50 cm \/\/ 20 inches<\/p>\n<p><span data-sheets-root=\"1\" data-sheets-value=\"{&quot;1&quot;:2,&quot;2&quot;:&quot;Diameter (on top)&quot;}\" data-sheets-userformat=\"{&quot;2&quot;:16917,&quot;3&quot;:{&quot;1&quot;:0},&quot;5&quot;:{&quot;1&quot;:[{&quot;1&quot;:2,&quot;2&quot;:0,&quot;5&quot;:{&quot;1&quot;:2,&quot;2&quot;:0}},{&quot;1&quot;:0,&quot;2&quot;:0,&quot;3&quot;:3},{&quot;1&quot;:1,&quot;2&quot;:0,&quot;4&quot;:3}]},&quot;7&quot;:{&quot;1&quot;:[{&quot;1&quot;:2,&quot;2&quot;:0,&quot;5&quot;:{&quot;1&quot;:2,&quot;2&quot;:0}},{&quot;1&quot;:0,&quot;2&quot;:0,&quot;3&quot;:3},{&quot;1&quot;:1,&quot;2&quot;:0,&quot;4&quot;:3}]},&quot;12&quot;:0,&quot;17&quot;:1}\">Diameter (on top)<\/span>: 8,5 cm \/\/ 3,3 inches<\/p>\n<p>&nbsp;<\/p>\n<p>&nbsp;<\/p>\n","protected":false},"featured_media":4499,"comment_status":"open","ping_status":"closed","template":"","meta":[],"product_brand":[],"product_cat":[24,74],"product_tag":[112,45,25,233,97,231,100,232],"class_list":{"0":"post-4498","1":"product","2":"type-product","3":"status-publish","4":"has-post-thumbnail","6":"product_cat-drinking-horns","7":"product_cat-natural-drinking-horns","8":"product_tag-birch","9":"product_tag-carved-and-painted","10":"product_tag-drinking-horn","11":"product_tag-forest","12":"product_tag-leaves","13":"product_tag-nature","14":"product_tag-runes","15":"product_tag-tree","16":"product_shipping_class-shipping-big-items","18":"first","19":"instock","20":"sold-individually","21":"shipping-taxable","22":"purchasable","23":"product-type-simple"},"yoast_head":"<!-- This site is optimized with the Yoast SEO plugin v27.3 - https:\/\/yoast.com\/product\/yoast-seo-wordpress\/ -->\n<title>&quot;Silver Birch&quot; Drinking Horn - Kelterborn Crafts<\/title>\n<meta name=\"robots\" content=\"index, follow, max-snippet:-1, max-image-preview:large, max-video-preview:-1\" \/>\n<link rel=\"canonical\" href=\"https:\/\/kelterborn-crafts.com\/cz\/produkt\/silver-birch-drinking-horn\/\" \/>\n<meta property=\"og:locale\" content=\"cs_CZ\" \/>\n<meta property=\"og:type\" content=\"article\" \/>\n<meta property=\"og:title\" content=\"&quot;Silver Birch&quot; Drinking Horn - Kelterborn Crafts\" \/>\n<meta property=\"og:description\" content=\"! Please click on the picture to get full view !    Drinking horn with engraved and painted design inspired by the beautiful and endless Finnish birch forests. The birch leaves cover the whole horn.  The engraving is painted in silver color.    Capacity: 800 ml \/\/ 27 oz  Length (from top to bottom): 50 cm \/\/ 20 inches  Diameter (on top): 8,5 cm \/\/ 3,3 inches  &nbsp;  &nbsp;\" \/>\n<meta property=\"og:url\" content=\"https:\/\/kelterborn-crafts.com\/cz\/produkt\/silver-birch-drinking-horn\/\" \/>\n<meta property=\"og:site_name\" content=\"Kelterborn Crafts\" \/>\n<meta property=\"article:publisher\" content=\"https:\/\/www.facebook.com\/KelterbornCrafts\" \/>\n<meta property=\"article:modified_time\" content=\"2026-02-27T10:03:42+00:00\" \/>\n<meta property=\"og:image\" content=\"https:\/\/kelterborn-crafts.com\/wp-content\/uploads\/2023\/11\/5-IMG_3314.jpg\" \/>\n\t<meta property=\"og:image:width\" content=\"1000\" \/>\n\t<meta property=\"og:image:height\" content=\"1511\" \/>\n\t<meta property=\"og:image:type\" content=\"image\/jpeg\" \/>\n<meta name=\"twitter:card\" content=\"summary_large_image\" \/>\n<script type=\"application\/ld+json\" class=\"yoast-schema-graph\">{\"@context\":\"https:\\\/\\\/schema.org\",\"@graph\":[{\"@type\":\"WebPage\",\"@id\":\"https:\\\/\\\/kelterborn-crafts.com\\\/cz\\\/produkt\\\/silver-birch-drinking-horn\\\/\",\"url\":\"https:\\\/\\\/kelterborn-crafts.com\\\/cz\\\/produkt\\\/silver-birch-drinking-horn\\\/\",\"name\":\"\\\"Silver Birch\\\" Drinking Horn - Kelterborn Crafts\",\"isPartOf\":{\"@id\":\"https:\\\/\\\/kelterborn-crafts.com\\\/#website\"},\"primaryImageOfPage\":{\"@id\":\"https:\\\/\\\/kelterborn-crafts.com\\\/cz\\\/produkt\\\/silver-birch-drinking-horn\\\/#primaryimage\"},\"image\":{\"@id\":\"https:\\\/\\\/kelterborn-crafts.com\\\/cz\\\/produkt\\\/silver-birch-drinking-horn\\\/#primaryimage\"},\"thumbnailUrl\":\"https:\\\/\\\/kelterborn-crafts.com\\\/wp-content\\\/uploads\\\/2023\\\/11\\\/5-IMG_3314.jpg\",\"datePublished\":\"2023-11-23T10:50:58+00:00\",\"dateModified\":\"2026-02-27T10:03:42+00:00\",\"breadcrumb\":{\"@id\":\"https:\\\/\\\/kelterborn-crafts.com\\\/cz\\\/produkt\\\/silver-birch-drinking-horn\\\/#breadcrumb\"},\"inLanguage\":\"cs\",\"potentialAction\":[{\"@type\":\"ReadAction\",\"target\":[\"https:\\\/\\\/kelterborn-crafts.com\\\/cz\\\/produkt\\\/silver-birch-drinking-horn\\\/\"]}]},{\"@type\":\"ImageObject\",\"inLanguage\":\"cs\",\"@id\":\"https:\\\/\\\/kelterborn-crafts.com\\\/cz\\\/produkt\\\/silver-birch-drinking-horn\\\/#primaryimage\",\"url\":\"https:\\\/\\\/kelterborn-crafts.com\\\/wp-content\\\/uploads\\\/2023\\\/11\\\/5-IMG_3314.jpg\",\"contentUrl\":\"https:\\\/\\\/kelterborn-crafts.com\\\/wp-content\\\/uploads\\\/2023\\\/11\\\/5-IMG_3314.jpg\",\"width\":1000,\"height\":1511,\"caption\":\"horn birch silver\"},{\"@type\":\"BreadcrumbList\",\"@id\":\"https:\\\/\\\/kelterborn-crafts.com\\\/cz\\\/produkt\\\/silver-birch-drinking-horn\\\/#breadcrumb\",\"itemListElement\":[{\"@type\":\"ListItem\",\"position\":1,\"name\":\"Home\",\"item\":\"https:\\\/\\\/kelterborn-crafts.com\\\/\"},{\"@type\":\"ListItem\",\"position\":2,\"name\":\"Shop\",\"item\":\"https:\\\/\\\/kelterborn-crafts.com\\\/cz\\\/shop\\\/\"},{\"@type\":\"ListItem\",\"position\":3,\"name\":\"&#8220;Silver Birch&#8221; Drinking Horn\"}]},{\"@type\":\"WebSite\",\"@id\":\"https:\\\/\\\/kelterborn-crafts.com\\\/#website\",\"url\":\"https:\\\/\\\/kelterborn-crafts.com\\\/\",\"name\":\"Kelterborn Crafts\",\"description\":\"Handmade Heathen Products\",\"publisher\":{\"@id\":\"https:\\\/\\\/kelterborn-crafts.com\\\/#organization\"},\"potentialAction\":[{\"@type\":\"SearchAction\",\"target\":{\"@type\":\"EntryPoint\",\"urlTemplate\":\"https:\\\/\\\/kelterborn-crafts.com\\\/?s={search_term_string}\"},\"query-input\":{\"@type\":\"PropertyValueSpecification\",\"valueRequired\":true,\"valueName\":\"search_term_string\"}}],\"inLanguage\":\"cs\"},{\"@type\":\"Organization\",\"@id\":\"https:\\\/\\\/kelterborn-crafts.com\\\/#organization\",\"name\":\"Kelterborn Crafts\",\"alternateName\":\"Kelterborn\",\"url\":\"https:\\\/\\\/kelterborn-crafts.com\\\/\",\"logo\":{\"@type\":\"ImageObject\",\"inLanguage\":\"cs\",\"@id\":\"https:\\\/\\\/kelterborn-crafts.com\\\/#\\\/schema\\\/logo\\\/image\\\/\",\"url\":\"https:\\\/\\\/kelterborn-crafts.com\\\/wp-content\\\/uploads\\\/2024\\\/01\\\/Kelterborn-crafts-logo-black.png\",\"contentUrl\":\"https:\\\/\\\/kelterborn-crafts.com\\\/wp-content\\\/uploads\\\/2024\\\/01\\\/Kelterborn-crafts-logo-black.png\",\"width\":738,\"height\":346,\"caption\":\"Kelterborn Crafts\"},\"image\":{\"@id\":\"https:\\\/\\\/kelterborn-crafts.com\\\/#\\\/schema\\\/logo\\\/image\\\/\"},\"sameAs\":[\"https:\\\/\\\/www.facebook.com\\\/KelterbornCrafts\",\"https:\\\/\\\/www.instagram.com\\\/kelterborn_crafts\\\/\",\"https:\\\/\\\/pinterest.com\\\/kelterborncrafts\\\/\"]}]}<\/script>\n<!-- \/ Yoast SEO plugin. -->","yoast_head_json":{"title":"\"Silver Birch\" Drinking Horn - Kelterborn Crafts","robots":{"index":"index","follow":"follow","max-snippet":"max-snippet:-1","max-image-preview":"max-image-preview:large","max-video-preview":"max-video-preview:-1"},"canonical":"https:\/\/kelterborn-crafts.com\/cz\/produkt\/silver-birch-drinking-horn\/","og_locale":"cs_CZ","og_type":"article","og_title":"\"Silver Birch\" Drinking Horn - Kelterborn Crafts","og_description":"! Please click on the picture to get full view !    Drinking horn with engraved and painted design inspired by the beautiful and endless Finnish birch forests. The birch leaves cover the whole horn.  The engraving is painted in silver color.    Capacity: 800 ml \/\/ 27 oz  Length (from top to bottom): 50 cm \/\/ 20 inches  Diameter (on top): 8,5 cm \/\/ 3,3 inches  &nbsp;  &nbsp;","og_url":"https:\/\/kelterborn-crafts.com\/cz\/produkt\/silver-birch-drinking-horn\/","og_site_name":"Kelterborn Crafts","article_publisher":"https:\/\/www.facebook.com\/KelterbornCrafts","article_modified_time":"2026-02-27T10:03:42+00:00","og_image":[{"width":1000,"height":1511,"url":"https:\/\/kelterborn-crafts.com\/wp-content\/uploads\/2023\/11\/5-IMG_3314.jpg","type":"image\/jpeg"}],"twitter_card":"summary_large_image","schema":{"@context":"https:\/\/schema.org","@graph":[{"@type":"WebPage","@id":"https:\/\/kelterborn-crafts.com\/cz\/produkt\/silver-birch-drinking-horn\/","url":"https:\/\/kelterborn-crafts.com\/cz\/produkt\/silver-birch-drinking-horn\/","name":"\"Silver Birch\" Drinking Horn - Kelterborn Crafts","isPartOf":{"@id":"https:\/\/kelterborn-crafts.com\/#website"},"primaryImageOfPage":{"@id":"https:\/\/kelterborn-crafts.com\/cz\/produkt\/silver-birch-drinking-horn\/#primaryimage"},"image":{"@id":"https:\/\/kelterborn-crafts.com\/cz\/produkt\/silver-birch-drinking-horn\/#primaryimage"},"thumbnailUrl":"https:\/\/kelterborn-crafts.com\/wp-content\/uploads\/2023\/11\/5-IMG_3314.jpg","datePublished":"2023-11-23T10:50:58+00:00","dateModified":"2026-02-27T10:03:42+00:00","breadcrumb":{"@id":"https:\/\/kelterborn-crafts.com\/cz\/produkt\/silver-birch-drinking-horn\/#breadcrumb"},"inLanguage":"cs","potentialAction":[{"@type":"ReadAction","target":["https:\/\/kelterborn-crafts.com\/cz\/produkt\/silver-birch-drinking-horn\/"]}]},{"@type":"ImageObject","inLanguage":"cs","@id":"https:\/\/kelterborn-crafts.com\/cz\/produkt\/silver-birch-drinking-horn\/#primaryimage","url":"https:\/\/kelterborn-crafts.com\/wp-content\/uploads\/2023\/11\/5-IMG_3314.jpg","contentUrl":"https:\/\/kelterborn-crafts.com\/wp-content\/uploads\/2023\/11\/5-IMG_3314.jpg","width":1000,"height":1511,"caption":"horn birch silver"},{"@type":"BreadcrumbList","@id":"https:\/\/kelterborn-crafts.com\/cz\/produkt\/silver-birch-drinking-horn\/#breadcrumb","itemListElement":[{"@type":"ListItem","position":1,"name":"Home","item":"https:\/\/kelterborn-crafts.com\/"},{"@type":"ListItem","position":2,"name":"Shop","item":"https:\/\/kelterborn-crafts.com\/cz\/shop\/"},{"@type":"ListItem","position":3,"name":"&#8220;Silver Birch&#8221; Drinking Horn"}]},{"@type":"WebSite","@id":"https:\/\/kelterborn-crafts.com\/#website","url":"https:\/\/kelterborn-crafts.com\/","name":"Kelterborn Crafts","description":"Handmade Heathen Products","publisher":{"@id":"https:\/\/kelterborn-crafts.com\/#organization"},"potentialAction":[{"@type":"SearchAction","target":{"@type":"EntryPoint","urlTemplate":"https:\/\/kelterborn-crafts.com\/?s={search_term_string}"},"query-input":{"@type":"PropertyValueSpecification","valueRequired":true,"valueName":"search_term_string"}}],"inLanguage":"cs"},{"@type":"Organization","@id":"https:\/\/kelterborn-crafts.com\/#organization","name":"Kelterborn Crafts","alternateName":"Kelterborn","url":"https:\/\/kelterborn-crafts.com\/","logo":{"@type":"ImageObject","inLanguage":"cs","@id":"https:\/\/kelterborn-crafts.com\/#\/schema\/logo\/image\/","url":"https:\/\/kelterborn-crafts.com\/wp-content\/uploads\/2024\/01\/Kelterborn-crafts-logo-black.png","contentUrl":"https:\/\/kelterborn-crafts.com\/wp-content\/uploads\/2024\/01\/Kelterborn-crafts-logo-black.png","width":738,"height":346,"caption":"Kelterborn Crafts"},"image":{"@id":"https:\/\/kelterborn-crafts.com\/#\/schema\/logo\/image\/"},"sameAs":["https:\/\/www.facebook.com\/KelterbornCrafts","https:\/\/www.instagram.com\/kelterborn_crafts\/","https:\/\/pinterest.com\/kelterborncrafts\/"]}]}},"jetpack_sharing_enabled":true,"_links":{"self":[{"href":"https:\/\/kelterborn-crafts.com\/cz\/wp-json\/wp\/v2\/product\/4498","targetHints":{"allow":["GET"]}}],"collection":[{"href":"https:\/\/kelterborn-crafts.com\/cz\/wp-json\/wp\/v2\/product"}],"about":[{"href":"https:\/\/kelterborn-crafts.com\/cz\/wp-json\/wp\/v2\/types\/product"}],"replies":[{"embeddable":true,"href":"https:\/\/kelterborn-crafts.com\/cz\/wp-json\/wp\/v2\/comments?post=4498"}],"version-history":[{"count":1,"href":"https:\/\/kelterborn-crafts.com\/cz\/wp-json\/wp\/v2\/product\/4498\/revisions"}],"predecessor-version":[{"id":28735,"href":"https:\/\/kelterborn-crafts.com\/cz\/wp-json\/wp\/v2\/product\/4498\/revisions\/28735"}],"wp:featuredmedia":[{"embeddable":true,"href":"https:\/\/kelterborn-crafts.com\/cz\/wp-json\/wp\/v2\/media\/4499"}],"wp:attachment":[{"href":"https:\/\/kelterborn-crafts.com\/cz\/wp-json\/wp\/v2\/media?parent=4498"}],"wp:term":[{"taxonomy":"product_brand","embeddable":true,"href":"https:\/\/kelterborn-crafts.com\/cz\/wp-json\/wp\/v2\/product_brand?post=4498"},{"taxonomy":"product_cat","embeddable":true,"href":"https:\/\/kelterborn-crafts.com\/cz\/wp-json\/wp\/v2\/product_cat?post=4498"},{"taxonomy":"product_tag","embeddable":true,"href":"https:\/\/kelterborn-crafts.com\/cz\/wp-json\/wp\/v2\/product_tag?post=4498"}],"curies":[{"name":"wp","href":"https:\/\/api.w.org\/{rel}","templated":true}]}}