{"id":4517,"date":"2023-11-23T13:21:59","date_gmt":"2023-11-23T12:21:59","guid":{"rendered":"https:\/\/kelterborn-crafts.com\/?post_type=product&#038;p=4517"},"modified":"2026-02-27T11:05:54","modified_gmt":"2026-02-27T10:05:54","slug":"aegishjalmur-drinking-horn","status":"publish","type":"product","link":"https:\/\/kelterborn-crafts.com\/cz\/produkt\/aegishjalmur-drinking-horn\/","title":{"rendered":"\u201c\u00c6gishj\u00e1lmur\u201d Roh na pit\u00ed"},"content":{"rendered":"<p>Robustn\u00ed roh na pit\u00ed s vyryt\u00fdm a nabarven\u00fdm designem <span data-sheets-formula-bar-text-style=\"font-size:13px;color:#000000;font-weight:normal;text-decoration:none;font-family:'Arial';font-style:normal;text-decoration-skip-ink:none;\"><span title=\"Icelandic-language text\"><i lang=\"is\">\u00c6gishj\u00e1lmur<\/i><\/span> v \u010derven\u00e9 barv\u011b spole\u010dn\u011b s tradi\u010dn\u00edm seversk\u00fdm zdoben\u00edm v barv\u011b zlat\u00e9. Tyto symboly na rohu najdete celkem t\u0159i, ten vp\u0159edu je trochu v\u011bt\u0161\u00ed. Jsou vybarven\u00e9 \u010dervenou barvou, kter\u00e1 p\u0159ipom\u00edn\u00e1 krev. Pr\u00e1v\u011b krev b\u00fdvala v prastar\u00fdch \u010dasech pou\u017e\u00edvan\u00e1 jako tradi\u010dn\u00ed barva pro runy a magick\u00e9 symboly.<br \/>\n<\/span><\/p>\n<p><strong>Aegishjalmur<\/strong>, nebo tak\u00e9 <span class=\"B2EFF public-DraftStyleDefault-ltr\">\u00c6gishj\u00e1lmr <\/span>ve Star\u00e9 Nor\u0161tin\u011b, \u010desky Helma d\u011bsu, byl symbol pou\u017e\u00edvan\u00fd k ochran\u011b v\u00e1le\u010dn\u00edk\u016f a k probuzen\u00ed strachu v nep\u0159\u00e1tel\u00edch. I kdy\u017e je tento magick\u00fd symbol (galdrastafir) n\u011bkolikr\u00e1t zm\u00edn\u011bn v Poetick\u00e9 Edd\u011b, grafick\u00e1 podoba symbolu se poprv\u00e9 objevila v islandsk\u00e9m Huldsk\u00e9m rukopisu z roku 1847. Dnes je pou\u017e\u00edv\u00e1n jako univerz\u00e1ln\u00ed ochrann\u00fd symbol.<\/p>\n<hr \/>\n<p>Design je nejprve vyryt do rohu a pot\u00e9 nabarven velmi odolnou \u010dervenou a zlatou barvou. Tento proces zaru\u010duje dlouhotrvaj\u00edc\u00ed kvalitu barvy, kterou je t\u00e9m\u011b\u0159 nemo\u017en\u00e9 sloupnout. <span data-sheets-formula-bar-text-style=\"font-size:13px;color:#000000;font-weight:normal;text-decoration:none;font-family:'Arial';font-style:normal;text-decoration-skip-ink:none;\">Pou\u017eity jsou vod\u011bodoln\u00e9 akrylov\u00e9 barvy. <\/span><\/p>\n<p>Pros\u00edme, v\u011bnujte pozornost <a href=\"https:\/\/kelterborn-crafts.com\/cz\/usage-and-storage-rules\/\">Doporu\u010den\u00fdch pravidlech pro pou\u017e\u00edv\u00e1n\u00ed a skladov\u00e1n\u00ed.<\/a><\/p>\n<hr \/>\n<p>&nbsp;<\/p>","protected":false},"excerpt":{"rendered":"<p><span style=\"color: #339966;\"><strong>! Pro pln\u00fd n\u00e1hled pros\u00edm klin\u011bte na obr\u00e1zek !<\/strong><\/span><\/p>\n<hr \/>\n<p>Robustn\u00ed roh na pit\u00ed s vyryt\u00fdm a nabarven\u00fdm designem <span data-sheets-formula-bar-text-style=\"font-size:13px;color:#000000;font-weight:normal;text-decoration:none;font-family:'Arial';font-style:normal;text-decoration-skip-ink:none;\">\"Aegishjalmur\" v \u010derven\u00e9 barv\u011b spole\u010dn\u011b s tradi\u010dn\u00edm seversk\u00fdm zdoben\u00edm v barv\u011b zlat\u00e9. Symboly Aegishjalmur na rohu najdete celkem t\u0159i, ten vp\u0159edu je trochu v\u011bt\u0161\u00ed. Jsou vybarven\u00e9 \u010dervenou barvou, kter\u00e1 p\u0159ipom\u00edn\u00e1 krev. Pr\u00e1v\u011b krev b\u00fdvala v prastar\u00fdch \u010dasech pou\u017e\u00edvan\u00e1 jako tradi\u010dn\u00ed barva pro runy a magick\u00e9 symboly.<br \/>\n<\/span><\/p>\n<p><strong>Aegishjalmur<\/strong>, nebo tak\u00e9 <span class=\"B2EFF public-DraftStyleDefault-ltr\">\u00c6gishj\u00e1lmr <\/span>ve Star\u00e9 Nor\u0161tin\u011b, \u010desky Helma d\u011bsu, byl symbol pou\u017e\u00edvan\u00fd k ochran\u011b v\u00e1le\u010dn\u00edk\u016f a k probuzen\u00ed strachu v nep\u0159\u00e1tel\u00edch. I kdy\u017e je tento magick\u00fd symbol (galdrastafir) n\u011bkolikr\u00e1t zm\u00edn\u011bn v Poetick\u00e9 Edd\u011b, grafick\u00e1 podoba symbolu se poprv\u00e9 objevila v islandsk\u00e9m Huldsk\u00e9m rukopisu z roku 1847. Dnes je pou\u017e\u00edv\u00e1n jako univerz\u00e1ln\u00ed ochrann\u00fd symbol.<\/p>\n<hr \/>\n<p>Kapacita: 700 ml \/\/ 23,5 oz<br \/>\nD\u00e9lka (z vrchu dol\u016f): 37 cm \/\/ 14,5 palc\u016f<br \/>\nObvod na vrchn\u00ed stran\u011b: 9 cm \/\/ 3,5 palc\u016f<\/p>","protected":false},"featured_media":4521,"comment_status":"open","ping_status":"closed","template":"","meta":[],"product_brand":[],"product_cat":[24,72],"product_tag":[240,45,25,243,239,281,109,43,244,85,242],"class_list":{"0":"post-4517","1":"product","2":"type-product","3":"status-publish","4":"has-post-thumbnail","6":"product_cat-drinking-horns","7":"product_cat-nordic-drinking-horns","8":"product_tag-aegishjalmur","9":"product_tag-carved-and-painted","10":"product_tag-drinking-horn","11":"product_tag-gold","12":"product_tag-helm-of-awe","13":"product_tag-icelandic-magic","14":"product_tag-myth","15":"product_tag-nordic","16":"product_tag-protection","17":"product_tag-red","18":"product_tag-sigil","19":"product_shipping_class-shipping-big-items","21":"first","22":"instock","23":"sold-individually","24":"shipping-taxable","25":"purchasable","26":"product-type-simple"},"yoast_head":"<!-- This site is optimized with the Yoast SEO plugin v27.3 - https:\/\/yoast.com\/product\/yoast-seo-wordpress\/ -->\n<title>&quot;\u00c6gishj\u00e1lmur&quot; Drinking Horn - Kelterborn Crafts<\/title>\n<meta name=\"robots\" content=\"index, follow, max-snippet:-1, max-image-preview:large, max-video-preview:-1\" \/>\n<link rel=\"canonical\" href=\"https:\/\/kelterborn-crafts.com\/cz\/produkt\/aegishjalmur-drinking-horn\/\" \/>\n<meta property=\"og:locale\" content=\"cs_CZ\" \/>\n<meta property=\"og:type\" content=\"article\" \/>\n<meta property=\"og:title\" content=\"&quot;\u00c6gishj\u00e1lmur&quot; Drinking Horn - Kelterborn Crafts\" \/>\n<meta property=\"og:description\" content=\"! Please click on the picture to get full view !    Sturdy drinking horn with engraved and painted design of Aegishjalmur in red color along with traditional nordic golden engraving. There are three Aegishjalmur symbols, one in front being slightly bigger. They are painted in red color which resebmbles blood, because it used to be traditional color for runes and magical staves in the ancient times.   Aegishjalmur, or \u00c6gishj\u00e1lmr in Old Norse, meaning Helm of Awe, was a symbol used to protect warriors and instill fear in their enemies. Although there are several mentions of this magical stave (galdrastafir) in Poetic Edda, the graphic symbol first appeared in icelandic Huld Manuscript from 1847. Today it is used as an universal protection symbol.    Capacity: 700 ml \/\/ 23,5 oz Length (from top to bottom): 37 cm \/\/ 14,5 inches Diameter on top: 9 cm \/\/ 3,5 inches\" \/>\n<meta property=\"og:url\" content=\"https:\/\/kelterborn-crafts.com\/cz\/produkt\/aegishjalmur-drinking-horn\/\" \/>\n<meta property=\"og:site_name\" content=\"Kelterborn Crafts\" \/>\n<meta property=\"article:publisher\" content=\"https:\/\/www.facebook.com\/KelterbornCrafts\" \/>\n<meta property=\"article:modified_time\" content=\"2026-02-27T10:05:54+00:00\" \/>\n<meta property=\"og:image\" content=\"https:\/\/kelterborn-crafts.com\/wp-content\/uploads\/2023\/11\/4-IMG_3359.jpg\" \/>\n\t<meta property=\"og:image:width\" content=\"1000\" \/>\n\t<meta property=\"og:image:height\" content=\"1553\" \/>\n\t<meta property=\"og:image:type\" content=\"image\/jpeg\" \/>\n<meta name=\"twitter:card\" content=\"summary_large_image\" \/>\n<meta name=\"twitter:label1\" content=\"Odhadovan\u00e1 doba \u010dten\u00ed\" \/>\n\t<meta name=\"twitter:data1\" content=\"1 minuta\" \/>\n<script type=\"application\/ld+json\" class=\"yoast-schema-graph\">{\"@context\":\"https:\\\/\\\/schema.org\",\"@graph\":[{\"@type\":\"WebPage\",\"@id\":\"https:\\\/\\\/kelterborn-crafts.com\\\/product\\\/aegishjalmur-drinking-horn\\\/\",\"url\":\"https:\\\/\\\/kelterborn-crafts.com\\\/product\\\/aegishjalmur-drinking-horn\\\/\",\"name\":\"\\\"\u00c6gishj\u00e1lmur\\\" Drinking Horn - Kelterborn Crafts\",\"isPartOf\":{\"@id\":\"https:\\\/\\\/kelterborn-crafts.com\\\/#website\"},\"primaryImageOfPage\":{\"@id\":\"https:\\\/\\\/kelterborn-crafts.com\\\/product\\\/aegishjalmur-drinking-horn\\\/#primaryimage\"},\"image\":{\"@id\":\"https:\\\/\\\/kelterborn-crafts.com\\\/product\\\/aegishjalmur-drinking-horn\\\/#primaryimage\"},\"thumbnailUrl\":\"https:\\\/\\\/kelterborn-crafts.com\\\/wp-content\\\/uploads\\\/2023\\\/11\\\/4-IMG_3359.jpg\",\"datePublished\":\"2023-11-23T12:21:59+00:00\",\"dateModified\":\"2026-02-27T10:05:54+00:00\",\"breadcrumb\":{\"@id\":\"https:\\\/\\\/kelterborn-crafts.com\\\/product\\\/aegishjalmur-drinking-horn\\\/#breadcrumb\"},\"inLanguage\":\"cs\",\"potentialAction\":[{\"@type\":\"ReadAction\",\"target\":[\"https:\\\/\\\/kelterborn-crafts.com\\\/product\\\/aegishjalmur-drinking-horn\\\/\"]}]},{\"@type\":\"ImageObject\",\"inLanguage\":\"cs\",\"@id\":\"https:\\\/\\\/kelterborn-crafts.com\\\/product\\\/aegishjalmur-drinking-horn\\\/#primaryimage\",\"url\":\"https:\\\/\\\/kelterborn-crafts.com\\\/wp-content\\\/uploads\\\/2023\\\/11\\\/4-IMG_3359.jpg\",\"contentUrl\":\"https:\\\/\\\/kelterborn-crafts.com\\\/wp-content\\\/uploads\\\/2023\\\/11\\\/4-IMG_3359.jpg\",\"width\":1000,\"height\":1553,\"caption\":\"aegishjalmur horn\"},{\"@type\":\"BreadcrumbList\",\"@id\":\"https:\\\/\\\/kelterborn-crafts.com\\\/product\\\/aegishjalmur-drinking-horn\\\/#breadcrumb\",\"itemListElement\":[{\"@type\":\"ListItem\",\"position\":1,\"name\":\"Home\",\"item\":\"https:\\\/\\\/kelterborn-crafts.com\\\/\"},{\"@type\":\"ListItem\",\"position\":2,\"name\":\"Shop\",\"item\":\"https:\\\/\\\/kelterborn-crafts.com\\\/cz\\\/shop\\\/\"},{\"@type\":\"ListItem\",\"position\":3,\"name\":\"&#8220;\u00c6gishj\u00e1lmur&#8221; Drinking Horn\"}]},{\"@type\":\"WebSite\",\"@id\":\"https:\\\/\\\/kelterborn-crafts.com\\\/#website\",\"url\":\"https:\\\/\\\/kelterborn-crafts.com\\\/\",\"name\":\"Kelterborn Crafts\",\"description\":\"Handmade Heathen Products\",\"publisher\":{\"@id\":\"https:\\\/\\\/kelterborn-crafts.com\\\/#organization\"},\"potentialAction\":[{\"@type\":\"SearchAction\",\"target\":{\"@type\":\"EntryPoint\",\"urlTemplate\":\"https:\\\/\\\/kelterborn-crafts.com\\\/?s={search_term_string}\"},\"query-input\":{\"@type\":\"PropertyValueSpecification\",\"valueRequired\":true,\"valueName\":\"search_term_string\"}}],\"inLanguage\":\"cs\"},{\"@type\":\"Organization\",\"@id\":\"https:\\\/\\\/kelterborn-crafts.com\\\/#organization\",\"name\":\"Kelterborn Crafts\",\"alternateName\":\"Kelterborn\",\"url\":\"https:\\\/\\\/kelterborn-crafts.com\\\/\",\"logo\":{\"@type\":\"ImageObject\",\"inLanguage\":\"cs\",\"@id\":\"https:\\\/\\\/kelterborn-crafts.com\\\/#\\\/schema\\\/logo\\\/image\\\/\",\"url\":\"https:\\\/\\\/kelterborn-crafts.com\\\/wp-content\\\/uploads\\\/2024\\\/01\\\/Kelterborn-crafts-logo-black.png\",\"contentUrl\":\"https:\\\/\\\/kelterborn-crafts.com\\\/wp-content\\\/uploads\\\/2024\\\/01\\\/Kelterborn-crafts-logo-black.png\",\"width\":738,\"height\":346,\"caption\":\"Kelterborn Crafts\"},\"image\":{\"@id\":\"https:\\\/\\\/kelterborn-crafts.com\\\/#\\\/schema\\\/logo\\\/image\\\/\"},\"sameAs\":[\"https:\\\/\\\/www.facebook.com\\\/KelterbornCrafts\",\"https:\\\/\\\/www.instagram.com\\\/kelterborn_crafts\\\/\",\"https:\\\/\\\/pinterest.com\\\/kelterborncrafts\\\/\"]}]}<\/script>\n<!-- \/ Yoast SEO plugin. -->","yoast_head_json":{"title":"\"\u00c6gishj\u00e1lmur\" Drinking Horn - Kelterborn Crafts","robots":{"index":"index","follow":"follow","max-snippet":"max-snippet:-1","max-image-preview":"max-image-preview:large","max-video-preview":"max-video-preview:-1"},"canonical":"https:\/\/kelterborn-crafts.com\/cz\/produkt\/aegishjalmur-drinking-horn\/","og_locale":"cs_CZ","og_type":"article","og_title":"\"\u00c6gishj\u00e1lmur\" Drinking Horn - Kelterborn Crafts","og_description":"! Please click on the picture to get full view !    Sturdy drinking horn with engraved and painted design of Aegishjalmur in red color along with traditional nordic golden engraving. There are three Aegishjalmur symbols, one in front being slightly bigger. They are painted in red color which resebmbles blood, because it used to be traditional color for runes and magical staves in the ancient times.   Aegishjalmur, or \u00c6gishj\u00e1lmr in Old Norse, meaning Helm of Awe, was a symbol used to protect warriors and instill fear in their enemies. Although there are several mentions of this magical stave (galdrastafir) in Poetic Edda, the graphic symbol first appeared in icelandic Huld Manuscript from 1847. Today it is used as an universal protection symbol.    Capacity: 700 ml \/\/ 23,5 oz Length (from top to bottom): 37 cm \/\/ 14,5 inches Diameter on top: 9 cm \/\/ 3,5 inches","og_url":"https:\/\/kelterborn-crafts.com\/cz\/produkt\/aegishjalmur-drinking-horn\/","og_site_name":"Kelterborn Crafts","article_publisher":"https:\/\/www.facebook.com\/KelterbornCrafts","article_modified_time":"2026-02-27T10:05:54+00:00","og_image":[{"width":1000,"height":1553,"url":"https:\/\/kelterborn-crafts.com\/wp-content\/uploads\/2023\/11\/4-IMG_3359.jpg","type":"image\/jpeg"}],"twitter_card":"summary_large_image","twitter_misc":{"Odhadovan\u00e1 doba \u010dten\u00ed":"1 minuta"},"schema":{"@context":"https:\/\/schema.org","@graph":[{"@type":"WebPage","@id":"https:\/\/kelterborn-crafts.com\/product\/aegishjalmur-drinking-horn\/","url":"https:\/\/kelterborn-crafts.com\/product\/aegishjalmur-drinking-horn\/","name":"\"\u00c6gishj\u00e1lmur\" Drinking Horn - Kelterborn Crafts","isPartOf":{"@id":"https:\/\/kelterborn-crafts.com\/#website"},"primaryImageOfPage":{"@id":"https:\/\/kelterborn-crafts.com\/product\/aegishjalmur-drinking-horn\/#primaryimage"},"image":{"@id":"https:\/\/kelterborn-crafts.com\/product\/aegishjalmur-drinking-horn\/#primaryimage"},"thumbnailUrl":"https:\/\/kelterborn-crafts.com\/wp-content\/uploads\/2023\/11\/4-IMG_3359.jpg","datePublished":"2023-11-23T12:21:59+00:00","dateModified":"2026-02-27T10:05:54+00:00","breadcrumb":{"@id":"https:\/\/kelterborn-crafts.com\/product\/aegishjalmur-drinking-horn\/#breadcrumb"},"inLanguage":"cs","potentialAction":[{"@type":"ReadAction","target":["https:\/\/kelterborn-crafts.com\/product\/aegishjalmur-drinking-horn\/"]}]},{"@type":"ImageObject","inLanguage":"cs","@id":"https:\/\/kelterborn-crafts.com\/product\/aegishjalmur-drinking-horn\/#primaryimage","url":"https:\/\/kelterborn-crafts.com\/wp-content\/uploads\/2023\/11\/4-IMG_3359.jpg","contentUrl":"https:\/\/kelterborn-crafts.com\/wp-content\/uploads\/2023\/11\/4-IMG_3359.jpg","width":1000,"height":1553,"caption":"aegishjalmur horn"},{"@type":"BreadcrumbList","@id":"https:\/\/kelterborn-crafts.com\/product\/aegishjalmur-drinking-horn\/#breadcrumb","itemListElement":[{"@type":"ListItem","position":1,"name":"Home","item":"https:\/\/kelterborn-crafts.com\/"},{"@type":"ListItem","position":2,"name":"Shop","item":"https:\/\/kelterborn-crafts.com\/cz\/shop\/"},{"@type":"ListItem","position":3,"name":"&#8220;\u00c6gishj\u00e1lmur&#8221; Drinking Horn"}]},{"@type":"WebSite","@id":"https:\/\/kelterborn-crafts.com\/#website","url":"https:\/\/kelterborn-crafts.com\/","name":"Kelterborn Crafts","description":"Handmade Heathen Products","publisher":{"@id":"https:\/\/kelterborn-crafts.com\/#organization"},"potentialAction":[{"@type":"SearchAction","target":{"@type":"EntryPoint","urlTemplate":"https:\/\/kelterborn-crafts.com\/?s={search_term_string}"},"query-input":{"@type":"PropertyValueSpecification","valueRequired":true,"valueName":"search_term_string"}}],"inLanguage":"cs"},{"@type":"Organization","@id":"https:\/\/kelterborn-crafts.com\/#organization","name":"Kelterborn Crafts","alternateName":"Kelterborn","url":"https:\/\/kelterborn-crafts.com\/","logo":{"@type":"ImageObject","inLanguage":"cs","@id":"https:\/\/kelterborn-crafts.com\/#\/schema\/logo\/image\/","url":"https:\/\/kelterborn-crafts.com\/wp-content\/uploads\/2024\/01\/Kelterborn-crafts-logo-black.png","contentUrl":"https:\/\/kelterborn-crafts.com\/wp-content\/uploads\/2024\/01\/Kelterborn-crafts-logo-black.png","width":738,"height":346,"caption":"Kelterborn Crafts"},"image":{"@id":"https:\/\/kelterborn-crafts.com\/#\/schema\/logo\/image\/"},"sameAs":["https:\/\/www.facebook.com\/KelterbornCrafts","https:\/\/www.instagram.com\/kelterborn_crafts\/","https:\/\/pinterest.com\/kelterborncrafts\/"]}]}},"jetpack_sharing_enabled":true,"_links":{"self":[{"href":"https:\/\/kelterborn-crafts.com\/cz\/wp-json\/wp\/v2\/product\/4517","targetHints":{"allow":["GET"]}}],"collection":[{"href":"https:\/\/kelterborn-crafts.com\/cz\/wp-json\/wp\/v2\/product"}],"about":[{"href":"https:\/\/kelterborn-crafts.com\/cz\/wp-json\/wp\/v2\/types\/product"}],"replies":[{"embeddable":true,"href":"https:\/\/kelterborn-crafts.com\/cz\/wp-json\/wp\/v2\/comments?post=4517"}],"version-history":[{"count":2,"href":"https:\/\/kelterborn-crafts.com\/cz\/wp-json\/wp\/v2\/product\/4517\/revisions"}],"predecessor-version":[{"id":5173,"href":"https:\/\/kelterborn-crafts.com\/cz\/wp-json\/wp\/v2\/product\/4517\/revisions\/5173"}],"wp:featuredmedia":[{"embeddable":true,"href":"https:\/\/kelterborn-crafts.com\/cz\/wp-json\/wp\/v2\/media\/4521"}],"wp:attachment":[{"href":"https:\/\/kelterborn-crafts.com\/cz\/wp-json\/wp\/v2\/media?parent=4517"}],"wp:term":[{"taxonomy":"product_brand","embeddable":true,"href":"https:\/\/kelterborn-crafts.com\/cz\/wp-json\/wp\/v2\/product_brand?post=4517"},{"taxonomy":"product_cat","embeddable":true,"href":"https:\/\/kelterborn-crafts.com\/cz\/wp-json\/wp\/v2\/product_cat?post=4517"},{"taxonomy":"product_tag","embeddable":true,"href":"https:\/\/kelterborn-crafts.com\/cz\/wp-json\/wp\/v2\/product_tag?post=4517"}],"curies":[{"name":"wp","href":"https:\/\/api.w.org\/{rel}","templated":true}]}}