{"id":4965,"date":"2024-01-25T17:22:05","date_gmt":"2024-01-25T16:22:05","guid":{"rendered":"https:\/\/kelterborn-crafts.com\/?post_type=product&#038;p=4965"},"modified":"2026-02-27T10:49:47","modified_gmt":"2026-02-27T09:49:47","slug":"leather-pouch-wild-red","status":"publish","type":"product","link":"https:\/\/kelterborn-crafts.com\/cz\/produkt\/leather-pouch-wild-red\/","title":{"rendered":"Velk\u00fd ko\u017een\u00fd m\u011b\u0161ec \"Divok\u00e1 \u010derven\u00e1\""},"content":{"rendered":"<p>Velk\u00fd, byteln\u00fd a kompletn\u011b ru\u010dn\u011b d\u011blan\u00fd ko\u017een\u00fd m\u011b\u0161ec s divok\u00fdm vzorem vyryt\u00fdm do k\u016f\u017ee barven\u00e9 oran\u017eovou, \u010dervenou a v\u00ednovou barvou.<\/p>\n<p>Dominantn\u00ed pruh tvrd\u0161\u00ed k\u016f\u017ee (v \u010derven\u00fdch, oran\u017eov\u00fdch a v\u00ednov\u00fdch odst\u00ednech) je vyroben z vysoce kvalitn\u00ed t\u0159\u00edslo\u010din\u011bn\u00e9 k\u016f\u017ee. Design je prvn\u011b vyryt do k\u016f\u017ee a potom nabarven kvalitn\u00edmi barvami. Dva finishe zaru\u010duj\u00ed, aby barva vynikla, a dod\u00e1vaj\u00ed barv\u00e1m odolnost proti vod\u011b.<\/p>\n<p>Vtni\u0159n\u00ed \u010d\u00e1st (\u010derven\u00e1 barva) je vyroben\u00e1 z m\u011bk\u010d\u00ed a poddajn\u011bj\u0161\u00ed chromo\u010din\u011bn\u00e9 k\u016f\u017ee. Ob\u011b \u010d\u00e1sti jsou k sob\u011b p\u0159i\u0161ity velmi odoln\u00fdm sedl\u00e1\u0159sk\u00fdm stehem, kter\u00fd svou pevnost\u00ed p\u0159ed\u010d\u00ed jak\u00fdkoli strojov\u00fd steh.<\/p>\n<p>M\u011b\u0161ec m\u00e1 vzadu poutko na p\u00e1sek. Pokud m\u00e1te velmi \u0161irok\u00fd p\u00e1sek, pod\u00edvejte se do <strong>z\u00e1lo\u017eky \"\u00dadaje o produktu\"<\/strong> na maxim\u00e1ln\u00ed \u0161\u00ed\u0159ku p\u00e1sku, kter\u00e1 se do poutka vejde.<\/p>\n<p>Kombinace zap\u00edn\u00e1n\u00ed na druk z vn\u011bj\u0161ku a stahovac\u00edch \u0161\u0148\u016frek na vnit\u0159n\u00ed \u010d\u00e1sti zaru\u010d\u00ed, \u017ee Va\u0161e mince a cennosti budou v bezpe\u010d\u00ed, a\u0165 u\u017e si ho vezmete na festival, ritu\u00e1l nebo LARPov\u00e9 dobrodru\u017estv\u00ed.<\/p>\n<p><a href=\"https:\/\/kelterborn-crafts.com\/wp-content\/uploads\/2023\/02\/oddelovniky-dub.png\"><img decoding=\"async\" class=\"wp-image-2356 aligncenter\" src=\"https:\/\/kelterborn-crafts.com\/wp-content\/uploads\/2023\/02\/oddelovniky-dub.png\" alt=\"\" width=\"263\" height=\"63\" srcset=\"https:\/\/kelterborn-crafts.com\/wp-content\/uploads\/2023\/02\/oddelovniky-dub.png 472w, https:\/\/kelterborn-crafts.com\/wp-content\/uploads\/2023\/02\/oddelovniky-dub-300x72.png 300w, https:\/\/kelterborn-crafts.com\/wp-content\/uploads\/2023\/02\/oddelovniky-dub-18x4.png 18w\" sizes=\"(max-width: 263px) 100vw, 263px\" \/><\/a><\/p>\n<p>&nbsp;<\/p>","protected":false},"excerpt":{"rendered":"<p>Velk\u00fd, byteln\u00fd a kompletn\u011b ru\u010dn\u011b d\u011blan\u00fd ko\u017een\u00fd m\u011b\u0161ec s divok\u00fdm vzorem vyryt\u00fdm do k\u016f\u017ee barven\u00e9 oran\u017eovou, \u010dervenou a v\u00ednovou barvou.<\/p>\n<p><a href=\"https:\/\/kelterborn-crafts.com\/wp-content\/uploads\/2023\/02\/oddelovniky-dub.png\"><img decoding=\"async\" class=\"wp-image-2356 aligncenter\" src=\"https:\/\/kelterborn-crafts.com\/wp-content\/uploads\/2023\/02\/oddelovniky-dub.png\" alt=\"\" width=\"263\" height=\"63\" srcset=\"https:\/\/kelterborn-crafts.com\/wp-content\/uploads\/2023\/02\/oddelovniky-dub.png 472w, https:\/\/kelterborn-crafts.com\/wp-content\/uploads\/2023\/02\/oddelovniky-dub-300x72.png 300w, https:\/\/kelterborn-crafts.com\/wp-content\/uploads\/2023\/02\/oddelovniky-dub-18x4.png 18w\" sizes=\"(max-width: 263px) 100vw, 263px\" \/><\/a><\/p>\n<p>V\u00fd\u0161ka: 12 cm \/\/ 4,7 palce<\/p>\n<p>\u0160\u00ed\u0159ka prost\u0159edn\u00edho pruhu k\u016f\u017ee: 5 cm \/\/ 2 palce (opravdov\u00e1 \u0161\u00ed\u0159ka z\u00e1le\u017e\u00ed, jak moc m\u011b\u0161ec napln\u00edte, obvykle 9 - 11 cm \/\/ 4 palce)<\/p>\n<p>Pro v\u00edce informac\u00ed se pod\u00edvejte do <strong>z\u00e1lo\u017eky \"\u00dadaje o produktu\"<\/strong> n\u00ed\u017ee, nebo <a href=\"\/cz\/measurements\/\">Velikosti a m\u00edry <\/a>pro obecn\u00e9 informace.<\/p>\n<p><a href=\"https:\/\/kelterborn-crafts.com\/wp-content\/uploads\/2023\/02\/oddelovniky-dub.png\"><img decoding=\"async\" class=\"wp-image-2356 aligncenter\" src=\"https:\/\/kelterborn-crafts.com\/wp-content\/uploads\/2023\/02\/oddelovniky-dub.png\" alt=\"\" width=\"263\" height=\"63\" srcset=\"https:\/\/kelterborn-crafts.com\/wp-content\/uploads\/2023\/02\/oddelovniky-dub.png 472w, https:\/\/kelterborn-crafts.com\/wp-content\/uploads\/2023\/02\/oddelovniky-dub-300x72.png 300w, https:\/\/kelterborn-crafts.com\/wp-content\/uploads\/2023\/02\/oddelovniky-dub-18x4.png 18w\" sizes=\"(max-width: 263px) 100vw, 263px\" \/><\/a><\/p>\n<p>M\u016f\u017eeme pro V\u00e1s vyrobit ko\u017een\u00fd m\u011b\u0161ec na m\u00edru. Konkr\u00e9tn\u00ed informace najdete v <strong>z\u00e1lo\u017ece \"M\u011b\u0161ec na m\u00edru\"<\/strong> n\u00ed\u017ee.<\/p>\n<p>&nbsp;<\/p>","protected":false},"featured_media":5036,"comment_status":"open","ping_status":"closed","template":"","meta":[],"product_brand":[],"product_cat":[65,37],"product_tag":[122,144,270,253,263,85],"class_list":{"0":"post-4965","1":"product","2":"type-product","3":"status-publish","4":"has-post-thumbnail","6":"product_cat-leather","7":"product_cat-leather-pouches","8":"product_tag-crimson","9":"product_tag-fire","10":"product_tag-flames","11":"product_tag-leather-pouch","12":"product_tag-purple","13":"product_tag-red","14":"product_shipping_class-shipping-medium-items","16":"first","17":"instock","18":"sold-individually","19":"shipping-taxable","20":"purchasable","21":"product-type-simple"},"yoast_head":"<!-- This site is optimized with the Yoast SEO plugin v27.3 - https:\/\/yoast.com\/product\/yoast-seo-wordpress\/ -->\n<title>Big Leather Pouch &quot;Wild Red&quot; - Kelterborn Crafts<\/title>\n<meta name=\"description\" content=\"Big and sturdy, completely handmade leather pouch with some wild engraving and orange, red and pinkish colors, crafted from high-quality leather...\" \/>\n<meta name=\"robots\" content=\"index, follow, max-snippet:-1, max-image-preview:large, max-video-preview:-1\" \/>\n<link rel=\"canonical\" href=\"https:\/\/kelterborn-crafts.com\/cz\/produkt\/leather-pouch-wild-red\/\" \/>\n<meta property=\"og:locale\" content=\"cs_CZ\" \/>\n<meta property=\"og:type\" content=\"article\" \/>\n<meta property=\"og:title\" content=\"Big Leather Pouch &quot;Wild Red&quot; - Kelterborn Crafts\" \/>\n<meta property=\"og:description\" content=\"Big and sturdy, completely handmade leather pouch with some wild engraving and orange, red and pinkish colors, crafted from high-quality leather...\" \/>\n<meta property=\"og:url\" content=\"https:\/\/kelterborn-crafts.com\/cz\/produkt\/leather-pouch-wild-red\/\" \/>\n<meta property=\"og:site_name\" content=\"Kelterborn Crafts\" \/>\n<meta property=\"article:publisher\" content=\"https:\/\/www.facebook.com\/KelterbornCrafts\" \/>\n<meta property=\"article:modified_time\" content=\"2026-02-27T09:49:47+00:00\" \/>\n<meta property=\"og:image\" content=\"https:\/\/kelterborn-crafts.com\/wp-content\/uploads\/2024\/01\/1706621538293.jpg\" \/>\n\t<meta property=\"og:image:width\" content=\"1010\" \/>\n\t<meta property=\"og:image:height\" content=\"1000\" \/>\n\t<meta property=\"og:image:type\" content=\"image\/jpeg\" \/>\n<meta name=\"twitter:card\" content=\"summary_large_image\" \/>\n<meta name=\"twitter:label1\" content=\"Odhadovan\u00e1 doba \u010dten\u00ed\" \/>\n\t<meta name=\"twitter:data1\" content=\"2 minuty\" \/>\n<script type=\"application\/ld+json\" class=\"yoast-schema-graph\">{\"@context\":\"https:\\\/\\\/schema.org\",\"@graph\":[{\"@type\":\"WebPage\",\"@id\":\"https:\\\/\\\/kelterborn-crafts.com\\\/cz\\\/produkt\\\/leather-pouch-wild-red\\\/\",\"url\":\"https:\\\/\\\/kelterborn-crafts.com\\\/cz\\\/produkt\\\/leather-pouch-wild-red\\\/\",\"name\":\"Big Leather Pouch \\\"Wild Red\\\" - Kelterborn Crafts\",\"isPartOf\":{\"@id\":\"https:\\\/\\\/kelterborn-crafts.com\\\/#website\"},\"primaryImageOfPage\":{\"@id\":\"https:\\\/\\\/kelterborn-crafts.com\\\/cz\\\/produkt\\\/leather-pouch-wild-red\\\/#primaryimage\"},\"image\":{\"@id\":\"https:\\\/\\\/kelterborn-crafts.com\\\/cz\\\/produkt\\\/leather-pouch-wild-red\\\/#primaryimage\"},\"thumbnailUrl\":\"https:\\\/\\\/kelterborn-crafts.com\\\/wp-content\\\/uploads\\\/2024\\\/01\\\/1706621538293.jpg\",\"datePublished\":\"2024-01-25T16:22:05+00:00\",\"dateModified\":\"2026-02-27T09:49:47+00:00\",\"description\":\"Big and sturdy, completely handmade leather pouch with some wild engraving and orange, red and pinkish colors, crafted from high-quality leather...\",\"breadcrumb\":{\"@id\":\"https:\\\/\\\/kelterborn-crafts.com\\\/cz\\\/produkt\\\/leather-pouch-wild-red\\\/#breadcrumb\"},\"inLanguage\":\"cs\",\"potentialAction\":[{\"@type\":\"ReadAction\",\"target\":[\"https:\\\/\\\/kelterborn-crafts.com\\\/cz\\\/produkt\\\/leather-pouch-wild-red\\\/\"]}]},{\"@type\":\"ImageObject\",\"inLanguage\":\"cs\",\"@id\":\"https:\\\/\\\/kelterborn-crafts.com\\\/cz\\\/produkt\\\/leather-pouch-wild-red\\\/#primaryimage\",\"url\":\"https:\\\/\\\/kelterborn-crafts.com\\\/wp-content\\\/uploads\\\/2024\\\/01\\\/1706621538293.jpg\",\"contentUrl\":\"https:\\\/\\\/kelterborn-crafts.com\\\/wp-content\\\/uploads\\\/2024\\\/01\\\/1706621538293.jpg\",\"width\":1010,\"height\":1000},{\"@type\":\"BreadcrumbList\",\"@id\":\"https:\\\/\\\/kelterborn-crafts.com\\\/cz\\\/produkt\\\/leather-pouch-wild-red\\\/#breadcrumb\",\"itemListElement\":[{\"@type\":\"ListItem\",\"position\":1,\"name\":\"Home\",\"item\":\"https:\\\/\\\/kelterborn-crafts.com\\\/\"},{\"@type\":\"ListItem\",\"position\":2,\"name\":\"Shop\",\"item\":\"https:\\\/\\\/kelterborn-crafts.com\\\/cz\\\/shop\\\/\"},{\"@type\":\"ListItem\",\"position\":3,\"name\":\"Big Leather Pouch &#8220;Wild Red&#8221;\"}]},{\"@type\":\"WebSite\",\"@id\":\"https:\\\/\\\/kelterborn-crafts.com\\\/#website\",\"url\":\"https:\\\/\\\/kelterborn-crafts.com\\\/\",\"name\":\"Kelterborn Crafts\",\"description\":\"Handmade Heathen Products\",\"publisher\":{\"@id\":\"https:\\\/\\\/kelterborn-crafts.com\\\/#organization\"},\"potentialAction\":[{\"@type\":\"SearchAction\",\"target\":{\"@type\":\"EntryPoint\",\"urlTemplate\":\"https:\\\/\\\/kelterborn-crafts.com\\\/?s={search_term_string}\"},\"query-input\":{\"@type\":\"PropertyValueSpecification\",\"valueRequired\":true,\"valueName\":\"search_term_string\"}}],\"inLanguage\":\"cs\"},{\"@type\":\"Organization\",\"@id\":\"https:\\\/\\\/kelterborn-crafts.com\\\/#organization\",\"name\":\"Kelterborn Crafts\",\"alternateName\":\"Kelterborn\",\"url\":\"https:\\\/\\\/kelterborn-crafts.com\\\/\",\"logo\":{\"@type\":\"ImageObject\",\"inLanguage\":\"cs\",\"@id\":\"https:\\\/\\\/kelterborn-crafts.com\\\/#\\\/schema\\\/logo\\\/image\\\/\",\"url\":\"https:\\\/\\\/kelterborn-crafts.com\\\/wp-content\\\/uploads\\\/2024\\\/01\\\/Kelterborn-crafts-logo-black.png\",\"contentUrl\":\"https:\\\/\\\/kelterborn-crafts.com\\\/wp-content\\\/uploads\\\/2024\\\/01\\\/Kelterborn-crafts-logo-black.png\",\"width\":738,\"height\":346,\"caption\":\"Kelterborn Crafts\"},\"image\":{\"@id\":\"https:\\\/\\\/kelterborn-crafts.com\\\/#\\\/schema\\\/logo\\\/image\\\/\"},\"sameAs\":[\"https:\\\/\\\/www.facebook.com\\\/KelterbornCrafts\",\"https:\\\/\\\/www.instagram.com\\\/kelterborn_crafts\\\/\",\"https:\\\/\\\/pinterest.com\\\/kelterborncrafts\\\/\"]}]}<\/script>\n<!-- \/ Yoast SEO plugin. -->","yoast_head_json":{"title":"Big Leather Pouch \"Wild Red\" - Kelterborn Crafts","description":"Big and sturdy, completely handmade leather pouch with some wild engraving and orange, red and pinkish colors, crafted from high-quality leather...","robots":{"index":"index","follow":"follow","max-snippet":"max-snippet:-1","max-image-preview":"max-image-preview:large","max-video-preview":"max-video-preview:-1"},"canonical":"https:\/\/kelterborn-crafts.com\/cz\/produkt\/leather-pouch-wild-red\/","og_locale":"cs_CZ","og_type":"article","og_title":"Big Leather Pouch \"Wild Red\" - Kelterborn Crafts","og_description":"Big and sturdy, completely handmade leather pouch with some wild engraving and orange, red and pinkish colors, crafted from high-quality leather...","og_url":"https:\/\/kelterborn-crafts.com\/cz\/produkt\/leather-pouch-wild-red\/","og_site_name":"Kelterborn Crafts","article_publisher":"https:\/\/www.facebook.com\/KelterbornCrafts","article_modified_time":"2026-02-27T09:49:47+00:00","og_image":[{"width":1010,"height":1000,"url":"https:\/\/kelterborn-crafts.com\/wp-content\/uploads\/2024\/01\/1706621538293.jpg","type":"image\/jpeg"}],"twitter_card":"summary_large_image","twitter_misc":{"Odhadovan\u00e1 doba \u010dten\u00ed":"2 minuty"},"schema":{"@context":"https:\/\/schema.org","@graph":[{"@type":"WebPage","@id":"https:\/\/kelterborn-crafts.com\/cz\/produkt\/leather-pouch-wild-red\/","url":"https:\/\/kelterborn-crafts.com\/cz\/produkt\/leather-pouch-wild-red\/","name":"Big Leather Pouch \"Wild Red\" - Kelterborn Crafts","isPartOf":{"@id":"https:\/\/kelterborn-crafts.com\/#website"},"primaryImageOfPage":{"@id":"https:\/\/kelterborn-crafts.com\/cz\/produkt\/leather-pouch-wild-red\/#primaryimage"},"image":{"@id":"https:\/\/kelterborn-crafts.com\/cz\/produkt\/leather-pouch-wild-red\/#primaryimage"},"thumbnailUrl":"https:\/\/kelterborn-crafts.com\/wp-content\/uploads\/2024\/01\/1706621538293.jpg","datePublished":"2024-01-25T16:22:05+00:00","dateModified":"2026-02-27T09:49:47+00:00","description":"Big and sturdy, completely handmade leather pouch with some wild engraving and orange, red and pinkish colors, crafted from high-quality leather...","breadcrumb":{"@id":"https:\/\/kelterborn-crafts.com\/cz\/produkt\/leather-pouch-wild-red\/#breadcrumb"},"inLanguage":"cs","potentialAction":[{"@type":"ReadAction","target":["https:\/\/kelterborn-crafts.com\/cz\/produkt\/leather-pouch-wild-red\/"]}]},{"@type":"ImageObject","inLanguage":"cs","@id":"https:\/\/kelterborn-crafts.com\/cz\/produkt\/leather-pouch-wild-red\/#primaryimage","url":"https:\/\/kelterborn-crafts.com\/wp-content\/uploads\/2024\/01\/1706621538293.jpg","contentUrl":"https:\/\/kelterborn-crafts.com\/wp-content\/uploads\/2024\/01\/1706621538293.jpg","width":1010,"height":1000},{"@type":"BreadcrumbList","@id":"https:\/\/kelterborn-crafts.com\/cz\/produkt\/leather-pouch-wild-red\/#breadcrumb","itemListElement":[{"@type":"ListItem","position":1,"name":"Home","item":"https:\/\/kelterborn-crafts.com\/"},{"@type":"ListItem","position":2,"name":"Shop","item":"https:\/\/kelterborn-crafts.com\/cz\/shop\/"},{"@type":"ListItem","position":3,"name":"Big Leather Pouch &#8220;Wild Red&#8221;"}]},{"@type":"WebSite","@id":"https:\/\/kelterborn-crafts.com\/#website","url":"https:\/\/kelterborn-crafts.com\/","name":"Kelterborn Crafts","description":"Handmade Heathen Products","publisher":{"@id":"https:\/\/kelterborn-crafts.com\/#organization"},"potentialAction":[{"@type":"SearchAction","target":{"@type":"EntryPoint","urlTemplate":"https:\/\/kelterborn-crafts.com\/?s={search_term_string}"},"query-input":{"@type":"PropertyValueSpecification","valueRequired":true,"valueName":"search_term_string"}}],"inLanguage":"cs"},{"@type":"Organization","@id":"https:\/\/kelterborn-crafts.com\/#organization","name":"Kelterborn Crafts","alternateName":"Kelterborn","url":"https:\/\/kelterborn-crafts.com\/","logo":{"@type":"ImageObject","inLanguage":"cs","@id":"https:\/\/kelterborn-crafts.com\/#\/schema\/logo\/image\/","url":"https:\/\/kelterborn-crafts.com\/wp-content\/uploads\/2024\/01\/Kelterborn-crafts-logo-black.png","contentUrl":"https:\/\/kelterborn-crafts.com\/wp-content\/uploads\/2024\/01\/Kelterborn-crafts-logo-black.png","width":738,"height":346,"caption":"Kelterborn Crafts"},"image":{"@id":"https:\/\/kelterborn-crafts.com\/#\/schema\/logo\/image\/"},"sameAs":["https:\/\/www.facebook.com\/KelterbornCrafts","https:\/\/www.instagram.com\/kelterborn_crafts\/","https:\/\/pinterest.com\/kelterborncrafts\/"]}]}},"jetpack_sharing_enabled":true,"_links":{"self":[{"href":"https:\/\/kelterborn-crafts.com\/cz\/wp-json\/wp\/v2\/product\/4965","targetHints":{"allow":["GET"]}}],"collection":[{"href":"https:\/\/kelterborn-crafts.com\/cz\/wp-json\/wp\/v2\/product"}],"about":[{"href":"https:\/\/kelterborn-crafts.com\/cz\/wp-json\/wp\/v2\/types\/product"}],"replies":[{"embeddable":true,"href":"https:\/\/kelterborn-crafts.com\/cz\/wp-json\/wp\/v2\/comments?post=4965"}],"version-history":[{"count":2,"href":"https:\/\/kelterborn-crafts.com\/cz\/wp-json\/wp\/v2\/product\/4965\/revisions"}],"predecessor-version":[{"id":4982,"href":"https:\/\/kelterborn-crafts.com\/cz\/wp-json\/wp\/v2\/product\/4965\/revisions\/4982"}],"wp:featuredmedia":[{"embeddable":true,"href":"https:\/\/kelterborn-crafts.com\/cz\/wp-json\/wp\/v2\/media\/5036"}],"wp:attachment":[{"href":"https:\/\/kelterborn-crafts.com\/cz\/wp-json\/wp\/v2\/media?parent=4965"}],"wp:term":[{"taxonomy":"product_brand","embeddable":true,"href":"https:\/\/kelterborn-crafts.com\/cz\/wp-json\/wp\/v2\/product_brand?post=4965"},{"taxonomy":"product_cat","embeddable":true,"href":"https:\/\/kelterborn-crafts.com\/cz\/wp-json\/wp\/v2\/product_cat?post=4965"},{"taxonomy":"product_tag","embeddable":true,"href":"https:\/\/kelterborn-crafts.com\/cz\/wp-json\/wp\/v2\/product_tag?post=4965"}],"curies":[{"name":"wp","href":"https:\/\/api.w.org\/{rel}","templated":true}]}}