{"id":5217,"date":"2025-03-31T23:12:15","date_gmt":"2025-03-31T21:12:15","guid":{"rendered":"https:\/\/kelterborn-crafts.com\/?post_type=product&#038;p=5217"},"modified":"2026-02-27T10:43:32","modified_gmt":"2026-02-27T09:43:32","slug":"cernunnos-journal-cover","status":"publish","type":"product","link":"https:\/\/kelterborn-crafts.com\/cz\/produkt\/cernunnos-journal-cover\/","title":{"rendered":"\u201cCernunnos\u201d Obal na den\u00edk (A5)"},"content":{"rendered":"<p>Magick\u00fd obal na den\u00edk s majest\u00e1tn\u00edm vyobrazen\u00edm keltsk\u00e9ho boha Cernunna - Str\u00e1\u017ece lesa - obklopen\u00e9ho podzimn\u00edm dubov\u00fdm list\u00edm. Tento obal je ru\u010dn\u011b vyroben\u00fd z kvalitn\u00ed prav\u00e9 k\u016f\u017ee a na p\u0159edn\u00ed stran\u011b m\u00e1 ru\u010dn\u011b malovan\u00fd obr\u00e1zek. Je vyroben\u00fd, aby vydr\u017eel desetilet\u00ed. Je se\u0161it\u00fd sedlov\u00fdm stehem pro maxim\u00e1ln\u00ed odolnost.<\/p>\n<p>Je vhodn\u00fd pro A5 di\u00e1\u0159e, den\u00edky \u010di knihy (A5 je velikost pap\u00edru je 14,8 x 21 cm, den\u00edk samotn\u00fd je v\u017edy o n\u011bco v\u011bt\u0161\u00ed, ale s t\u00edm se po\u010d\u00edt\u00e1). Obal vypad\u00e1 nejl\u00e9pe na den\u00edc\u00edch, kter\u00e9 maj\u00ed 100 - 200 stran.<\/p>\n<p>P\u0159esn\u00e9 rozm\u011bry tohoto obalu (kter\u00fd je ohnut\u00fd v p\u016fli tak, jak na zobrazen\u00e9m den\u00edku) najdete v z\u00e1lo\u017ece \"\u00dadaje o produktu\".<\/p>\n<p>D\u016fle\u017eit\u00e9: tento produkt obsahuje pouze <strong data-start=\"1099\" data-end=\"1121\">obal na den\u00edk.<\/strong>Den\u00edk samotn\u00fd <strong data-start=\"1138\" data-end=\"1154\">nen\u00ed sou\u010d\u00e1st\u00ed balen\u00ed! <\/strong><\/p>","protected":false},"excerpt":{"rendered":"<p class=\"\" data-start=\"71\" data-end=\"361\">Dodejte sv\u00e9mu den\u00edku \u010di obl\u00edben\u00e9 knize mystick\u00fd n\u00e1dech s t\u00edmto jedine\u010dn\u00fdm ru\u010dn\u011b vyr\u00e1b\u011bn\u00fdm ko\u017een\u00fdm obalem. Na jeho povrchu se vyj\u00edm\u00e1 majest\u00e1tn\u00ed vyobrazen\u00ed Cernunna \u2013 keltsk\u00e9ho boha p\u0159\u00edrody a Str\u00e1\u017ece lesa \u2013 obklopen\u00e9ho podzimn\u00edmi dubov\u00fdmi listy, kter\u00e9 symbolizuj\u00ed prom\u011bnu a v\u011b\u010dn\u00fd kolob\u011bh \u017eivota.<\/p>\n<p class=\"\" data-start=\"363\" data-end=\"658\">Obal je vyroben z kvalitn\u00ed prav\u00e9 k\u016f\u017ee, kter\u00e1 zaji\u0161\u0165uje nejen odolnost, ale i p\u0159\u00edjemn\u00fd pocit p\u0159i doteku. Kombinace temn\u011b \u010dern\u00e9 a syt\u011b \u010derven\u00e9 barvy dod\u00e1v\u00e1 designu dramatick\u00fd kontrast a mystickou atmosf\u00e9ru. Precizn\u00ed ru\u010dn\u00ed zpracov\u00e1n\u00ed zaru\u010duje, \u017ee ka\u017ed\u00fd kus je origin\u00e1l.<\/p>\n<p class=\"\" data-start=\"660\" data-end=\"905\">\ud83d\udd39 <strong data-start=\"663\" data-end=\"676\">Materi\u00e1l:<\/strong> 100% prav\u00e1 k\u016f\u017ee<br data-start=\"697\" data-end=\"700\" \/>\ud83d\udd39 <strong data-start=\"703\" data-end=\"714\">Design:<\/strong> Cernunnos s podzimn\u00edm dubov\u00fdm list\u00edm<br data-start=\"747\" data-end=\"750\" \/>\ud83d\udd39 <strong data-start=\"753\" data-end=\"763\">Barva:<\/strong> Deep red with black patina <br data-start=\"859\" data-end=\"862\" \/>\ud83d\udd39 <strong data-start=\"865\" data-end=\"880\">Ru\u010dn\u011b vyroben\u00fd a malovan\u00fd:<\/strong> ka\u017ed\u00fd kus je origin\u00e1l<\/p>\n<p class=\"\" data-start=\"907\" data-end=\"1133\">Tento ko\u017een\u00fd obal nen\u00ed jen ochranou pro va\u0161e z\u00e1pisky a p\u0159\u00edb\u011bhy, ale tak\u00e9 siln\u00fdm symbolem spojen\u00ed s p\u0159\u00edrodou a jej\u00ed cykli\u010dnost\u00ed. Ide\u00e1ln\u00ed pro milovn\u00edky keltsk\u00e9 mytologie a mystiky.<\/p>","protected":false},"featured_media":5228,"comment_status":"open","ping_status":"closed","template":"","meta":[],"product_brand":[],"product_cat":[77],"product_tag":[280,48,285,136,279,97,231,142,244,85],"class_list":{"0":"post-5217","1":"product","2":"type-product","3":"status-publish","4":"has-post-thumbnail","6":"product_cat-leather-book-covers","7":"product_tag-book-cover","8":"product_tag-celtic","9":"product_tag-cernunnos","10":"product_tag-god","11":"product_tag-leather","12":"product_tag-leaves","13":"product_tag-nature","14":"product_tag-oak","15":"product_tag-protection","16":"product_tag-red","17":"product_shipping_class-shipping-medium-items","19":"first","20":"instock","21":"sold-individually","22":"shipping-taxable","23":"purchasable","24":"product-type-simple"},"yoast_head":"<!-- This site is optimized with the Yoast SEO plugin v27.3 - https:\/\/yoast.com\/product\/yoast-seo-wordpress\/ -->\n<title>&quot;Cernunnos&quot; Journal Cover (A5) - Kelterborn Crafts<\/title>\n<meta name=\"description\" content=\"Magical journal cover with majestic depiction of Cernunnos - the Guardian of the Forest \u2013 surrounded by autumn oak leaves. Made from high-quality leather.\" \/>\n<meta name=\"robots\" content=\"index, follow, max-snippet:-1, max-image-preview:large, max-video-preview:-1\" \/>\n<link rel=\"canonical\" href=\"https:\/\/kelterborn-crafts.com\/cz\/produkt\/cernunnos-journal-cover\/\" \/>\n<meta property=\"og:locale\" content=\"cs_CZ\" \/>\n<meta property=\"og:type\" content=\"article\" \/>\n<meta property=\"og:title\" content=\"&quot;Cernunnos&quot; Journal Cover (A5) - Kelterborn Crafts\" \/>\n<meta property=\"og:description\" content=\"Magical journal cover with majestic depiction of Cernunnos - the Guardian of the Forest \u2013 surrounded by autumn oak leaves. Made from high-quality leather.\" \/>\n<meta property=\"og:url\" content=\"https:\/\/kelterborn-crafts.com\/cz\/produkt\/cernunnos-journal-cover\/\" \/>\n<meta property=\"og:site_name\" content=\"Kelterborn Crafts\" \/>\n<meta property=\"article:publisher\" content=\"https:\/\/www.facebook.com\/KelterbornCrafts\" \/>\n<meta property=\"article:modified_time\" content=\"2026-02-27T09:43:32+00:00\" \/>\n<meta property=\"og:image\" content=\"https:\/\/kelterborn-crafts.com\/wp-content\/uploads\/2025\/03\/1743455225318abbb.jpg\" \/>\n\t<meta property=\"og:image:width\" content=\"900\" \/>\n\t<meta property=\"og:image:height\" content=\"1372\" \/>\n\t<meta property=\"og:image:type\" content=\"image\/jpeg\" \/>\n<meta name=\"twitter:card\" content=\"summary_large_image\" \/>\n<meta name=\"twitter:label1\" content=\"Odhadovan\u00e1 doba \u010dten\u00ed\" \/>\n\t<meta name=\"twitter:data1\" content=\"1 minuta\" \/>\n<script type=\"application\/ld+json\" class=\"yoast-schema-graph\">{\"@context\":\"https:\\\/\\\/schema.org\",\"@graph\":[{\"@type\":\"WebPage\",\"@id\":\"https:\\\/\\\/kelterborn-crafts.com\\\/product\\\/cernunnos-journal-cover\\\/\",\"url\":\"https:\\\/\\\/kelterborn-crafts.com\\\/product\\\/cernunnos-journal-cover\\\/\",\"name\":\"\\\"Cernunnos\\\" Journal Cover (A5) - Kelterborn Crafts\",\"isPartOf\":{\"@id\":\"https:\\\/\\\/kelterborn-crafts.com\\\/#website\"},\"primaryImageOfPage\":{\"@id\":\"https:\\\/\\\/kelterborn-crafts.com\\\/product\\\/cernunnos-journal-cover\\\/#primaryimage\"},\"image\":{\"@id\":\"https:\\\/\\\/kelterborn-crafts.com\\\/product\\\/cernunnos-journal-cover\\\/#primaryimage\"},\"thumbnailUrl\":\"https:\\\/\\\/kelterborn-crafts.com\\\/wp-content\\\/uploads\\\/2025\\\/03\\\/1743455225318abbb.jpg\",\"datePublished\":\"2025-03-31T21:12:15+00:00\",\"dateModified\":\"2026-02-27T09:43:32+00:00\",\"description\":\"Magical journal cover with majestic depiction of Cernunnos - the Guardian of the Forest \u2013 surrounded by autumn oak leaves. Made from high-quality leather.\",\"breadcrumb\":{\"@id\":\"https:\\\/\\\/kelterborn-crafts.com\\\/product\\\/cernunnos-journal-cover\\\/#breadcrumb\"},\"inLanguage\":\"cs\",\"potentialAction\":[{\"@type\":\"ReadAction\",\"target\":[\"https:\\\/\\\/kelterborn-crafts.com\\\/product\\\/cernunnos-journal-cover\\\/\"]}]},{\"@type\":\"ImageObject\",\"inLanguage\":\"cs\",\"@id\":\"https:\\\/\\\/kelterborn-crafts.com\\\/product\\\/cernunnos-journal-cover\\\/#primaryimage\",\"url\":\"https:\\\/\\\/kelterborn-crafts.com\\\/wp-content\\\/uploads\\\/2025\\\/03\\\/1743455225318abbb.jpg\",\"contentUrl\":\"https:\\\/\\\/kelterborn-crafts.com\\\/wp-content\\\/uploads\\\/2025\\\/03\\\/1743455225318abbb.jpg\",\"width\":900,\"height\":1372},{\"@type\":\"BreadcrumbList\",\"@id\":\"https:\\\/\\\/kelterborn-crafts.com\\\/product\\\/cernunnos-journal-cover\\\/#breadcrumb\",\"itemListElement\":[{\"@type\":\"ListItem\",\"position\":1,\"name\":\"Home\",\"item\":\"https:\\\/\\\/kelterborn-crafts.com\\\/\"},{\"@type\":\"ListItem\",\"position\":2,\"name\":\"Shop\",\"item\":\"https:\\\/\\\/kelterborn-crafts.com\\\/cz\\\/shop\\\/\"},{\"@type\":\"ListItem\",\"position\":3,\"name\":\"&#8220;Cernunnos&#8221; Journal Cover (A5)\"}]},{\"@type\":\"WebSite\",\"@id\":\"https:\\\/\\\/kelterborn-crafts.com\\\/#website\",\"url\":\"https:\\\/\\\/kelterborn-crafts.com\\\/\",\"name\":\"Kelterborn Crafts\",\"description\":\"Handmade Heathen Products\",\"publisher\":{\"@id\":\"https:\\\/\\\/kelterborn-crafts.com\\\/#organization\"},\"potentialAction\":[{\"@type\":\"SearchAction\",\"target\":{\"@type\":\"EntryPoint\",\"urlTemplate\":\"https:\\\/\\\/kelterborn-crafts.com\\\/?s={search_term_string}\"},\"query-input\":{\"@type\":\"PropertyValueSpecification\",\"valueRequired\":true,\"valueName\":\"search_term_string\"}}],\"inLanguage\":\"cs\"},{\"@type\":\"Organization\",\"@id\":\"https:\\\/\\\/kelterborn-crafts.com\\\/#organization\",\"name\":\"Kelterborn Crafts\",\"alternateName\":\"Kelterborn\",\"url\":\"https:\\\/\\\/kelterborn-crafts.com\\\/\",\"logo\":{\"@type\":\"ImageObject\",\"inLanguage\":\"cs\",\"@id\":\"https:\\\/\\\/kelterborn-crafts.com\\\/#\\\/schema\\\/logo\\\/image\\\/\",\"url\":\"https:\\\/\\\/kelterborn-crafts.com\\\/wp-content\\\/uploads\\\/2024\\\/01\\\/Kelterborn-crafts-logo-black.png\",\"contentUrl\":\"https:\\\/\\\/kelterborn-crafts.com\\\/wp-content\\\/uploads\\\/2024\\\/01\\\/Kelterborn-crafts-logo-black.png\",\"width\":738,\"height\":346,\"caption\":\"Kelterborn Crafts\"},\"image\":{\"@id\":\"https:\\\/\\\/kelterborn-crafts.com\\\/#\\\/schema\\\/logo\\\/image\\\/\"},\"sameAs\":[\"https:\\\/\\\/www.facebook.com\\\/KelterbornCrafts\",\"https:\\\/\\\/www.instagram.com\\\/kelterborn_crafts\\\/\",\"https:\\\/\\\/pinterest.com\\\/kelterborncrafts\\\/\"]}]}<\/script>\n<!-- \/ Yoast SEO plugin. -->","yoast_head_json":{"title":"\"Cernunnos\" Journal Cover (A5) - Kelterborn Crafts","description":"Magical journal cover with majestic depiction of Cernunnos - the Guardian of the Forest \u2013 surrounded by autumn oak leaves. Made from high-quality leather.","robots":{"index":"index","follow":"follow","max-snippet":"max-snippet:-1","max-image-preview":"max-image-preview:large","max-video-preview":"max-video-preview:-1"},"canonical":"https:\/\/kelterborn-crafts.com\/cz\/produkt\/cernunnos-journal-cover\/","og_locale":"cs_CZ","og_type":"article","og_title":"\"Cernunnos\" Journal Cover (A5) - Kelterborn Crafts","og_description":"Magical journal cover with majestic depiction of Cernunnos - the Guardian of the Forest \u2013 surrounded by autumn oak leaves. Made from high-quality leather.","og_url":"https:\/\/kelterborn-crafts.com\/cz\/produkt\/cernunnos-journal-cover\/","og_site_name":"Kelterborn Crafts","article_publisher":"https:\/\/www.facebook.com\/KelterbornCrafts","article_modified_time":"2026-02-27T09:43:32+00:00","og_image":[{"width":900,"height":1372,"url":"https:\/\/kelterborn-crafts.com\/wp-content\/uploads\/2025\/03\/1743455225318abbb.jpg","type":"image\/jpeg"}],"twitter_card":"summary_large_image","twitter_misc":{"Odhadovan\u00e1 doba \u010dten\u00ed":"1 minuta"},"schema":{"@context":"https:\/\/schema.org","@graph":[{"@type":"WebPage","@id":"https:\/\/kelterborn-crafts.com\/product\/cernunnos-journal-cover\/","url":"https:\/\/kelterborn-crafts.com\/product\/cernunnos-journal-cover\/","name":"\"Cernunnos\" Journal Cover (A5) - Kelterborn Crafts","isPartOf":{"@id":"https:\/\/kelterborn-crafts.com\/#website"},"primaryImageOfPage":{"@id":"https:\/\/kelterborn-crafts.com\/product\/cernunnos-journal-cover\/#primaryimage"},"image":{"@id":"https:\/\/kelterborn-crafts.com\/product\/cernunnos-journal-cover\/#primaryimage"},"thumbnailUrl":"https:\/\/kelterborn-crafts.com\/wp-content\/uploads\/2025\/03\/1743455225318abbb.jpg","datePublished":"2025-03-31T21:12:15+00:00","dateModified":"2026-02-27T09:43:32+00:00","description":"Magical journal cover with majestic depiction of Cernunnos - the Guardian of the Forest \u2013 surrounded by autumn oak leaves. Made from high-quality leather.","breadcrumb":{"@id":"https:\/\/kelterborn-crafts.com\/product\/cernunnos-journal-cover\/#breadcrumb"},"inLanguage":"cs","potentialAction":[{"@type":"ReadAction","target":["https:\/\/kelterborn-crafts.com\/product\/cernunnos-journal-cover\/"]}]},{"@type":"ImageObject","inLanguage":"cs","@id":"https:\/\/kelterborn-crafts.com\/product\/cernunnos-journal-cover\/#primaryimage","url":"https:\/\/kelterborn-crafts.com\/wp-content\/uploads\/2025\/03\/1743455225318abbb.jpg","contentUrl":"https:\/\/kelterborn-crafts.com\/wp-content\/uploads\/2025\/03\/1743455225318abbb.jpg","width":900,"height":1372},{"@type":"BreadcrumbList","@id":"https:\/\/kelterborn-crafts.com\/product\/cernunnos-journal-cover\/#breadcrumb","itemListElement":[{"@type":"ListItem","position":1,"name":"Home","item":"https:\/\/kelterborn-crafts.com\/"},{"@type":"ListItem","position":2,"name":"Shop","item":"https:\/\/kelterborn-crafts.com\/cz\/shop\/"},{"@type":"ListItem","position":3,"name":"&#8220;Cernunnos&#8221; Journal Cover (A5)"}]},{"@type":"WebSite","@id":"https:\/\/kelterborn-crafts.com\/#website","url":"https:\/\/kelterborn-crafts.com\/","name":"Kelterborn Crafts","description":"Handmade Heathen Products","publisher":{"@id":"https:\/\/kelterborn-crafts.com\/#organization"},"potentialAction":[{"@type":"SearchAction","target":{"@type":"EntryPoint","urlTemplate":"https:\/\/kelterborn-crafts.com\/?s={search_term_string}"},"query-input":{"@type":"PropertyValueSpecification","valueRequired":true,"valueName":"search_term_string"}}],"inLanguage":"cs"},{"@type":"Organization","@id":"https:\/\/kelterborn-crafts.com\/#organization","name":"Kelterborn Crafts","alternateName":"Kelterborn","url":"https:\/\/kelterborn-crafts.com\/","logo":{"@type":"ImageObject","inLanguage":"cs","@id":"https:\/\/kelterborn-crafts.com\/#\/schema\/logo\/image\/","url":"https:\/\/kelterborn-crafts.com\/wp-content\/uploads\/2024\/01\/Kelterborn-crafts-logo-black.png","contentUrl":"https:\/\/kelterborn-crafts.com\/wp-content\/uploads\/2024\/01\/Kelterborn-crafts-logo-black.png","width":738,"height":346,"caption":"Kelterborn Crafts"},"image":{"@id":"https:\/\/kelterborn-crafts.com\/#\/schema\/logo\/image\/"},"sameAs":["https:\/\/www.facebook.com\/KelterbornCrafts","https:\/\/www.instagram.com\/kelterborn_crafts\/","https:\/\/pinterest.com\/kelterborncrafts\/"]}]}},"jetpack_sharing_enabled":true,"_links":{"self":[{"href":"https:\/\/kelterborn-crafts.com\/cz\/wp-json\/wp\/v2\/product\/5217","targetHints":{"allow":["GET"]}}],"collection":[{"href":"https:\/\/kelterborn-crafts.com\/cz\/wp-json\/wp\/v2\/product"}],"about":[{"href":"https:\/\/kelterborn-crafts.com\/cz\/wp-json\/wp\/v2\/types\/product"}],"replies":[{"embeddable":true,"href":"https:\/\/kelterborn-crafts.com\/cz\/wp-json\/wp\/v2\/comments?post=5217"}],"version-history":[{"count":5,"href":"https:\/\/kelterborn-crafts.com\/cz\/wp-json\/wp\/v2\/product\/5217\/revisions"}],"predecessor-version":[{"id":5221,"href":"https:\/\/kelterborn-crafts.com\/cz\/wp-json\/wp\/v2\/product\/5217\/revisions\/5221"}],"wp:featuredmedia":[{"embeddable":true,"href":"https:\/\/kelterborn-crafts.com\/cz\/wp-json\/wp\/v2\/media\/5228"}],"wp:attachment":[{"href":"https:\/\/kelterborn-crafts.com\/cz\/wp-json\/wp\/v2\/media?parent=5217"}],"wp:term":[{"taxonomy":"product_brand","embeddable":true,"href":"https:\/\/kelterborn-crafts.com\/cz\/wp-json\/wp\/v2\/product_brand?post=5217"},{"taxonomy":"product_cat","embeddable":true,"href":"https:\/\/kelterborn-crafts.com\/cz\/wp-json\/wp\/v2\/product_cat?post=5217"},{"taxonomy":"product_tag","embeddable":true,"href":"https:\/\/kelterborn-crafts.com\/cz\/wp-json\/wp\/v2\/product_tag?post=5217"}],"curies":[{"name":"wp","href":"https:\/\/api.w.org\/{rel}","templated":true}]}}